{"id":1808,"date":"2022-01-28T12:47:04","date_gmt":"2022-01-28T12:47:04","guid":{"rendered":"https:\/\/bicycles4ever.com\/?page_id=1808"},"modified":"2025-10-21T09:09:23","modified_gmt":"2025-10-21T09:09:23","slug":"politique-de-cookies","status":"publish","type":"page","link":"https:\/\/bicycles4ever.com\/fr\/politique-de-cookies\/","title":{"rendered":"Politique de cookies"},"content":{"rendered":"\n<div class=\"container section-title-container\" ><h2 class=\"section-title section-title-center\"><b aria-hidden=\"true\"><\/b><span class=\"section-title-main\" >Politique de cookies<\/span><b aria-hidden=\"true\"><\/b><\/h2><\/div>\n\n<p>Sur le site <a title=\"https:\/\/bicycles4ever.com\/fr\/\" href=\"https:\/\/bicycles4ever.com\/fr\/\" target=\"_blank\" rel=\"noopener\"><strong>https:\/\/bicycles4ever.com\/fr\/<\/strong><\/a>, nous utilisons des cookies afin de rendre votre exp\u00e9rience de navigation plus simple et plus utile. Ci-dessous, pour votre information et votre s\u00e9curit\u00e9, nous expliquons ce que sont les cookies, \u00e0 quoi ils servent, quels types de cookies nous utilisons sur notre page et \u00e0 quelles fins, afin que vous puissiez naviguer en toute s\u00e9r\u00e9nit\u00e9 et, si vous le souhaitez, les configurer ou les d\u00e9sactiver selon vos pr\u00e9f\u00e9rences.<\/p>\n<h3>Qu\u2019est-ce qu\u2019un cookie\u00a0?<\/h3>\n<p>Un cookie est un fichier qui est enregistr\u00e9 sur l\u2019\u00e9quipement terminal d\u2019un utilisateur dans le but de stocker des donn\u00e9es pouvant \u00eatre mises \u00e0 jour et r\u00e9cup\u00e9r\u00e9es par l\u2019entit\u00e9 responsable de son installation.<\/p>\n<p>Aujourd\u2019hui, la plupart des sites web, y compris <a title=\"https:\/\/bicycles4ever.com\/fr\/\" href=\"https:\/\/bicycles4ever.com\/fr\/\" target=\"_blank\" rel=\"noopener\"><strong>https:\/\/bicycles4ever.com\/fr\/<\/strong><\/a>, utilisent des cookies pour am\u00e9liorer la qualit\u00e9 de la navigation et permettre le fonctionnement du site de mani\u00e8re utile et logique pour l\u2019utilisateur (par exemple, nous utilisons des cookies pour conserver les produits que vous ajoutez au panier au fur et \u00e0 mesure de votre navigation). Ils peuvent \u00e9galement \u00eatre utilis\u00e9s pour recueillir des informations statistiques sur l\u2019utilisation que les utilisateurs font du site web, afin de l\u2019am\u00e9liorer et de le rendre plus utile pour vous.<\/p>\n<h2>Quels types de cookies existent\u00a0?<\/h2>\n<p>Selon l\u2019entit\u00e9 qui g\u00e8re les cookies, on distingue\u00a0:<\/p>\n<ul>\n<li><strong>Cookies internes (first-party)<\/strong> : envoy\u00e9s \u00e0 l\u2019\u00e9quipement terminal de l\u2019utilisateur depuis un \u00e9quipement ou un domaine g\u00e9r\u00e9 par l\u2019\u00e9diteur lui-m\u00eame et depuis lequel est fourni le service demand\u00e9 par l\u2019utilisateur.<\/li>\n<li><strong>Cookies tiers (third-party)<\/strong> : envoy\u00e9s \u00e0 l\u2019\u00e9quipement terminal de l\u2019utilisateur depuis un \u00e9quipement ou un domaine qui n\u2019est pas g\u00e9r\u00e9 par l\u2019\u00e9diteur, mais par une autre entit\u00e9 qui traite les donn\u00e9es obtenues par le biais des cookies.<\/li>\n<\/ul>\n<p>Selon la dur\u00e9e de conservation sur l\u2019\u00e9quipement terminal, on distingue\u00a0:<\/p>\n<ul>\n<li><strong>Cookies de session<\/strong> : permettent de recueillir et de stocker des donn\u00e9es pendant que l\u2019utilisateur acc\u00e8de \u00e0 une page web. Ils servent \u00e0 conserver des informations uniquement pendant la session en cours.<\/li>\n<li><strong>Cookies persistants<\/strong> : les donn\u00e9es restent stock\u00e9es sur le terminal et peuvent \u00eatre consult\u00e9es et trait\u00e9es pendant une p\u00e9riode d\u00e9finie par le responsable du cookie.<\/li>\n<\/ul>\n<p>Enfin, selon leur finalit\u00e9, on distingue\u00a0:<\/p>\n<ul>\n<li><strong>Cookies techniques<\/strong> : permettent la navigation sur un site web et l\u2019utilisation de diff\u00e9rentes options ou services qui y existent, par exemple identifier la session, m\u00e9moriser les \u00e9l\u00e9ments d\u2019une commande, r\u00e9aliser le processus d\u2019achat, effectuer une demande d\u2019inscription, utiliser des \u00e9l\u00e9ments de s\u00e9curit\u00e9 pendant la navigation ou partager des contenus via les r\u00e9seaux sociaux.<\/li>\n<li><strong>Cookies de personnalisation<\/strong> : permettent \u00e0 l\u2019utilisateur d\u2019acc\u00e9der au service avec certaines caract\u00e9ristiques pr\u00e9d\u00e9finies, par exemple la langue ou le type de navigateur par lequel il acc\u00e8de au service.<\/li>\n<li><strong>Cookies d\u2019analyse<\/strong> : permettent le suivi et l\u2019analyse du comportement des utilisateurs des sites web. Les informations recueillies \u00e0 l\u2019aide de ce type de cookies sont utilis\u00e9es afin d\u2019introduire des am\u00e9liorations en fonction de l\u2019analyse des donn\u00e9es d\u2019utilisation faites par les utilisateurs du service.<\/li>\n<li><strong>Cookies publicitaires<\/strong> : permettent la gestion des espaces publicitaires que l\u2019\u00e9diteur a \u00e9ventuellement inclus sur une page web.<\/li>\n<li><strong>Cookies de publicit\u00e9 comportementale<\/strong> : permettent la gestion des espaces publicitaires en stockant des informations sur le comportement des utilisateurs obtenues par l\u2019observation continue de leurs habitudes de navigation, ce qui permet d\u2019\u00e9laborer un profil sp\u00e9cifique pour afficher de la publicit\u00e9 en fonction de celui-ci.<\/li>\n<\/ul>\n<h3>Quels cookies utilise Bicycles4ever Cycling Culture Fran\u00e7ais<\/h3>\n<p>Ci-dessous, nous expliquons quels types de cookies nous utilisons sur notre site et \u00e0 quelles fins\u00a0:<\/p>\n<ul>\n<li><strong>Cookies strictement n\u00e9cessaires<\/strong><\/li>\n<\/ul>\n<p>Il s\u2019agit de cookies techniques et de personnalisation indispensables \u00e0 la navigation sur le site web, facilitant pour l\u2019utilisateur l\u2019utilisation de fonctionnalit\u00e9s ou d\u2019outils, tels que l\u2019identification de la session, l\u2019acc\u00e8s \u00e0 des contenus restreints, la m\u00e9morisation du contenu du panier, la r\u00e9alisation du processus d\u2019achat ou la configuration de la langue. Sans ces cookies, bon nombre de ces fonctionnalit\u00e9s seraient d\u00e9sactiv\u00e9es.<\/p>\n<ul>\n<li><strong>Cookies d\u2019analyse<\/strong><\/li>\n<\/ul>\n<p>Dans ce cas, nous utilisons des cookies de tiers, fournis par Google Analytics, un service d\u2019analyse de trafic web offert par Google, Inc.<\/p>\n<p>Google Analytics utilise des cookies pour faciliter l\u2019analyse de l\u2019usage que les utilisateurs font du site web. Pour plus d\u2019informations, vous pouvez consulter le site de <strong><a href=\"https:\/\/marketingplatform.google.com\/about\/analytics\/\" target=\"_blank\" rel=\"noreferrer noopener nofollow\" aria-label=\" (opens in a new tab)\">Google Analytics<\/a><\/strong>.<\/p>\n<h3>Comment g\u00e9rer ou d\u00e9sactiver vos cookies<\/h3>\n<p>Via les options de votre navigateur, vous pouvez autoriser ou bloquer les cookies qui seront install\u00e9s sur votre \u00e9quipement, ou m\u00eame supprimer les cookies d\u00e9j\u00e0 install\u00e9s.<\/p>\n<p>Si vous bloquez les cookies de <a title=\"https:\/\/bicycles4ever.com\/fr\/\" href=\"https:\/\/bicycles4ever.com\/fr\/\" target=\"_blank\" rel=\"noopener\"><strong>https:\/\/bicycles4ever.com\/fr\/<\/strong><\/a>\u00a0sur votre \u00e9quipement, il est possible que vous ne puissiez pas acc\u00e9der \u00e0 certains services ou que votre exp\u00e9rience de navigation ne soit pas optimale.<\/p>\n<p>Vous trouverez ci-apr\u00e8s des liens expliquant comment g\u00e9rer les cookies dans les navigateurs les plus utilis\u00e9s\u00a0:<\/p>\n<ul>\n<li><strong><a href=\"https:\/\/support.microsoft.com\/es-es\/help\/17442\/windows-internet-explorer-delete-manage-cookies\" target=\"_blank\" rel=\"noreferrer noopener nofollow\" aria-label=\"Internet Explorer (opens in a new tab)\">Internet Explorer<\/a><\/strong><\/li>\n<li><strong><a href=\"https:\/\/support.google.com\/chrome\/answer\/95647?hl=es\" target=\"_blank\" rel=\"noreferrer noopener nofollow\" aria-label=\" (opens in a new tab)\">Google Chrome<\/a><\/strong><\/li>\n<li><strong><a href=\"https:\/\/support.mozilla.org\/es\/kb\/habilitar-y-deshabilitar-cookies-sitios-web-rastrear-preferencias\" target=\"_blank\" rel=\"noreferrer noopener nofollow\" aria-label=\" (opens in a new tab)\">Mozilla Firefox<\/a><\/strong><\/li>\n<li><strong><a href=\"https:\/\/support.apple.com\/es-es\/guide\/safari\/sfri11471\/mac\" target=\"_blank\" rel=\"noreferrer noopener nofollow\" aria-label=\" (opens in a new tab)\">Safari<\/a><\/strong><\/li>\n<li><strong><a href=\"https:\/\/support.google.com\/chrome\/answer\/114662?hl=es\" target=\"_blank\" rel=\"noreferrer noopener nofollow\" aria-label=\" (opens in a new tab)\">Chrome pour Android<\/a><\/strong><\/li>\n<\/ul>\n<p>Sur le site<a title=\"https:\/\/bicycles4ever.com\/fr\/\" href=\"https:\/\/bicycles4ever.com\/fr\/\" target=\"_blank\" rel=\"noopener\"><strong> https:\/\/bicycles4ever.com\/fr\/<\/strong><\/a>, nous nous soucions de votre s\u00e9curit\u00e9 et nous ne stockons aucune donn\u00e9e de nos utilisateurs, sauf s\u2019ils se sont enregistr\u00e9s volontairement afin d\u2019effectuer des achats de produits, d\u2019acc\u00e9der aux services que nous mettons \u00e0 leur disposition ou de recevoir des informations sur des promotions et des contenus susceptibles de les int\u00e9resser.<\/p>\n<p>En naviguant et en poursuivant votre visite sur notre site, vous indiquez que vous consentez \u00e0 l\u2019utilisation des cookies susmentionn\u00e9s et dans les conditions pr\u00e9vues par la pr\u00e9sente <strong>Politique de cookies<\/strong>.<\/p>\n\n","protected":false},"excerpt":{"rendered":"","protected":false},"author":1,"featured_media":0,"parent":0,"menu_order":0,"comment_status":"closed","ping_status":"closed","template":"","meta":{"_trash_the_other_posts":false,"editor_notices":[],"footnotes":""},"class_list":["post-1808","page","type-page","status-publish","hentry"],"_links":{"self":[{"href":"https:\/\/bicycles4ever.com\/fr\/wp-json\/wp\/v2\/pages\/1808","targetHints":{"allow":["GET"]}}],"collection":[{"href":"https:\/\/bicycles4ever.com\/fr\/wp-json\/wp\/v2\/pages"}],"about":[{"href":"https:\/\/bicycles4ever.com\/fr\/wp-json\/wp\/v2\/types\/page"}],"author":[{"embeddable":true,"href":"https:\/\/bicycles4ever.com\/fr\/wp-json\/wp\/v2\/users\/1"}],"replies":[{"embeddable":true,"href":"https:\/\/bicycles4ever.com\/fr\/wp-json\/wp\/v2\/comments?post=1808"}],"version-history":[{"count":8,"href":"https:\/\/bicycles4ever.com\/fr\/wp-json\/wp\/v2\/pages\/1808\/revisions"}],"predecessor-version":[{"id":39730,"href":"https:\/\/bicycles4ever.com\/fr\/wp-json\/wp\/v2\/pages\/1808\/revisions\/39730"}],"wp:attachment":[{"href":"https:\/\/bicycles4ever.com\/fr\/wp-json\/wp\/v2\/media?parent=1808"}],"curies":[{"name":"wp","href":"https:\/\/api.w.org\/{rel}","templated":true}]}}