{"id":1818,"date":"2022-01-28T22:03:15","date_gmt":"2022-01-28T22:03:15","guid":{"rendered":"https:\/\/bicycles4ever.com\/?page_id=1818"},"modified":"2025-10-21T09:05:44","modified_gmt":"2025-10-21T09:05:44","slug":"politique-de-confidentialite","status":"publish","type":"page","link":"https:\/\/bicycles4ever.com\/fr\/politique-de-confidentialite\/","title":{"rendered":"Politique de confidentialit\u00e9"},"content":{"rendered":"\n<div class=\"container section-title-container\" ><h2 class=\"section-title section-title-center\"><b aria-hidden=\"true\"><\/b><span class=\"section-title-main\" >Politique de confidentialit\u00e9<\/span><b aria-hidden=\"true\"><\/b><\/h2><\/div>\n\n<p><\/p>\n<p>La pr\u00e9sente <strong>Politique de confidentialit\u00e9<\/strong> \u00e9tablit les conditions dans lesquelles le site <a title=\"https:\/\/bicycles4ever.com\/fr\/\" href=\"http:\/\/bicycles4ever.com\/fr\/\" target=\"_blank\" rel=\"noopener\"><strong>bicycles4ever.com\/fr\/<\/strong><\/a> utilise et prot\u00e8ge les informations fournies par ses utilisateurs lors de l\u2019utilisation de ce site web. Notre entreprise s\u2019engage \u00e0 garantir la s\u00e9curit\u00e9 des donn\u00e9es de ses utilisateurs. Lorsque nous vous demandons de renseigner des champs d\u2019informations personnelles permettant de vous identifier, nous le faisons en veillant \u00e0 ce qu\u2019elles ne soient utilis\u00e9es qu\u2019en conformit\u00e9 avec les termes du pr\u00e9sent document. Cependant, cette Politique de confidentialit\u00e9 peut \u00eatre modifi\u00e9e ou mise \u00e0 jour au fil du temps ; nous vous recommandons donc de consulter r\u00e9guli\u00e8rement cette page afin de vous assurer que vous acceptez ces \u00e9ventuelles modifications.<\/p>\n<p> <\/p>\n<h3 class=\"wp-block-heading\">Informations recueillies<\/h3>\n<p> <\/p>\n<p>Notre site web <a title=\"https:\/\/bicycles4ever.com\/fr\/\" href=\"http:\/\/bicycles4ever.com\/fr\/\" target=\"_blank\" rel=\"noopener\"><strong>bicycles4ever.com\/fr\/<\/strong><\/a> peut recueillir des informations personnelles telles que&nbsp;: nom, coordonn\u00e9es de contact (par exemple votre adresse e-mail) et informations d\u00e9mographiques. Le cas \u00e9ch\u00e9ant, des informations sp\u00e9cifiques pourront \u00e9galement \u00eatre demand\u00e9es afin de traiter une commande, r\u00e9aliser une livraison ou \u00e9mettre une facture.<\/p>\n<p> <\/p>\n<h3 class=\"wp-block-heading\">Utilisation des informations recueillies<\/h3>\n<p> <\/p>\n<p>Notre site web <a title=\"https:\/\/bicycles4ever.com\/fr\/\" href=\"http:\/\/bicycles4ever.com\/fr\/\" target=\"_blank\" rel=\"noopener\"><strong>bicycles4ever.com\/fr\/<\/strong><\/a> utilise ces informations dans le but de fournir le meilleur service possible, notamment pour tenir \u00e0 jour un registre des utilisateurs, des commandes le cas \u00e9ch\u00e9ant, et pour am\u00e9liorer nos produits et services. Il est possible que nous envoyions p\u00e9riodiquement des e-mails via notre site contenant des offres sp\u00e9ciales, des nouveaux produits ou d\u2019autres informations promotionnelles que nous estimons pertinentes pour vous ou susceptibles de vous int\u00e9resser ; ces courriels seront envoy\u00e9s \u00e0 l\u2019adresse que vous nous avez fournie et vous pourrez vous en d\u00e9sabonner \u00e0 tout moment.<\/p>\n<p> <\/p>\n<p>Le site <a title=\"https:\/\/bicycles4ever.com\/fr\/\" href=\"http:\/\/bicycles4ever.com\/fr\/\" target=\"_blank\" rel=\"noopener\"><strong>bicycles4ever.com\/fr\/<\/strong><\/a> s\u2019engage fermement \u00e0 respecter l\u2019obligation de maintenir vos informations en s\u00e9curit\u00e9. Nous utilisons des syst\u00e8mes avanc\u00e9s que nous mettons r\u00e9guli\u00e8rement \u00e0 jour afin d\u2019emp\u00eacher tout acc\u00e8s non autoris\u00e9.<\/p>\n<p> <\/p>\n<h3 class=\"wp-block-heading\">Cookies<\/h3>\n<p> <\/p>\n<p>Un cookie est un fichier envoy\u00e9 afin de solliciter l\u2019autorisation d\u2019\u00eatre stock\u00e9 sur votre ordinateur ; une fois accept\u00e9, le cookie est cr\u00e9\u00e9 et sert \u00e0 obtenir des informations relatives au trafic web, tout en facilitant vos visites futures sur un site que vous consultez r\u00e9guli\u00e8rement. Une autre fonction des cookies est de permettre aux sites web de vous reconna\u00eetre individuellement et, par cons\u00e9quent, de vous offrir un service plus personnalis\u00e9.<\/p>\n<p> <\/p>\n<p>Notre site <a title=\"https:\/\/bicycles4ever.com\/fr\/\" href=\"http:\/\/bicycles4ever.com\/fr\/\" target=\"_blank\" rel=\"noopener\"><strong>bicycles4ever.com\/fr\/<\/strong><\/a> utilise des cookies afin d\u2019identifier les pages consult\u00e9es et la fr\u00e9quence de ces visites. Ces informations sont utilis\u00e9es exclusivement \u00e0 des fins d\u2019analyse statistique, puis supprim\u00e9es de mani\u00e8re permanente. Vous pouvez supprimer les cookies \u00e0 tout moment depuis votre ordinateur. Toutefois, les cookies contribuent \u00e0 am\u00e9liorer le service offert par les sites web&nbsp;: ils ne donnent pas acc\u00e8s \u00e0 des informations de votre ordinateur ni \u00e0 des donn\u00e9es personnelles, sauf si vous les fournissez volontairement. Vous pouvez accepter ou refuser les cookies ; n\u00e9anmoins, la plupart des navigateurs les acceptent automatiquement afin d\u2019am\u00e9liorer l\u2019exp\u00e9rience de navigation. Vous pouvez \u00e9galement modifier la configuration de votre navigateur pour refuser les cookies. Si vous les refusez, il est possible que certains de nos services ne soient pas accessibles.<\/p>\n<p> <\/p>\n<h3 class=\"wp-block-heading\">Liens vers des tiers<\/h3>\n<p> <\/p>\n<p>Ce site web <a title=\"https:\/\/bicycles4ever.com\/fr\/\" href=\"http:\/\/bicycles4ever.com\/fr\/\" target=\"_blank\" rel=\"noopener\"><strong>bicycles4ever.com\/fr\/<\/strong><\/a> peut contenir des liens vers d\u2019autres sites susceptibles de vous int\u00e9resser. Une fois que vous cliquez sur ces liens et quittez notre page, nous n\u2019avons plus de contr\u00f4le sur le site vers lequel vous \u00eates redirig\u00e9 ; nous ne pouvons donc pas \u00eatre tenus responsables des termes, de la confidentialit\u00e9 ni de la protection de vos donn\u00e9es sur ces sites tiers. Ces sites sont soumis \u00e0 leurs propres politiques de confidentialit\u00e9 ; il est recommand\u00e9 de les consulter afin de v\u00e9rifier que vous en acceptez les conditions.<\/p>\n<p> <\/p>\n<h3 class=\"wp-block-heading\">Contr\u00f4le de vos informations personnelles<\/h3>\n<p> <\/p>\n<p>\u00c0 tout moment, vous pouvez restreindre la collecte ou l\u2019utilisation des informations personnelles fournies sur notre site web. Chaque fois qu\u2019il vous est demand\u00e9 de remplir un formulaire (par exemple, lors de la cr\u00e9ation de compte), vous pouvez cocher ou d\u00e9cocher l\u2019option permettant de recevoir des informations par e-mail. Si vous avez choisi de recevoir notre newsletter ou des communications publicitaires, vous pouvez vous en d\u00e9sabonner \u00e0 tout moment.<\/p>\n<p> <\/p>\n<p>Notre entreprise ne vendra, ne c\u00e9dera ni ne distribuera les informations personnelles recueillies sans votre consentement, sauf si cela est requis par d\u00e9cision judiciaire.<\/p>\n<p> <\/p>\n<p>Le site <a title=\"https:\/\/bicycles4ever.com\/fr\/\" href=\"http:\/\/bicycles4ever.com\/fr\/\" target=\"_blank\" rel=\"noopener\"><strong>bicycles4ever.com\/fr\/<\/strong><\/a> se r\u00e9serve le droit de modifier les termes de la pr\u00e9sente Politique de confidentialit\u00e9 \u00e0 tout moment.<\/p>\n<p><\/p>\n\n\n","protected":false},"excerpt":{"rendered":"","protected":false},"author":1,"featured_media":0,"parent":0,"menu_order":0,"comment_status":"closed","ping_status":"closed","template":"","meta":{"_trash_the_other_posts":false,"editor_notices":[],"footnotes":""},"class_list":["post-1818","page","type-page","status-publish","hentry"],"_links":{"self":[{"href":"https:\/\/bicycles4ever.com\/fr\/wp-json\/wp\/v2\/pages\/1818","targetHints":{"allow":["GET"]}}],"collection":[{"href":"https:\/\/bicycles4ever.com\/fr\/wp-json\/wp\/v2\/pages"}],"about":[{"href":"https:\/\/bicycles4ever.com\/fr\/wp-json\/wp\/v2\/types\/page"}],"author":[{"embeddable":true,"href":"https:\/\/bicycles4ever.com\/fr\/wp-json\/wp\/v2\/users\/1"}],"replies":[{"embeddable":true,"href":"https:\/\/bicycles4ever.com\/fr\/wp-json\/wp\/v2\/comments?post=1818"}],"version-history":[{"count":9,"href":"https:\/\/bicycles4ever.com\/fr\/wp-json\/wp\/v2\/pages\/1818\/revisions"}],"predecessor-version":[{"id":39738,"href":"https:\/\/bicycles4ever.com\/fr\/wp-json\/wp\/v2\/pages\/1818\/revisions\/39738"}],"wp:attachment":[{"href":"https:\/\/bicycles4ever.com\/fr\/wp-json\/wp\/v2\/media?parent=1818"}],"curies":[{"name":"wp","href":"https:\/\/api.w.org\/{rel}","templated":true}]}}