{"id":7055,"date":"2013-08-11T19:22:53","date_gmt":"2013-08-11T19:22:53","guid":{"rendered":"http:\/\/localhost:8888\/test\/?page_id=532"},"modified":"2013-08-11T19:22:53","modified_gmt":"2013-08-11T19:22:53","slug":"contacto","status":"publish","type":"page","link":"https:\/\/bicycles4ever.com\/fr\/contacto\/","title":{"rendered":"Contacto"},"content":{"rendered":"\n\t<div id=\"gap-827517081\" class=\"gap-element clearfix\" style=\"display:block; height:auto;\">\n\t\t\n<style>\n#gap-827517081 {\n  padding-top: 15px;\n}\n<\/style>\n\t<\/div>\n\t\n\n<div class=\"container section-title-container\" ><h2 class=\"section-title section-title-bold-center\"><b aria-hidden=\"true\"><\/b><span class=\"section-title-main\" >Contacto BICYCLES4EVER CYCLING CULTURE<\/span><b aria-hidden=\"true\"><\/b><\/h2><\/div>\n\n<div class=\"row\"  id=\"row-1904114500\">\n\n\n\t<div id=\"col-2013495121\" class=\"col large-12\"  >\n\t\t\t\t<div class=\"col-inner\"  >\n\t\t\t\n\t\t\t\n\n<div class=\"is-divider divider clearfix\" ><\/div>\n\n<p>Si necesitas nuestra ayuda o informaci\u00f3n adicional sobre la actividad y productos que vendemos en Bicycles4ever Cycling Boutique, puedes contactarnos rellenando el siguiente formulario.<\/p>\n<p class=\"wpcf7-contact-form-not-found\"><strong>Erreur\u00a0:<\/strong> Formulaire de contact non trouv\u00e9\u00a0!<\/p>\n<div class=\"container section-title-container\" ><h3 class=\"section-title section-title-center\"><b aria-hidden=\"true\"><\/b><span class=\"section-title-main\" >Preguntas frecuentes<\/span><b aria-hidden=\"true\"><\/b><\/h3><\/div>\n\n<p class=\"lead\">Por favor lea nuestras <a href=\"https:\/\/bicycles4ever.intercambionaespanha.com\/preguntas-frecuentes\/\" target=\"_blank\" rel=\"noopener nofollow\"><strong>preguntas frecuentes<\/strong><\/a> antes de enviarnos un mensaje.<\/p>\n<a href=\"https:\/\/bicycles4ever.intercambionaespanha.com\/preguntas-frecuentes\/\" target=\"_blank\" class=\"button secondary is-shade is-large box-shadow-4 box-shadow-5-hover\" rel=\"noopener nofollow\" style=\"border-radius:14px;\">\n\t\t<span>PREGUNTAS FRECUENTES<\/span>\n\t<i class=\"icon-angle-right\" aria-hidden=\"true\"><\/i><\/a>\n\n\n<div class=\"is-divider divider clearfix\" ><\/div>\n\n<div class=\"container section-title-container\" ><h3 class=\"section-title section-title-bold-center\"><b aria-hidden=\"true\"><\/b><span class=\"section-title-main\" >BICYCLES4EVER CYCLING CULTURE<\/span><b aria-hidden=\"true\"><\/b><\/h3><\/div>\n\n\t\n  \n    <div class=\"row large-columns-4 medium-columns-3 small-columns-2 row-small slider row-slider slider-nav-reveal slider-nav-push\"  data-flickity-options='{&quot;imagesLoaded&quot;: true, &quot;groupCells&quot;: &quot;100%&quot;, &quot;dragThreshold&quot; : 5, &quot;cellAlign&quot;: &quot;left&quot;,&quot;wrapAround&quot;: true,&quot;prevNextButtons&quot;: true,&quot;percentPosition&quot;: true,&quot;pageDots&quot;: false, &quot;rightToLeft&quot;: false, &quot;autoPlay&quot; : false}' >\n\n  <\/div>\n\n\n  \n    <div class=\"row large-columns-4 medium-columns-3 small-columns-2 row-small\" >\n  <div class=\"product-category col\" >\n            <div class=\"col-inner\">\n              <a aria-label=\"Acc\u00e9der \u00e0 la cat\u00e9gorie de produits Cascos Spiuk\" href=\"https:\/\/bicycles4ever.com\/fr\/cascos-spiuk\/\">                <div class=\"box box-category has-hover box-badge hover-dark \">\n                <div class=\"box-image\" >\n                  <div class=\"\" >\n                  <img loading=\"lazy\" decoding=\"async\" src=\"https:\/\/bicycles4ever.com\/fr\/wp-content\/uploads\/sites\/5\/woocommerce-placeholder-300x300.webp\" alt=\"Cascos Spiuk\" width=\"300\" height=\"300\" title=\"\">                                                      <\/div>\n                <\/div>\n                <div class=\"box-text text-center\" >\n                  <div class=\"box-text-inner\">\n                      <h5 class=\"uppercase header-title\">\n                              Cascos Spiuk                      <\/h5>\n                                            <p class=\"is-xsmall uppercase count \">\n\t                      11 Produits                      <\/p>\n                                            \n                  <\/div>\n                <\/div>\n                <\/div>\n            <\/a>            <\/div>\n            <\/div><div class=\"product-category col\" >\n            <div class=\"col-inner\">\n              <a aria-label=\"Acc\u00e9der \u00e0 la cat\u00e9gorie de produits Chalecos Spiuk\" href=\"https:\/\/bicycles4ever.com\/fr\/chalecos-spiuk\/\">                <div class=\"box box-category has-hover box-badge hover-dark \">\n                <div class=\"box-image\" >\n                  <div class=\"\" >\n                  <img loading=\"lazy\" decoding=\"async\" src=\"https:\/\/bicycles4ever.com\/fr\/wp-content\/uploads\/sites\/5\/woocommerce-placeholder-300x300.webp\" alt=\"Chalecos Spiuk\" width=\"300\" height=\"300\" title=\"\">                                                      <\/div>\n                <\/div>\n                <div class=\"box-text text-center\" >\n                  <div class=\"box-text-inner\">\n                      <h5 class=\"uppercase header-title\">\n                              Chalecos Spiuk                      <\/h5>\n                                            <p class=\"is-xsmall uppercase count \">\n\t                      2 Produits                      <\/p>\n                                            \n                  <\/div>\n                <\/div>\n                <\/div>\n            <\/a>            <\/div>\n            <\/div><div class=\"product-category col\" >\n            <div class=\"col-inner\">\n              <a aria-label=\"Acc\u00e9der \u00e0 la cat\u00e9gorie de produits Chaquetas Spiuk\" href=\"https:\/\/bicycles4ever.com\/fr\/chaquetas-spiuk\/\">                <div class=\"box box-category has-hover box-badge hover-dark \">\n                <div class=\"box-image\" >\n                  <div class=\"\" >\n                  <img loading=\"lazy\" decoding=\"async\" src=\"https:\/\/bicycles4ever.com\/fr\/wp-content\/uploads\/sites\/5\/woocommerce-placeholder-300x300.webp\" alt=\"Chaquetas Spiuk\" width=\"300\" height=\"300\" title=\"\">                                                      <\/div>\n                <\/div>\n                <div class=\"box-text text-center\" >\n                  <div class=\"box-text-inner\">\n                      <h5 class=\"uppercase header-title\">\n                              Chaquetas Spiuk                      <\/h5>\n                                            <p class=\"is-xsmall uppercase count \">\n\t                      4 Produits                      <\/p>\n                                            \n                  <\/div>\n                <\/div>\n                <\/div>\n            <\/a>            <\/div>\n            <\/div><div class=\"product-category col\" >\n            <div class=\"col-inner\">\n              <a aria-label=\"Acc\u00e9der \u00e0 la cat\u00e9gorie de produits Complementos Spiuk\" href=\"https:\/\/bicycles4ever.com\/fr\/complementos-spiuk\/\">                <div class=\"box box-category has-hover box-badge hover-dark \">\n                <div class=\"box-image\" >\n                  <div class=\"\" >\n                  <img loading=\"lazy\" decoding=\"async\" src=\"https:\/\/bicycles4ever.com\/fr\/wp-content\/uploads\/sites\/5\/woocommerce-placeholder-300x300.webp\" alt=\"Complementos Spiuk\" width=\"300\" height=\"300\" title=\"\">                                                      <\/div>\n                <\/div>\n                <div class=\"box-text text-center\" >\n                  <div class=\"box-text-inner\">\n                      <h5 class=\"uppercase header-title\">\n                              Complementos Spiuk                      <\/h5>\n                                            <p class=\"is-xsmall uppercase count \">\n\t                      29 Produits                      <\/p>\n                                            \n                  <\/div>\n                <\/div>\n                <\/div>\n            <\/a>            <\/div>\n            <\/div><div class=\"product-category col\" >\n            <div class=\"col-inner\">\n              <a aria-label=\"Acc\u00e9der \u00e0 la cat\u00e9gorie de produits Culottes Spiuk\" href=\"https:\/\/bicycles4ever.com\/fr\/culottes-spiuk\/\">                <div class=\"box box-category has-hover box-badge hover-dark \">\n                <div class=\"box-image\" >\n                  <div class=\"\" >\n                  <img loading=\"lazy\" decoding=\"async\" src=\"https:\/\/bicycles4ever.com\/fr\/wp-content\/uploads\/sites\/5\/woocommerce-placeholder-300x300.webp\" alt=\"Culottes Spiuk\" width=\"300\" height=\"300\" title=\"\">                                                      <\/div>\n                <\/div>\n                <div class=\"box-text text-center\" >\n                  <div class=\"box-text-inner\">\n                      <h5 class=\"uppercase header-title\">\n                              Culottes Spiuk                      <\/h5>\n                                            <p class=\"is-xsmall uppercase count \">\n\t                      10 Produits                      <\/p>\n                                            \n                  <\/div>\n                <\/div>\n                <\/div>\n            <\/a>            <\/div>\n            <\/div><div class=\"product-category col\" >\n            <div class=\"col-inner\">\n              <a aria-label=\"Acc\u00e9der \u00e0 la cat\u00e9gorie de produits Gafas Spiuk\" href=\"https:\/\/bicycles4ever.com\/fr\/gafas-spiuk\/\">                <div class=\"box box-category has-hover box-badge hover-dark \">\n                <div class=\"box-image\" >\n                  <div class=\"\" >\n                  <img loading=\"lazy\" decoding=\"async\" src=\"https:\/\/bicycles4ever.com\/fr\/wp-content\/uploads\/sites\/5\/woocommerce-placeholder-300x300.webp\" alt=\"Gafas Spiuk\" width=\"300\" height=\"300\" title=\"\">                                                      <\/div>\n                <\/div>\n                <div class=\"box-text text-center\" >\n                  <div class=\"box-text-inner\">\n                      <h5 class=\"uppercase header-title\">\n                              Gafas Spiuk                      <\/h5>\n                                            <p class=\"is-xsmall uppercase count \">\n\t                      6 Produits                      <\/p>\n                                            \n                  <\/div>\n                <\/div>\n                <\/div>\n            <\/a>            <\/div>\n            <\/div><div class=\"product-category col\" >\n            <div class=\"col-inner\">\n              <a aria-label=\"Acc\u00e9der \u00e0 la cat\u00e9gorie de produits Maillots Spiuk\" href=\"https:\/\/bicycles4ever.com\/fr\/maillots-spiuk\/\">                <div class=\"box box-category has-hover box-badge hover-dark \">\n                <div class=\"box-image\" >\n                  <div class=\"\" >\n                  <img loading=\"lazy\" decoding=\"async\" src=\"https:\/\/bicycles4ever.com\/fr\/wp-content\/uploads\/sites\/5\/woocommerce-placeholder-300x300.webp\" alt=\"Maillots Spiuk\" width=\"300\" height=\"300\" title=\"\">                                                      <\/div>\n                <\/div>\n                <div class=\"box-text text-center\" >\n                  <div class=\"box-text-inner\">\n                      <h5 class=\"uppercase header-title\">\n                              Maillots Spiuk                      <\/h5>\n                                            <p class=\"is-xsmall uppercase count \">\n\t                      7 Produits                      <\/p>\n                                            \n                  <\/div>\n                <\/div>\n                <\/div>\n            <\/a>            <\/div>\n            <\/div><div class=\"product-category col\" >\n            <div class=\"col-inner\">\n              <a aria-label=\"Acc\u00e9der \u00e0 la cat\u00e9gorie de produits Ropa Casual Spiuk\" href=\"https:\/\/bicycles4ever.com\/fr\/ropa-casual-spiuk\/\">                <div class=\"box box-category has-hover box-badge hover-dark \">\n                <div class=\"box-image\" >\n                  <div class=\"\" >\n                  <img loading=\"lazy\" decoding=\"async\" src=\"https:\/\/bicycles4ever.com\/fr\/wp-content\/uploads\/sites\/5\/woocommerce-placeholder-300x300.webp\" alt=\"Ropa Casual Spiuk\" width=\"300\" height=\"300\" title=\"\">                                                      <\/div>\n                <\/div>\n                <div class=\"box-text text-center\" >\n                  <div class=\"box-text-inner\">\n                      <h5 class=\"uppercase header-title\">\n                              Ropa Casual Spiuk                      <\/h5>\n                                            <p class=\"is-xsmall uppercase count \">\n\t                      22 Produits                      <\/p>\n                                            \n                  <\/div>\n                <\/div>\n                <\/div>\n            <\/a>            <\/div>\n            <\/div><div class=\"product-category col\" >\n            <div class=\"col-inner\">\n              <a aria-label=\"Acc\u00e9der \u00e0 la cat\u00e9gorie de produits Zapatillas Spiuk\" href=\"https:\/\/bicycles4ever.com\/fr\/zapatillas-spiuk\/\">                <div class=\"box box-category has-hover box-badge hover-dark \">\n                <div class=\"box-image\" >\n                  <div class=\"\" >\n                  <img loading=\"lazy\" decoding=\"async\" src=\"https:\/\/bicycles4ever.com\/fr\/wp-content\/uploads\/sites\/5\/woocommerce-placeholder-300x300.webp\" alt=\"Zapatillas Spiuk\" width=\"300\" height=\"300\" title=\"\">                                                      <\/div>\n                <\/div>\n                <div class=\"box-text text-center\" >\n                  <div class=\"box-text-inner\">\n                      <h5 class=\"uppercase header-title\">\n                              Zapatillas Spiuk                      <\/h5>\n                                            <p class=\"is-xsmall uppercase count \">\n\t                      11 Produits                      <\/p>\n                                            \n                  <\/div>\n                <\/div>\n                <\/div>\n            <\/a>            <\/div>\n            <\/div><\/div>\n\n\n\t\t<\/div>\n\t\t\t\t\t<\/div>\n\n\t\n\n<\/div>\n\n","protected":false},"excerpt":{"rendered":"","protected":false},"author":3,"featured_media":0,"parent":0,"menu_order":0,"comment_status":"closed","ping_status":"closed","template":"","meta":{"_trash_the_other_posts":false,"editor_notices":[],"footnotes":""},"class_list":["post-7055","page","type-page","status-publish","hentry"],"_links":{"self":[{"href":"https:\/\/bicycles4ever.com\/fr\/wp-json\/wp\/v2\/pages\/7055","targetHints":{"allow":["GET"]}}],"collection":[{"href":"https:\/\/bicycles4ever.com\/fr\/wp-json\/wp\/v2\/pages"}],"about":[{"href":"https:\/\/bicycles4ever.com\/fr\/wp-json\/wp\/v2\/types\/page"}],"author":[{"embeddable":true,"href":"https:\/\/bicycles4ever.com\/fr\/wp-json\/wp\/v2\/users\/3"}],"replies":[{"embeddable":true,"href":"https:\/\/bicycles4ever.com\/fr\/wp-json\/wp\/v2\/comments?post=7055"}],"version-history":[{"count":0,"href":"https:\/\/bicycles4ever.com\/fr\/wp-json\/wp\/v2\/pages\/7055\/revisions"}],"wp:attachment":[{"href":"https:\/\/bicycles4ever.com\/fr\/wp-json\/wp\/v2\/media?parent=7055"}],"curies":[{"name":"wp","href":"https:\/\/api.w.org\/{rel}","templated":true}]}}