{"id":10578,"date":"2023-06-27T07:35:01","date_gmt":"2023-06-27T07:35:01","guid":{"rendered":"https:\/\/bicycles4ever.intercambionaespanha.com\/?post_type=product&amp;p=10578"},"modified":"2023-06-27T07:35:01","modified_gmt":"2023-06-27T07:35:01","slug":"polo-town-hombre-spiuk-ii","status":"publish","type":"product","link":"https:\/\/bicycles4ever.com\/fr\/polo-town-hombre-spiuk-ii\/","title":{"rendered":"Polo Town Hombre Spiuk II"},"content":{"rendered":"<h2>Polo Spiuk Town Hombre II<\/h2>\n<div class=\"value std\">\n<p>El ciclismo es m\u00e1s que un deporte, es una forma de vida. Y la Pasi\u00f3n de un ciclista no se apaga una vez se ha bajado de la bicicleta. Por ello, las prendas <strong>Sportwear de Spiuk<\/strong> permiten lucir con orgullo nuestra afici\u00f3n m\u00e1s all\u00e1 de la pr\u00e1ctica deportiva.<\/p>\n<p>La moda urbana adaptada al estilo Spiuk. Aplicando nuestra experiencia en el desarrollo de prendas deportivas que a\u00fanan comodidad y transpirabilidad, hemos desarrollado la colecci\u00f3n <a title=\"Sportswear\" href=\"https:\/\/bicycles4ever.intercambionaespanha.com\/coleccion\/sportswear\/\" target=\"_blank\" rel=\"noopener nofollow\"><strong>Sportswear<\/strong><\/a>. Prendas que empleamos diariamente tanto en el trabajo como en nuestros momentos de ocio. Siempre con nuestra Pasi\u00f3n como eje inspirador.<\/p>\n<\/div>\n<h3 class=\"titleProduct\">Caracter\u00edsticas Polo Town Hombre Spiuk II<\/h3>\n<div class=\"productLongDescription description\">\n<ul>\n<li>Apto tanto para ciclismo como para caminar<\/li>\n<li>Patr\u00f3n urbano deportivo, con trasera prolongada<\/li>\n<li>Bolsillo trasero con cierre de bot\u00f3n<\/li>\n<li>Logo Spiuk bordado en el pecho<\/li>\n<\/ul>\n<nav aria-label=\"breadcrumbs\" class=\"rank-math-breadcrumb\"><p><span class=\"last\">Bicycles4ever<\/span><\/p><\/nav>\n<\/div>\n","protected":false},"excerpt":{"rendered":"<p>Polo Spiuk Town Hombre II El ciclismo es m\u00e1s que un deporte, es una forma de vida. Y la Pasi\u00f3n de un ciclista no se apaga una vez se ha bajado de la bicicleta. Por ello, las prendas Sportwear de Spiuk permiten lucir con orgullo nuestra afici\u00f3n m\u00e1s all\u00e1 de la pr\u00e1ctica deportiva. La moda [&#8230;]\n","protected":false},"featured_media":0,"template":"","meta":{"_trash_the_other_posts":false,"editor_notices":[]},"product_brand":[],"product_cat":[555,511],"product_tag":[519],"class_list":{"0":"post-10578","1":"product","2":"type-product","3":"status-publish","5":"product_cat-polos-spiuk","6":"product_cat-ropa-casual-spiuk","7":"product_tag-sportswear","9":"first","10":"instock","11":"taxable","12":"shipping-taxable","13":"product-type-variable"},"_links":{"self":[{"href":"https:\/\/bicycles4ever.com\/fr\/wp-json\/wp\/v2\/product\/10578","targetHints":{"allow":["GET"]}}],"collection":[{"href":"https:\/\/bicycles4ever.com\/fr\/wp-json\/wp\/v2\/product"}],"about":[{"href":"https:\/\/bicycles4ever.com\/fr\/wp-json\/wp\/v2\/types\/product"}],"wp:attachment":[{"href":"https:\/\/bicycles4ever.com\/fr\/wp-json\/wp\/v2\/media?parent=10578"}],"wp:term":[{"taxonomy":"product_brand","embeddable":true,"href":"https:\/\/bicycles4ever.com\/fr\/wp-json\/wp\/v2\/product_brand?post=10578"},{"taxonomy":"product_cat","embeddable":true,"href":"https:\/\/bicycles4ever.com\/fr\/wp-json\/wp\/v2\/product_cat?post=10578"},{"taxonomy":"product_tag","embeddable":true,"href":"https:\/\/bicycles4ever.com\/fr\/wp-json\/wp\/v2\/product_tag?post=10578"}],"curies":[{"name":"wp","href":"https:\/\/api.w.org\/{rel}","templated":true}]}}