{"id":10595,"date":"2023-06-27T08:09:21","date_gmt":"2023-06-27T08:09:21","guid":{"rendered":"https:\/\/bicycles4ever.intercambionaespanha.com\/?post_type=product&amp;p=10595"},"modified":"2023-06-27T08:09:21","modified_gmt":"2023-06-27T08:09:21","slug":"gorra-all-terrain-spiuk","status":"publish","type":"product","link":"https:\/\/bicycles4ever.com\/fr\/gorra-all-terrain-spiuk\/","title":{"rendered":"Gorra All Terrain Spiuk"},"content":{"rendered":"<h2>Gorra Spiuk All Terrain<\/h2>\n<div class=\"value std\">\n<p>El esp\u00edritu <strong>Spiuk <a title=\"All Terrain\" href=\"https:\/\/bicycles4ever.intercambionaespanha.com\/coleccion\/all-terrain\/\" target=\"_blank\" rel=\"noopener nofollow\">All Terrain<\/a><\/strong> te acompa\u00f1a incluso cuando no est\u00e1s encima de la bicicleta. Porque es una forma de ver el mundo, un estilo de vida. Y quieres que los dem\u00e1s sepan que t\u00fa ya eres parte de la tribu.<br \/>\nComparte el mensaje con los tuyos cuando estes tomando unas cervezas o cuando vayas a la oficina o a por el pan y ya sabes, \u00a1pedalea y vive!<\/p>\n<\/div>\n<h3 class=\"titleProduct\">Caracter\u00edsticas Gorra All Terrain Spiuk<\/h3>\n<div class=\"productLongDescription description\">\n<ul>\n<li>Patr\u00f3n: 6 paneles. Perfil medio.<\/li>\n<li>Visor curvado.<\/li>\n<li>A\u00f1adidos: Tejido con efecto melange en color gris. Muy ligero para altas temperaturas.<\/li>\n<li>Sistema de ajuste Flexfit \u00ae para diversas tallas.<\/li>\n<li>Logotipo bordado en efecto 3D.<\/li>\n<\/ul>\n<nav aria-label=\"breadcrumbs\" class=\"rank-math-breadcrumb\"><p><span class=\"last\">Bicycles4ever<\/span><\/p><\/nav>\n<\/div>\n","protected":false},"excerpt":{"rendered":"<p>Gorra Spiuk All Terrain El esp\u00edritu Spiuk All Terrain te acompa\u00f1a incluso cuando no est\u00e1s encima de la bicicleta. Porque es una forma de ver el mundo, un estilo de vida. Y quieres que los dem\u00e1s sepan que t\u00fa ya eres parte de la tribu. Comparte el mensaje con los tuyos cuando estes tomando unas [&#8230;]\n","protected":false},"featured_media":0,"template":"","meta":{"_trash_the_other_posts":false,"editor_notices":[]},"product_brand":[],"product_cat":[551,511],"product_tag":[441,519],"class_list":{"0":"post-10595","1":"product","2":"type-product","3":"status-publish","5":"product_cat-gorras-spiuk","6":"product_cat-ropa-casual-spiuk","7":"product_tag-all-terrain","8":"product_tag-sportswear","10":"first","11":"instock","12":"taxable","13":"shipping-taxable","14":"product-type-variable"},"_links":{"self":[{"href":"https:\/\/bicycles4ever.com\/fr\/wp-json\/wp\/v2\/product\/10595","targetHints":{"allow":["GET"]}}],"collection":[{"href":"https:\/\/bicycles4ever.com\/fr\/wp-json\/wp\/v2\/product"}],"about":[{"href":"https:\/\/bicycles4ever.com\/fr\/wp-json\/wp\/v2\/types\/product"}],"wp:attachment":[{"href":"https:\/\/bicycles4ever.com\/fr\/wp-json\/wp\/v2\/media?parent=10595"}],"wp:term":[{"taxonomy":"product_brand","embeddable":true,"href":"https:\/\/bicycles4ever.com\/fr\/wp-json\/wp\/v2\/product_brand?post=10595"},{"taxonomy":"product_cat","embeddable":true,"href":"https:\/\/bicycles4ever.com\/fr\/wp-json\/wp\/v2\/product_cat?post=10595"},{"taxonomy":"product_tag","embeddable":true,"href":"https:\/\/bicycles4ever.com\/fr\/wp-json\/wp\/v2\/product_tag?post=10595"}],"curies":[{"name":"wp","href":"https:\/\/api.w.org\/{rel}","templated":true}]}}