{"id":10650,"date":"2023-07-09T12:22:03","date_gmt":"2023-07-09T12:22:03","guid":{"rendered":"https:\/\/bicycles4ever.intercambionaespanha.com\/?post_type=product&amp;p=10650"},"modified":"2023-07-09T12:22:03","modified_gmt":"2023-07-09T12:22:03","slug":"zapatilla-carretera-profit-dual-spiuk","status":"publish","type":"product","link":"https:\/\/bicycles4ever.com\/fr\/zapatilla-carretera-profit-dual-spiuk\/","title":{"rendered":"Zapatilla Carretera Profit Dual Spiuk"},"content":{"rendered":"<h2>Zapatilla Carretera Spiuk Profit Dual<\/h2>\n<p>Cuando parec\u00eda que todo estaba logrado, nos volvemos a superar. La nueva <strong>Zapatilla de Ciclismo Carretera Spiuk PROFIT Profit Dual<\/strong> encarna lo mejor de las <a title=\"Zapatillas Spiuk\" href=\"https:\/\/bicycles4ever.intercambionaespanha.com\/zapatillas-spiuk\/\" rel=\"nofollow noopener\" target=\"_blank\"><strong>Zapatillas Spiuk<\/strong><\/a>, comodidad y tecnolog\u00eda, a\u00f1adi\u00e9ndole un extra de precisi\u00f3n: un segundo Boa\u00ae Fit System para conseguir un ajuste perfecto.<\/p>\n<p>Tan adaptada a ti que ni notar\u00e1s que las llevas puestas. La ligereza de su suela de carbono y su precisi\u00f3n te ayudar\u00e1n a afrontar las jornadas m\u00e1s exigentes y conseguir marcar la diferencia.<\/p>\n<h3 class=\"titleProduct\">Caracter\u00edsticas Zapatilla Carretera Profit Dual Spiuk<\/h3>\n<div class=\"productLongDescription description\">\n<ul>\n<li>Zapatilla de ciclismo profesional con Boa\u00ae Fit System doble<\/li>\n<li>Dise\u00f1ada para un alto rendimiento en , competici\u00f3n por carretera<\/li>\n<li>Suela RLX31\u00ae de fibra de carbono UD con taco trasero intercambiable<\/li>\n<li>Equipada con doble Boa\u00ae Fit System de ajuste milim\u00e9trico bidireccional<\/li>\n<li>Estructura que combina gran ligereza, transpirabilidad , y una perfecta estabilidad<\/li>\n<\/ul>\n<nav aria-label=\"breadcrumbs\" class=\"rank-math-breadcrumb\"><p><span class=\"last\">Bicycles4ever<\/span><\/p><\/nav>\n<\/div>\n","protected":false},"excerpt":{"rendered":"<p>Zapatilla Carretera Spiuk Profit Dual Cuando parec\u00eda que todo estaba logrado, nos volvemos a superar. La nueva Zapatilla de Ciclismo Carretera Spiuk PROFIT Profit Dual encarna lo mejor de las Zapatillas Spiuk, comodidad y tecnolog\u00eda, a\u00f1adi\u00e9ndole un extra de precisi\u00f3n: un segundo Boa\u00ae Fit System para conseguir un ajuste perfecto. Tan adaptada a ti que [&#8230;]\n","protected":false},"featured_media":0,"template":"","meta":{"_trash_the_other_posts":false,"editor_notices":[]},"product_brand":[],"product_cat":[556,544],"product_tag":[503],"class_list":{"0":"post-10650","1":"product","2":"type-product","3":"status-publish","5":"product_cat-zapatillas-carretera-spiuk","6":"product_cat-zapatillas-spiuk","7":"product_tag-profit","9":"first","10":"instock","11":"taxable","12":"shipping-taxable","13":"product-type-variable"},"_links":{"self":[{"href":"https:\/\/bicycles4ever.com\/fr\/wp-json\/wp\/v2\/product\/10650","targetHints":{"allow":["GET"]}}],"collection":[{"href":"https:\/\/bicycles4ever.com\/fr\/wp-json\/wp\/v2\/product"}],"about":[{"href":"https:\/\/bicycles4ever.com\/fr\/wp-json\/wp\/v2\/types\/product"}],"wp:attachment":[{"href":"https:\/\/bicycles4ever.com\/fr\/wp-json\/wp\/v2\/media?parent=10650"}],"wp:term":[{"taxonomy":"product_brand","embeddable":true,"href":"https:\/\/bicycles4ever.com\/fr\/wp-json\/wp\/v2\/product_brand?post=10650"},{"taxonomy":"product_cat","embeddable":true,"href":"https:\/\/bicycles4ever.com\/fr\/wp-json\/wp\/v2\/product_cat?post=10650"},{"taxonomy":"product_tag","embeddable":true,"href":"https:\/\/bicycles4ever.com\/fr\/wp-json\/wp\/v2\/product_tag?post=10650"}],"curies":[{"name":"wp","href":"https:\/\/api.w.org\/{rel}","templated":true}]}}