{"id":10681,"date":"2023-07-09T13:39:39","date_gmt":"2023-07-09T13:39:39","guid":{"rendered":"https:\/\/bicycles4ever.intercambionaespanha.com\/?post_type=product&amp;p=10681"},"modified":"2023-07-09T13:39:39","modified_gmt":"2023-07-09T13:39:39","slug":"casco-luzea-spiuk","status":"publish","type":"product","link":"https:\/\/bicycles4ever.com\/fr\/casco-luzea-spiuk\/","title":{"rendered":"Casco Luzea Spiuk"},"content":{"rendered":"<h2>Casco Spiuk Luzea<\/h2>\n<h3>M\u00e1ximo Rendimiento en Competici\u00f3n: Casco Spiuk Luzea<\/h3>\n<p>La velocidad es tu aliado y cada segundo cuenta cuando est\u00e1s cortando el viento. El <strong>Casco Spiuk Luzea<\/strong> es un himno a la aerodin\u00e1mica, con su forma fluida y su pantalla frontal imantada. Dise\u00f1ado espec\u00edficamente para el <strong>crono<\/strong> y el <strong>triatl\u00f3n<\/strong>, este casco es el compinche perfecto para el atleta que busca superar sus l\u00edmites. La ligereza se une a la t\u00e9cnica para ofrecerte un rendimiento inigualable.<\/p>\n<h3>Confort que Impulsa tu Esfuerzo<\/h3>\n<p>Cada competidor sabe que la comodidad es crucial para mantener la concentraci\u00f3n. El ajuste trasero del <strong>Casco Spiuk Luzea<\/strong> garantiza un calce personalizado y seguro, mientras que su almohadillado interno abraza tu cabeza en una suave caricia, permiti\u00e9ndote olvidarte del equipo y centrarte en la meta. Las orejeras flexibles no son s\u00f3lo parte de su sistema aerodin\u00e1mico, sino tambi\u00e9n un plus de confort que te acompa\u00f1a kil\u00f3metro a kil\u00f3metro.<\/p>\n<h3>Tecnolog\u00eda y Seguridad en tu Camino a la Victoria con el Casco Spiuk Luzea<\/h3>\n<p>Este no es un casco com\u00fan. El <strong>Spiuk Luzea<\/strong> fusiona la tecnolog\u00eda m\u00e1s avanzada con materiales de primera para ofrecerte una experiencia segura. Con tan solo 350 gramos, su ligereza es una declaraci\u00f3n de intenciones: llegar primero. La seguridad que proporciona este casco te permitir\u00e1 tomar cada curva y cada sprint con la confianza de que est\u00e1s protegido por lo mejor de lo mejor.<\/p>\n<h3 class=\"titleProduct\">Caracter\u00edsticas Casco Luzea Spiuk<span style=\"font-size: 20.16px\">\u00a0<\/span><\/h3>\n<ul>\n<li>Casco de Crono y Triatl\u00f3n<\/li>\n<li>Pantalla aerodin\u00e1mica frontal fijada mediante imanes<\/li>\n<li>Orejeras flexibles con almohadillado interior<\/li>\n<li>Ajuste trasero<\/li>\n<li>350 gr.<\/li>\n<\/ul>\n<nav aria-label=\"breadcrumbs\" class=\"rank-math-breadcrumb\"><p><span class=\"last\">Bicycles4ever<\/span><\/p><\/nav>\n","protected":false},"excerpt":{"rendered":"<p>Casco Spiuk Luzea M\u00e1ximo Rendimiento en Competici\u00f3n: Casco Spiuk Luzea La velocidad es tu aliado y cada segundo cuenta cuando est\u00e1s cortando el viento. El Casco Spiuk Luzea es un himno a la aerodin\u00e1mica, con su forma fluida y su pantalla frontal imantada. Dise\u00f1ado espec\u00edficamente para el crono y el triatl\u00f3n, este casco es el [&#8230;]\n","protected":false},"featured_media":0,"template":"","meta":{"_trash_the_other_posts":false,"editor_notices":[]},"product_brand":[],"product_cat":[464],"product_tag":[],"class_list":{"0":"post-10681","1":"product","2":"type-product","3":"status-publish","5":"product_cat-cascos-spiuk","7":"first","8":"instock","9":"taxable","10":"shipping-taxable","11":"product-type-variable"},"_links":{"self":[{"href":"https:\/\/bicycles4ever.com\/fr\/wp-json\/wp\/v2\/product\/10681","targetHints":{"allow":["GET"]}}],"collection":[{"href":"https:\/\/bicycles4ever.com\/fr\/wp-json\/wp\/v2\/product"}],"about":[{"href":"https:\/\/bicycles4ever.com\/fr\/wp-json\/wp\/v2\/types\/product"}],"wp:attachment":[{"href":"https:\/\/bicycles4ever.com\/fr\/wp-json\/wp\/v2\/media?parent=10681"}],"wp:term":[{"taxonomy":"product_brand","embeddable":true,"href":"https:\/\/bicycles4ever.com\/fr\/wp-json\/wp\/v2\/product_brand?post=10681"},{"taxonomy":"product_cat","embeddable":true,"href":"https:\/\/bicycles4ever.com\/fr\/wp-json\/wp\/v2\/product_cat?post=10681"},{"taxonomy":"product_tag","embeddable":true,"href":"https:\/\/bicycles4ever.com\/fr\/wp-json\/wp\/v2\/product_tag?post=10681"}],"curies":[{"name":"wp","href":"https:\/\/api.w.org\/{rel}","templated":true}]}}