{"id":10692,"date":"2023-07-09T16:55:47","date_gmt":"2023-07-09T16:55:47","guid":{"rendered":"https:\/\/bicycles4ever.intercambionaespanha.com\/?post_type=product&amp;p=10692"},"modified":"2023-07-09T16:55:47","modified_gmt":"2023-07-09T16:55:47","slug":"culotte-corto-top-ten-spiuk","status":"publish","type":"product","link":"https:\/\/bicycles4ever.com\/fr\/culotte-corto-top-ten-spiuk\/","title":{"rendered":"Culotte Corto Top Ten Spiuk"},"content":{"rendered":"<h2>Culotte Corto Spiuk Top Ten<\/h2>\n<p>En momentos de m\u00e1ximo esfuerzo, la ropa que llevas puesta es tan importante como el resto del material que llevas. El <strong>culotte Spiuk Top Ten<\/strong> es tan fresco y c\u00f3modo que solo tendr\u00e1s que pensar en pedalear a tope.<\/p>\n<p>El <strong>culotte Spiuk Top Ten<\/strong> es una excelente opci\u00f3n si pretendes lograr un excelente rendimiento. La badana Spiuk\u00ae 450 Line, una de las favoritas de nuestros ciclistas, combina confort y una transpiraci\u00f3n excelente. Los pu\u00f1os biel\u00e1sticos en corte l\u00e1ser con silicona antideslizamiento aseguran que el culotte quede perfectamente ajustado y preparado para el trabajo.<\/p>\n<h3 class=\"titleProduct\">Caracter\u00edsticas Culotte Corto Top Ten Summer Spiuk<\/h3>\n<div class=\"productLongDescription description\">\n<ul>\n<li>Culotte corto con tirantes que minimiza las molestias por costuras<\/li>\n<li>Ideal para los meses m\u00e1s calurosos del a\u00f1o y salidas de intensidad intermedia<\/li>\n<li>Badana Spiuk\u00ae 450 Line, desarrollada para salidas de hasta 4,5 horas<\/li>\n<li>Patronaje avanzado de reducido n\u00famero de piezas que se adapta perfectamente a la postura ciclista<\/li>\n<li>Paneles de corte vivo con impresiones de silicona que estabilizan la prenda<\/li>\n<\/ul>\n<nav aria-label=\"breadcrumbs\" class=\"rank-math-breadcrumb\"><p><span class=\"last\">Bicycles4ever<\/span><\/p><\/nav>\n<\/div>\n","protected":false},"excerpt":{"rendered":"<p>Culotte Corto Spiuk Top Ten En momentos de m\u00e1ximo esfuerzo, la ropa que llevas puesta es tan importante como el resto del material que llevas. El culotte Spiuk Top Ten es tan fresco y c\u00f3modo que solo tendr\u00e1s que pensar en pedalear a tope. El culotte Spiuk Top Ten es una excelente opci\u00f3n si pretendes [&#8230;]\n","protected":false},"featured_media":0,"template":"","meta":{"_trash_the_other_posts":false,"editor_notices":[]},"product_brand":[],"product_cat":[549,470],"product_tag":[521],"class_list":{"0":"post-10692","1":"product","2":"type-product","3":"status-publish","5":"product_cat-culottes-cortos-spiuk","6":"product_cat-culottes-spiuk","7":"product_tag-top-ten","9":"first","10":"instock","11":"taxable","12":"shipping-taxable","13":"product-type-variable"},"_links":{"self":[{"href":"https:\/\/bicycles4ever.com\/fr\/wp-json\/wp\/v2\/product\/10692","targetHints":{"allow":["GET"]}}],"collection":[{"href":"https:\/\/bicycles4ever.com\/fr\/wp-json\/wp\/v2\/product"}],"about":[{"href":"https:\/\/bicycles4ever.com\/fr\/wp-json\/wp\/v2\/types\/product"}],"wp:attachment":[{"href":"https:\/\/bicycles4ever.com\/fr\/wp-json\/wp\/v2\/media?parent=10692"}],"wp:term":[{"taxonomy":"product_brand","embeddable":true,"href":"https:\/\/bicycles4ever.com\/fr\/wp-json\/wp\/v2\/product_brand?post=10692"},{"taxonomy":"product_cat","embeddable":true,"href":"https:\/\/bicycles4ever.com\/fr\/wp-json\/wp\/v2\/product_cat?post=10692"},{"taxonomy":"product_tag","embeddable":true,"href":"https:\/\/bicycles4ever.com\/fr\/wp-json\/wp\/v2\/product_tag?post=10692"}],"curies":[{"name":"wp","href":"https:\/\/api.w.org\/{rel}","templated":true}]}}