{"id":10700,"date":"2023-07-09T18:34:57","date_gmt":"2023-07-09T18:34:57","guid":{"rendered":"https:\/\/bicycles4ever.intercambionaespanha.com\/?post_type=product&amp;p=10700"},"modified":"2023-07-09T18:34:57","modified_gmt":"2023-07-09T18:34:57","slug":"culotte-corto-anatomic-classic-spiuk","status":"publish","type":"product","link":"https:\/\/bicycles4ever.com\/fr\/culotte-corto-anatomic-classic-spiuk\/","title":{"rendered":"Culotte Corto Anatomic Classic Spiuk"},"content":{"rendered":"<h2>Culotte Corto Spiuk Anatomic Classic<\/h2>\n<p>El <strong>culottte Spiuk Anatomic Classic<\/strong> es el cl\u00e1sico de siempre a un precio incre\u00edble. Es el fondo de armario perfecto. C\u00f3modo, vers\u00e1til y sin perder de vista la calidad de los materiales.<\/p>\n<p>Por eso, todos los culotes Anatomic classic emplean nuestro reconocido tejido ErgodryFresh\u00ae y la badana Spiuk 300 Line que garantiza protecci\u00f3n, ajuste y libertad de movimientos.<\/p>\n<h3 class=\"titleProduct\">Caracter\u00edsticas Culotte Corto Anatomic Classic Summer Spiuk<\/h3>\n<div class=\"productLongDescription description\">\n<ul>\n<li>Culotte corto de ciclismo con tirantes<\/li>\n<li>Ideal para los meses m\u00e1s calurosos del a\u00f1o<\/li>\n<li>Badana Spiuk\u00ae 300 Line desarrollada para salidas de hasta 3 horas<\/li>\n<li>Tejidos ligeros y biel\u00e1sticos ErgodryFresh\u00ae con pu\u00f1os de sujeci\u00f3n<\/li>\n<li>Reflectantes delantero y trasero para una mayor visibilidad<\/li>\n<\/ul>\n<nav aria-label=\"breadcrumbs\" class=\"rank-math-breadcrumb\"><p><span class=\"last\">Bicycles4ever<\/span><\/p><\/nav>\n<\/div>\n","protected":false},"excerpt":{"rendered":"<p>Culotte Corto Spiuk Anatomic Classic El culottte Spiuk Anatomic Classic es el cl\u00e1sico de siempre a un precio incre\u00edble. Es el fondo de armario perfecto. C\u00f3modo, vers\u00e1til y sin perder de vista la calidad de los materiales. Por eso, todos los culotes Anatomic classic emplean nuestro reconocido tejido ErgodryFresh\u00ae y la badana Spiuk 300 Line [&#8230;]\n","protected":false},"featured_media":0,"template":"","meta":{"_trash_the_other_posts":false,"editor_notices":[]},"product_brand":[],"product_cat":[549,470],"product_tag":[447],"class_list":{"0":"post-10700","1":"product","2":"type-product","3":"status-publish","5":"product_cat-culottes-cortos-spiuk","6":"product_cat-culottes-spiuk","7":"product_tag-anatomic","9":"first","10":"instock","11":"taxable","12":"shipping-taxable","13":"product-type-variable"},"_links":{"self":[{"href":"https:\/\/bicycles4ever.com\/fr\/wp-json\/wp\/v2\/product\/10700","targetHints":{"allow":["GET"]}}],"collection":[{"href":"https:\/\/bicycles4ever.com\/fr\/wp-json\/wp\/v2\/product"}],"about":[{"href":"https:\/\/bicycles4ever.com\/fr\/wp-json\/wp\/v2\/types\/product"}],"wp:attachment":[{"href":"https:\/\/bicycles4ever.com\/fr\/wp-json\/wp\/v2\/media?parent=10700"}],"wp:term":[{"taxonomy":"product_brand","embeddable":true,"href":"https:\/\/bicycles4ever.com\/fr\/wp-json\/wp\/v2\/product_brand?post=10700"},{"taxonomy":"product_cat","embeddable":true,"href":"https:\/\/bicycles4ever.com\/fr\/wp-json\/wp\/v2\/product_cat?post=10700"},{"taxonomy":"product_tag","embeddable":true,"href":"https:\/\/bicycles4ever.com\/fr\/wp-json\/wp\/v2\/product_tag?post=10700"}],"curies":[{"name":"wp","href":"https:\/\/api.w.org\/{rel}","templated":true}]}}