{"id":10707,"date":"2023-07-09T18:51:28","date_gmt":"2023-07-09T18:51:28","guid":{"rendered":"https:\/\/bicycles4ever.intercambionaespanha.com\/?post_type=product&amp;p=10707"},"modified":"2023-07-09T18:51:28","modified_gmt":"2023-07-09T18:51:28","slug":"maillot-anatomic-classic-spiuk","status":"publish","type":"product","link":"https:\/\/bicycles4ever.com\/fr\/maillot-anatomic-classic-spiuk\/","title":{"rendered":"Maillot Anatomic Classic Spiuk"},"content":{"rendered":"<h2>Maillot Manga Corta Spiuk Anatomic Classic<\/h2>\n<p>El <strong>maillot Spiuk Anatomic Classic<\/strong> es el cl\u00e1sico de siempre a un precio incre\u00edble. Es el fondo de armario perfecto. C\u00f3modo, vers\u00e1til y sin perder de vista la calidad de los materiales.<\/p>\n<p>Adem\u00e1s, gracias al tejido SensoDryFresh\u00ae y a su rejilla es ideal incluso para los meses m\u00e1s calurosos del a\u00f1o.<\/p>\n<h3 class=\"titleProduct\">Caracter\u00edsticas Maillot Anatomic Classic Summer Spiuk<\/h3>\n<div class=\"productLongDescription description\">\n<ul>\n<li>Maillot de ciclismo de manga corta ligeramente ce\u00f1ido<\/li>\n<li>Ideal para los meses m\u00e1s calurosos del a\u00f1o<\/li>\n<li>Tejidos ligeros SensodryFresh\u00ae<\/li>\n<li>Tejido de rejilla en la parte interior de los brazos<\/li>\n<li>3 bolsillos traseros y reflectantes frontal y trasero<\/li>\n<\/ul>\n<nav aria-label=\"breadcrumbs\" class=\"rank-math-breadcrumb\"><p><span class=\"last\">Bicycles4ever<\/span><\/p><\/nav>\n<\/div>\n","protected":false},"excerpt":{"rendered":"<p>Maillot Manga Corta Spiuk Anatomic Classic El maillot Spiuk Anatomic Classic es el cl\u00e1sico de siempre a un precio incre\u00edble. Es el fondo de armario perfecto. C\u00f3modo, vers\u00e1til y sin perder de vista la calidad de los materiales. Adem\u00e1s, gracias al tejido SensoDryFresh\u00ae y a su rejilla es ideal incluso para los meses m\u00e1s calurosos [&#8230;]\n","protected":false},"featured_media":0,"template":"","meta":{"_trash_the_other_posts":false,"editor_notices":[]},"product_brand":[],"product_cat":[552,492],"product_tag":[447],"class_list":{"0":"post-10707","1":"product","2":"type-product","3":"status-publish","5":"product_cat-maillots-manga-corta-spiuk","6":"product_cat-maillots-spiuk","7":"product_tag-anatomic","9":"first","10":"instock","11":"taxable","12":"shipping-taxable","13":"product-type-variable"},"_links":{"self":[{"href":"https:\/\/bicycles4ever.com\/fr\/wp-json\/wp\/v2\/product\/10707","targetHints":{"allow":["GET"]}}],"collection":[{"href":"https:\/\/bicycles4ever.com\/fr\/wp-json\/wp\/v2\/product"}],"about":[{"href":"https:\/\/bicycles4ever.com\/fr\/wp-json\/wp\/v2\/types\/product"}],"wp:attachment":[{"href":"https:\/\/bicycles4ever.com\/fr\/wp-json\/wp\/v2\/media?parent=10707"}],"wp:term":[{"taxonomy":"product_brand","embeddable":true,"href":"https:\/\/bicycles4ever.com\/fr\/wp-json\/wp\/v2\/product_brand?post=10707"},{"taxonomy":"product_cat","embeddable":true,"href":"https:\/\/bicycles4ever.com\/fr\/wp-json\/wp\/v2\/product_cat?post=10707"},{"taxonomy":"product_tag","embeddable":true,"href":"https:\/\/bicycles4ever.com\/fr\/wp-json\/wp\/v2\/product_tag?post=10707"}],"curies":[{"name":"wp","href":"https:\/\/api.w.org\/{rel}","templated":true}]}}