{"id":10720,"date":"2023-07-09T19:11:22","date_gmt":"2023-07-09T19:11:22","guid":{"rendered":"https:\/\/bicycles4ever.intercambionaespanha.com\/?post_type=product&amp;p=10720"},"modified":"2023-07-09T19:11:22","modified_gmt":"2023-07-09T19:11:22","slug":"gafas-ciclismo-nebo-spiuk","status":"publish","type":"product","link":"https:\/\/bicycles4ever.com\/fr\/gafas-ciclismo-nebo-spiuk\/","title":{"rendered":"Gafas Ciclismo Nebo Spiuk"},"content":{"rendered":"<h2>Gafas Ciclismo Spiuk Nebo<\/h2>\n<p>Imagina un mundo donde ves sin l\u00edmites, un mundo donde el horizonte est\u00e1 a tu alcance. \u00bfTe lo imaginas? Pues ahora lo puedes tener.<\/p>\n<p>Para eso, Spiuk ha dise\u00f1ado las nuevas <strong>Gafas Spiuk Nebo<\/strong>, una gafa de gran pantalla \u00fanica envolvente. Su dise\u00f1o depurado te permitir\u00e1 no s\u00f3lo una visi\u00f3n optima sino una mayor protecci\u00f3n en la carretera. L\u00edneas limpias y ajuste perfecto para ver el mundo de una nueva manera.<\/p>\n<h3 class=\"titleProduct\">Caracter\u00edsticas Gafas Ciclismo Nebo Spiuk<\/h3>\n<div class=\"productLongDescription description\">\n<ul>\n<li>Gafas deportivas de ciclismo profesionales<\/li>\n<li>Dise\u00f1o de visi\u00f3n total basado en una \u00fanica lente<\/li>\n<li>Montura de doble inyecci\u00f3n con Grilamid\u00ae y goma antideslizante RUBBER XT. Patillas autoblocantes<\/li>\n<li>Protecci\u00f3n UV400nm 100%UV.<\/li>\n<li>Incluye pantalla de recambio ,y funda especial de microfibra<\/li>\n<\/ul>\n<nav aria-label=\"breadcrumbs\" class=\"rank-math-breadcrumb\"><p><span class=\"last\">Bicycles4ever<\/span><\/p><\/nav>\n<\/div>\n","protected":false},"excerpt":{"rendered":"<p>Gafas Ciclismo Spiuk Nebo Imagina un mundo donde ves sin l\u00edmites, un mundo donde el horizonte est\u00e1 a tu alcance. \u00bfTe lo imaginas? Pues ahora lo puedes tener. Para eso, Spiuk ha dise\u00f1ado las nuevas Gafas Spiuk Nebo, una gafa de gran pantalla \u00fanica envolvente. Su dise\u00f1o depurado te permitir\u00e1 no s\u00f3lo una visi\u00f3n optima [&#8230;]\n","protected":false},"featured_media":0,"template":"","meta":{"_trash_the_other_posts":false,"editor_notices":[]},"product_brand":[],"product_cat":[471],"product_tag":[503],"class_list":{"0":"post-10720","1":"product","2":"type-product","3":"status-publish","5":"product_cat-gafas-spiuk","6":"product_tag-profit","8":"first","9":"instock","10":"taxable","11":"shipping-taxable","12":"product-type-variable"},"_links":{"self":[{"href":"https:\/\/bicycles4ever.com\/fr\/wp-json\/wp\/v2\/product\/10720","targetHints":{"allow":["GET"]}}],"collection":[{"href":"https:\/\/bicycles4ever.com\/fr\/wp-json\/wp\/v2\/product"}],"about":[{"href":"https:\/\/bicycles4ever.com\/fr\/wp-json\/wp\/v2\/types\/product"}],"wp:attachment":[{"href":"https:\/\/bicycles4ever.com\/fr\/wp-json\/wp\/v2\/media?parent=10720"}],"wp:term":[{"taxonomy":"product_brand","embeddable":true,"href":"https:\/\/bicycles4ever.com\/fr\/wp-json\/wp\/v2\/product_brand?post=10720"},{"taxonomy":"product_cat","embeddable":true,"href":"https:\/\/bicycles4ever.com\/fr\/wp-json\/wp\/v2\/product_cat?post=10720"},{"taxonomy":"product_tag","embeddable":true,"href":"https:\/\/bicycles4ever.com\/fr\/wp-json\/wp\/v2\/product_tag?post=10720"}],"curies":[{"name":"wp","href":"https:\/\/api.w.org\/{rel}","templated":true}]}}