{"id":10732,"date":"2023-07-09T19:29:10","date_gmt":"2023-07-09T19:29:10","guid":{"rendered":"https:\/\/bicycles4ever.intercambionaespanha.com\/?post_type=product&amp;p=10732"},"modified":"2023-07-09T19:29:10","modified_gmt":"2023-07-09T19:29:10","slug":"gafas-ciclismo-mirus-spiuk-lente-lumiris","status":"publish","type":"product","link":"https:\/\/bicycles4ever.com\/fr\/gafas-ciclismo-mirus-spiuk-lente-lumiris\/","title":{"rendered":"Gafas Ciclismo Mirus Spiuk Lente Lumiris"},"content":{"rendered":"<h2>Gafas Ciclismo Spiuk Mirus Lente Lumiris<\/h2>\n<p>Gafa deportiva de pantalla \u00fanica muy envolvente<\/p>\n<p>Su geometr\u00eda de arco ajustado se adapta a un amplio rango de caras.<\/p>\n<p>Su ligereza y confort la hacen ideal para usos exigentes en competici\u00f3n o largas traves\u00edas tanto en carretera como en monta\u00f1a.<\/p>\n<p>Montura con Grilamid TR90 y Protecci\u00f3n UV400nm 100%UV<\/p>\n<h3 class=\"titleProduct\">Caracter\u00edsticas Gafas Ciclismo Mirus Spiuk Lente Lumiris<\/h3>\n<div class=\"productLongDescription description\">\n<ul>\n<li>Gafas deportivas de ciclismo de geometr\u00eda envolvente<\/li>\n<li>Ideales para carretera o monta\u00f1a<\/li>\n<li>Montura construida con Grilamid\u00ae y goma antideslizante RUBBER XT<\/li>\n<li>Pantalla inastillable con tratamientos antivaho e hidrorrepelente. Protecci\u00f3n UV400nm 100%UV<\/li>\n<li>Incluye pantalla de recambio transparente, estuche protector r\u00edgido y funda especial de microfibra<\/li>\n<\/ul>\n<nav aria-label=\"breadcrumbs\" class=\"rank-math-breadcrumb\"><p><span class=\"last\">Bicycles4ever<\/span><\/p><\/nav>\n<\/div>\n","protected":false},"excerpt":{"rendered":"<p>Gafas Ciclismo Spiuk Mirus Lente Lumiris Gafa deportiva de pantalla \u00fanica muy envolvente Su geometr\u00eda de arco ajustado se adapta a un amplio rango de caras. Su ligereza y confort la hacen ideal para usos exigentes en competici\u00f3n o largas traves\u00edas tanto en carretera como en monta\u00f1a. Montura con Grilamid TR90 y Protecci\u00f3n UV400nm 100%UV [&#8230;]\n","protected":false},"featured_media":0,"template":"","meta":{"_trash_the_other_posts":false,"editor_notices":[]},"product_brand":[],"product_cat":[471],"product_tag":[],"class_list":{"0":"post-10732","1":"product","2":"type-product","3":"status-publish","5":"product_cat-gafas-spiuk","7":"first","8":"instock","9":"taxable","10":"shipping-taxable","11":"product-type-variable"},"_links":{"self":[{"href":"https:\/\/bicycles4ever.com\/fr\/wp-json\/wp\/v2\/product\/10732","targetHints":{"allow":["GET"]}}],"collection":[{"href":"https:\/\/bicycles4ever.com\/fr\/wp-json\/wp\/v2\/product"}],"about":[{"href":"https:\/\/bicycles4ever.com\/fr\/wp-json\/wp\/v2\/types\/product"}],"wp:attachment":[{"href":"https:\/\/bicycles4ever.com\/fr\/wp-json\/wp\/v2\/media?parent=10732"}],"wp:term":[{"taxonomy":"product_brand","embeddable":true,"href":"https:\/\/bicycles4ever.com\/fr\/wp-json\/wp\/v2\/product_brand?post=10732"},{"taxonomy":"product_cat","embeddable":true,"href":"https:\/\/bicycles4ever.com\/fr\/wp-json\/wp\/v2\/product_cat?post=10732"},{"taxonomy":"product_tag","embeddable":true,"href":"https:\/\/bicycles4ever.com\/fr\/wp-json\/wp\/v2\/product_tag?post=10732"}],"curies":[{"name":"wp","href":"https:\/\/api.w.org\/{rel}","templated":true}]}}