{"id":10739,"date":"2023-07-09T19:45:25","date_gmt":"2023-07-09T19:45:25","guid":{"rendered":"https:\/\/bicycles4ever.intercambionaespanha.com\/?post_type=product&#038;p=10739"},"modified":"2025-10-15T21:14:15","modified_gmt":"2025-10-15T21:14:15","slug":"gafas-ciclismo-jifter-spiuk-lente-lumiris","status":"publish","type":"product","link":"https:\/\/bicycles4ever.com\/fr\/gafas-ciclismo-jifter-spiuk-lente-lumiris\/","title":{"rendered":"Gafas Ciclismo Jifter Spiuk Lente Lumiris"},"content":{"rendered":"<h2>Gafas Ciclismo Spiuk Jifter Lente Lumiris<\/h2>\n<p>Para competir y para entrenar y para cualquier especialidad que practiques, la <strong>gafas Spiuk Jifter<\/strong> cumplir\u00e1n con creces lo que le pidas.<\/p>\n<p>Protecci\u00f3n total contra los rayos solares y contra cualquier agente externo que pueda impactarlas, buen rendimiento antiempa\u00f1ado, ligereza, perfecto estabilidad y comodidad son las cualidades que hacen de ella una gafa deportiva tan solvente como atractiva<\/p>\n<h3 class=\"titleProduct\">Caracter\u00edsticas Gafas Ciclismo Jifter Spiuk Lente Lumiris<\/h3>\n<div class=\"productLongDescription description\">\n<ul>\n<li>Gafas deportivas de ciclismo de geometr\u00eda envolvente y lente fotocrom\u00e1tica Lumiris\u00ae<\/li>\n<li>Aptas para todas las condiciones<\/li>\n<li>Montura construida con Grilamid\u00ae y goma antideslizante RUBBER XT<\/li>\n<li>Lentes de pantalla completa inastillable. Protecci\u00f3n UV400nm 100%UV<\/li>\n<li>Incluye pantalla de recambio espejo, estuche protector r\u00edgido y funda especial de microfibra<\/li>\n<\/ul>\n<nav aria-label=\"breadcrumbs\" class=\"rank-math-breadcrumb\"><p><span class=\"last\">Bicycles4ever<\/span><\/p><\/nav>\n<\/div>\n","protected":false},"excerpt":{"rendered":"<p>Gafas Ciclismo Spiuk Jifter Lente Lumiris Para competir y para entrenar y para cualquier especialidad que practiques, la gafas Spiuk Jifter cumplir\u00e1n con creces lo que le pidas. Protecci\u00f3n total contra los rayos solares y contra cualquier agente externo que pueda impactarlas, buen rendimiento antiempa\u00f1ado, ligereza, perfecto estabilidad y comodidad son las cualidades que hacen [&#8230;]\n","protected":false},"featured_media":0,"template":"","meta":{"_trash_the_other_posts":false,"editor_notices":[]},"product_brand":[607],"product_cat":[471],"product_tag":[],"class_list":{"0":"post-10739","1":"product","2":"type-product","3":"status-publish","5":"product_brand-spiuk","6":"product_cat-gafas-spiuk","8":"first","9":"instock","10":"taxable","11":"shipping-taxable","12":"product-type-variable"},"_links":{"self":[{"href":"https:\/\/bicycles4ever.com\/fr\/wp-json\/wp\/v2\/product\/10739","targetHints":{"allow":["GET"]}}],"collection":[{"href":"https:\/\/bicycles4ever.com\/fr\/wp-json\/wp\/v2\/product"}],"about":[{"href":"https:\/\/bicycles4ever.com\/fr\/wp-json\/wp\/v2\/types\/product"}],"wp:attachment":[{"href":"https:\/\/bicycles4ever.com\/fr\/wp-json\/wp\/v2\/media?parent=10739"}],"wp:term":[{"taxonomy":"product_brand","embeddable":true,"href":"https:\/\/bicycles4ever.com\/fr\/wp-json\/wp\/v2\/product_brand?post=10739"},{"taxonomy":"product_cat","embeddable":true,"href":"https:\/\/bicycles4ever.com\/fr\/wp-json\/wp\/v2\/product_cat?post=10739"},{"taxonomy":"product_tag","embeddable":true,"href":"https:\/\/bicycles4ever.com\/fr\/wp-json\/wp\/v2\/product_tag?post=10739"}],"curies":[{"name":"wp","href":"https:\/\/api.w.org\/{rel}","templated":true}]}}