{"id":12808,"date":"2023-08-22T09:45:59","date_gmt":"2023-08-22T09:45:59","guid":{"rendered":"https:\/\/bicycles4ever.intercambionaespanha.com\/?post_type=product&#038;p=12808"},"modified":"2024-03-07T21:05:45","modified_gmt":"2024-03-07T21:05:45","slug":"culotte-anatomic-women-corto-sin-tirantes-spiuk","status":"publish","type":"product","link":"https:\/\/bicycles4ever.com\/fr\/culotte-anatomic-women-corto-sin-tirantes-spiuk\/","title":{"rendered":"Culotte Anatomic Women Corto Sin Tirantes Spiuk"},"content":{"rendered":"<h2>Culotte Spiuk Anatomic Women <span style=\"font-size: 23.04px;\">Corto Sin Tirantes<\/span><\/h2>\n<p>El culotte Anatomic te dar\u00e1 un excelente resultado en cualquier situaci\u00f3n. Dispone de una gran variedad de patrones y de versiones de color. Siempre bajo una premisa clara: la comodidad y la fiabilidad en el rendimiento deben ser protagonistas. Por eso todos los culotes Anatomic emplean nuestro reconocido tejido ErgodryFresh\u00ae y la badana 300 ,Line Women que garantiza protecci\u00f3n, ajuste y libertad de movimientos.<\/p>\n<p>Uno de los modelos m\u00e1s vendidos y exitosos de Spiuk. El culotte as\u00ed como la l\u00ednea Anatomic son prendas esenciales para sortear cualquier situaci\u00f3n. Son un fondo de armario imprescindible.<\/p>\n<h3 class=\"titleProduct\">Caracter\u00edsticas Culotte Women Corto Anatomic Sin Tirantes Summer Spiuk<\/h3>\n<div class=\"productLongDescription description\">\n<ul>\n<li>Culotte corto sin tirantes ce\u00f1ido<\/li>\n<li>Ideal para condiciones de calor<\/li>\n<li>Badana Spiuk\u00ae 300 ,Line para mujer<\/li>\n<li>Tejidos ligeros y biel\u00e1sticos ErgodryFresh\u00ae<\/li>\n<li>Logotipo reflectante con efecto iridiscente<\/li>\n<\/ul>\n<nav aria-label=\"breadcrumbs\" class=\"rank-math-breadcrumb\"><p><span class=\"last\">Bicycles4ever<\/span><\/p><\/nav>\n<\/div>\n","protected":false},"excerpt":{"rendered":"<p>Culotte Spiuk Anatomic Women Corto Sin Tirantes El culotte Anatomic te dar\u00e1 un excelente resultado en cualquier situaci\u00f3n. Dispone de una gran variedad de patrones y de versiones de color. Siempre bajo una premisa clara: la comodidad y la fiabilidad en el rendimiento deben ser protagonistas. Por eso todos los culotes Anatomic emplean nuestro reconocido [&#8230;]\n","protected":false},"featured_media":0,"template":"","meta":{"_trash_the_other_posts":false,"editor_notices":[]},"product_brand":[],"product_cat":[549,470],"product_tag":[447,493],"class_list":{"0":"post-12808","1":"product","2":"type-product","3":"status-publish","5":"product_cat-culottes-cortos-spiuk","6":"product_cat-culottes-spiuk","7":"product_tag-anatomic","8":"product_tag-mujer","10":"first","11":"instock","12":"taxable","13":"shipping-taxable","14":"product-type-variable"},"_links":{"self":[{"href":"https:\/\/bicycles4ever.com\/fr\/wp-json\/wp\/v2\/product\/12808","targetHints":{"allow":["GET"]}}],"collection":[{"href":"https:\/\/bicycles4ever.com\/fr\/wp-json\/wp\/v2\/product"}],"about":[{"href":"https:\/\/bicycles4ever.com\/fr\/wp-json\/wp\/v2\/types\/product"}],"wp:attachment":[{"href":"https:\/\/bicycles4ever.com\/fr\/wp-json\/wp\/v2\/media?parent=12808"}],"wp:term":[{"taxonomy":"product_brand","embeddable":true,"href":"https:\/\/bicycles4ever.com\/fr\/wp-json\/wp\/v2\/product_brand?post=12808"},{"taxonomy":"product_cat","embeddable":true,"href":"https:\/\/bicycles4ever.com\/fr\/wp-json\/wp\/v2\/product_cat?post=12808"},{"taxonomy":"product_tag","embeddable":true,"href":"https:\/\/bicycles4ever.com\/fr\/wp-json\/wp\/v2\/product_tag?post=12808"}],"curies":[{"name":"wp","href":"https:\/\/api.w.org\/{rel}","templated":true}]}}