{"id":22032,"date":"2021-11-21T03:25:17","date_gmt":"2021-11-21T03:25:17","guid":{"rendered":"https:\/\/bicycles4ever.intercambionaespanha.com\/?post_type=product&amp;p=6308"},"modified":"2021-11-21T03:25:17","modified_gmt":"2021-11-21T03:25:17","slug":"camiseta-interior-manga-larga-anatomic-spiuk","status":"publish","type":"product","link":"https:\/\/bicycles4ever.com\/fr\/camiseta-interior-manga-larga-anatomic-spiuk\/","title":{"rendered":"Camiseta Interior Manga Larga Anatomic Spiuk"},"content":{"rendered":"<h2>Camiseta Interior Manga Larga Spiuk Anatomic<\/h2>\n<div class=\"value std\">\n<p>La <strong>Camiseta Interior Manga Larga de Ciclismo Anatomic<\/strong>\u00a0se caracteriza por hacer especialmente bien lo b\u00e1sico. Y en una primera capa de invierno buscas comodidad y calidez. Ni m\u00e1s, ni menos.<\/p>\n<p>No siempre se trata de rendir a tope. En invierno tambi\u00e9n apetece salir m\u00e1s relajado. La <strong>Camiseta Interior Anatomic<\/strong> est\u00e1 hecha con el tejido que mejor te aislar\u00e1 del fr\u00edo en esos d\u00edas: SensodryWarm\u00ae. Se adapta perfectamente a tu cuerpo y su interior cardado es de un tacto muy suave. Ideal para disfrutar del slow cycling en invierno.<\/p>\n<\/div>\n<h3 class=\"titleProduct\">Caracter\u00edsticas Camiseta Interior Manga Larga Anatomic Spiuk<\/h3>\n<div class=\"productLongDescription description\">\n<ul>\n<li>Camiseta interior de manga larga fabricada en tejido Sensodrywarm\u00ae con interior cardado para un mejor aislamiento<\/li>\n<li>Su gran adaptabilidad y tacto interior la hacen muy confortable aportando sensaci\u00f3n de calidez<\/li>\n<li>Acabado con costuras planas para mayor comodidad<\/li>\n<li>Absorbe la humedad r\u00e1pidamente manteniendo el cuerpo seco y evitando as\u00ed enfriamientos y garantizando un buen nivel de mantenimiento t\u00e9rmico<\/li>\n<li>F\u00e1cil cuidado y mantenimiento<\/li>\n<\/ul>\n<nav aria-label=\"breadcrumbs\" class=\"rank-math-breadcrumb\"><p><span class=\"last\">Bicycles4ever<\/span><\/p><\/nav>\n<\/div>\n","protected":false},"excerpt":{"rendered":"<p>Camiseta Interior Manga Larga Spiuk Anatomic La Camiseta Interior Manga Larga de Ciclismo Anatomic\u00a0se caracteriza por hacer especialmente bien lo b\u00e1sico. Y en una primera capa de invierno buscas comodidad y calidez. Ni m\u00e1s, ni menos. No siempre se trata de rendir a tope. En invierno tambi\u00e9n apetece salir m\u00e1s relajado. La Camiseta Interior Anatomic [&#8230;]\n","protected":false},"featured_media":0,"template":"","meta":{"_trash_the_other_posts":false,"editor_notices":[]},"product_brand":[],"product_cat":[547,468],"product_tag":[448],"class_list":{"0":"post-22032","1":"product","2":"type-product","3":"status-publish","5":"product_cat-camisetas-interiores-spiuk","6":"product_cat-complementos-spiuk","7":"product_tag-anatomic-winter","9":"first","10":"instock","11":"taxable","12":"shipping-taxable","13":"product-type-variable"},"_links":{"self":[{"href":"https:\/\/bicycles4ever.com\/fr\/wp-json\/wp\/v2\/product\/22032","targetHints":{"allow":["GET"]}}],"collection":[{"href":"https:\/\/bicycles4ever.com\/fr\/wp-json\/wp\/v2\/product"}],"about":[{"href":"https:\/\/bicycles4ever.com\/fr\/wp-json\/wp\/v2\/types\/product"}],"wp:attachment":[{"href":"https:\/\/bicycles4ever.com\/fr\/wp-json\/wp\/v2\/media?parent=22032"}],"wp:term":[{"taxonomy":"product_brand","embeddable":true,"href":"https:\/\/bicycles4ever.com\/fr\/wp-json\/wp\/v2\/product_brand?post=22032"},{"taxonomy":"product_cat","embeddable":true,"href":"https:\/\/bicycles4ever.com\/fr\/wp-json\/wp\/v2\/product_cat?post=22032"},{"taxonomy":"product_tag","embeddable":true,"href":"https:\/\/bicycles4ever.com\/fr\/wp-json\/wp\/v2\/product_tag?post=22032"}],"curies":[{"name":"wp","href":"https:\/\/api.w.org\/{rel}","templated":true}]}}