{"id":22033,"date":"2021-11-22T22:38:21","date_gmt":"2021-11-22T22:38:21","guid":{"rendered":"https:\/\/bicycles4ever.intercambionaespanha.com\/?post_type=product&amp;p=6697"},"modified":"2021-11-22T22:38:21","modified_gmt":"2021-11-22T22:38:21","slug":"polo-ride-hombre-spiuk","status":"publish","type":"product","link":"https:\/\/bicycles4ever.com\/fr\/polo-ride-hombre-spiuk\/","title":{"rendered":"Polo Ride Hombre Spiuk"},"content":{"rendered":"<h2>Polo Spiuk Ride Hombre<\/h2>\n<div class=\"value std\">\n<p>El ciclismo es m\u00e1s que un deporte, es una forma de vida. Y la Pasi\u00f3n de un ciclista no se apaga una vez se ha bajado de la bicicleta. Por ello, las prendas <strong>Sportwear de Spiuk<\/strong> permiten lucir con orgullo nuestra afici\u00f3n m\u00e1s all\u00e1 de la pr\u00e1ctica deportiva.<\/p>\n<p>La moda urbana adaptada al estilo Spiuk. Aplicando nuestra experiencia en el desarrollo de prendas deportivas que a\u00fanan comodidad y transpirabilidad, hemos desarrollado la colecci\u00f3n <a href=\"https:\/\/bicycles4ever.intercambionaespanha.com\/productos\/sportswear\/\" target=\"_blank\" rel=\"noopener nofollow\"><strong>Sportswear<\/strong><\/a>. Prendas que empleamos diariamente tanto en el trabajo como en nuestros momentos de ocio. Siempre con nuestra Pasi\u00f3n como eje inspirador.<\/p>\n<\/div>\n<h3 class=\"titleProduct\">Caracter\u00edsticas Polo Ride Hombre Spiuk<\/h3>\n<div class=\"productLongDescription description\">\n<ul>\n<li>Polo de manga corta y estilo deportivo para hombre.<\/li>\n<li>Fabricado en tejidoDri release\u00ae. Seca 4 veces m\u00e1s r\u00e1pido que el algod\u00f3n.<\/li>\n<li>Tratamiento antipeeling que impide la formaci\u00f3n de &#8216;bolitas&#8217; superficiales<\/li>\n<li>Tapacosturas en el cuello, trabilla con 4 botones y aberturas laterales<\/li>\n<li>Etiqueta de silicona de talla y composici\u00f3n. Escudo de marca en silicona con efecto 3D<\/li>\n<\/ul>\n<nav aria-label=\"breadcrumbs\" class=\"rank-math-breadcrumb\"><p><span class=\"last\">Bicycles4ever<\/span><\/p><\/nav>\n<\/div>\n","protected":false},"excerpt":{"rendered":"<p>Polo Spiuk Ride Hombre El ciclismo es m\u00e1s que un deporte, es una forma de vida. Y la Pasi\u00f3n de un ciclista no se apaga una vez se ha bajado de la bicicleta. Por ello, las prendas Sportwear de Spiuk permiten lucir con orgullo nuestra afici\u00f3n m\u00e1s all\u00e1 de la pr\u00e1ctica deportiva. La moda urbana [&#8230;]\n","protected":false},"featured_media":0,"template":"","meta":{"_trash_the_other_posts":false,"editor_notices":[]},"product_brand":[],"product_cat":[555,511],"product_tag":[519],"class_list":{"0":"post-22033","1":"product","2":"type-product","3":"status-publish","5":"product_cat-polos-spiuk","6":"product_cat-ropa-casual-spiuk","7":"product_tag-sportswear","9":"first","10":"instock","11":"taxable","12":"shipping-taxable","13":"product-type-variable"},"_links":{"self":[{"href":"https:\/\/bicycles4ever.com\/fr\/wp-json\/wp\/v2\/product\/22033","targetHints":{"allow":["GET"]}}],"collection":[{"href":"https:\/\/bicycles4ever.com\/fr\/wp-json\/wp\/v2\/product"}],"about":[{"href":"https:\/\/bicycles4ever.com\/fr\/wp-json\/wp\/v2\/types\/product"}],"wp:attachment":[{"href":"https:\/\/bicycles4ever.com\/fr\/wp-json\/wp\/v2\/media?parent=22033"}],"wp:term":[{"taxonomy":"product_brand","embeddable":true,"href":"https:\/\/bicycles4ever.com\/fr\/wp-json\/wp\/v2\/product_brand?post=22033"},{"taxonomy":"product_cat","embeddable":true,"href":"https:\/\/bicycles4ever.com\/fr\/wp-json\/wp\/v2\/product_cat?post=22033"},{"taxonomy":"product_tag","embeddable":true,"href":"https:\/\/bicycles4ever.com\/fr\/wp-json\/wp\/v2\/product_tag?post=22033"}],"curies":[{"name":"wp","href":"https:\/\/api.w.org\/{rel}","templated":true}]}}