{"id":22035,"date":"2023-08-22T12:22:31","date_gmt":"2023-08-22T12:22:31","guid":{"rendered":"https:\/\/bicycles4ever.intercambionaespanha.com\/?post_type=product&#038;p=12816"},"modified":"2024-03-07T21:05:21","modified_gmt":"2024-03-07T21:05:21","slug":"culotte-anatomic-women-corto-spiuk","status":"publish","type":"product","link":"https:\/\/bicycles4ever.com\/fr\/culotte-anatomic-women-corto-spiuk\/","title":{"rendered":"Culotte Anatomic Women Corto Spiuk"},"content":{"rendered":"<h2>Culotte Spiuk Anatomic Women <span style=\"font-size: 23.04px;\">Corto<\/span><\/h2>\n<p>El culottte Anatomic Women es el fondo de armario perfecto. C\u00f3modo, vers\u00e1til y con una variedad de patrones y de colores para que elijas el que m\u00e1s encaje contigo.<br \/>\nTodo esto, sin perder de vista la fiabilidad en el rendimiento.<\/p>\n<p>Por eso, todos los culotes Anatomic emplean nuestro reconocido tejido ErgodryFresh\u00ae y la badana Spiuk 300 Line que garantiza protecci\u00f3n, ajuste y libertad de movimientos.<\/p>\n<h3 class=\"titleProduct\">Caracter\u00edsticas Culotte Women Corto Anatomic Summer Spiuk<\/h3>\n<div class=\"productLongDescription description\">\n<ul>\n<li>Culotte corto de ciclismo con tirante central y apertura frontal de estilo minimalista<\/li>\n<li>Ideal para los meses m\u00e1s calurosos del a\u00f1o<\/li>\n<li>Badana Spiuk\u00ae 300 Line desarrollada para salidas de hasta 3 horas<\/li>\n<li>Tejidos ligeros y biel\u00e1sticos ErgodryFresh\u00ae y cintas de sujeci\u00f3n de silicona ocultas<\/li>\n<li>Reflectantes delantero y trasero para una mayor visibilidad<\/li>\n<\/ul>\n<nav aria-label=\"breadcrumbs\" class=\"rank-math-breadcrumb\"><p><span class=\"last\">Bicycles4ever<\/span><\/p><\/nav>\n<\/div>\n","protected":false},"excerpt":{"rendered":"<p>Culotte Spiuk Anatomic Women Corto El culottte Anatomic Women es el fondo de armario perfecto. C\u00f3modo, vers\u00e1til y con una variedad de patrones y de colores para que elijas el que m\u00e1s encaje contigo. Todo esto, sin perder de vista la fiabilidad en el rendimiento. Por eso, todos los culotes Anatomic emplean nuestro reconocido tejido [&#8230;]\n","protected":false},"featured_media":0,"template":"","meta":{"_trash_the_other_posts":false,"editor_notices":[]},"product_brand":[],"product_cat":[549,470],"product_tag":[447,493],"class_list":{"0":"post-22035","1":"product","2":"type-product","3":"status-publish","5":"product_cat-culottes-cortos-spiuk","6":"product_cat-culottes-spiuk","7":"product_tag-anatomic","8":"product_tag-mujer","10":"first","11":"instock","12":"taxable","13":"shipping-taxable","14":"product-type-variable"},"_links":{"self":[{"href":"https:\/\/bicycles4ever.com\/fr\/wp-json\/wp\/v2\/product\/22035","targetHints":{"allow":["GET"]}}],"collection":[{"href":"https:\/\/bicycles4ever.com\/fr\/wp-json\/wp\/v2\/product"}],"about":[{"href":"https:\/\/bicycles4ever.com\/fr\/wp-json\/wp\/v2\/types\/product"}],"wp:attachment":[{"href":"https:\/\/bicycles4ever.com\/fr\/wp-json\/wp\/v2\/media?parent=22035"}],"wp:term":[{"taxonomy":"product_brand","embeddable":true,"href":"https:\/\/bicycles4ever.com\/fr\/wp-json\/wp\/v2\/product_brand?post=22035"},{"taxonomy":"product_cat","embeddable":true,"href":"https:\/\/bicycles4ever.com\/fr\/wp-json\/wp\/v2\/product_cat?post=22035"},{"taxonomy":"product_tag","embeddable":true,"href":"https:\/\/bicycles4ever.com\/fr\/wp-json\/wp\/v2\/product_tag?post=22035"}],"curies":[{"name":"wp","href":"https:\/\/api.w.org\/{rel}","templated":true}]}}