{"id":22036,"date":"2023-08-22T13:32:42","date_gmt":"2023-08-22T13:32:42","guid":{"rendered":"https:\/\/bicycles4ever.intercambionaespanha.com\/?post_type=product&amp;p=12825"},"modified":"2023-08-22T13:32:42","modified_gmt":"2023-08-22T13:32:42","slug":"maillot-anatomic-women-spiuk","status":"publish","type":"product","link":"https:\/\/bicycles4ever.com\/fr\/maillot-anatomic-women-spiuk\/","title":{"rendered":"Maillot Anatomic Women Spiuk"},"content":{"rendered":"<h2>Maillot Manga Corta Spiuk Anatomic Women<\/h2>\n<p>El maillot Anatomic Spiuk para mujer es ligeramente ce\u00f1ido y destaca por su dise\u00f1o minimalista y elegante. El tejido SensoDryFresh\u00ae y la rejilla lo convierten en una prenda ideal para los meses m\u00e1s calurosos del a\u00f1o.<\/p>\n<p>Uno de los modelos m\u00e1s vendidos y exitosos de los <a href=\"https:\/\/bicycles4ever.intercambionaespanha.com\/maillots-spiuk\/maillots-manga-corta-spiuk\/\" rel=\"nofollow noopener\" target=\"_blank\">Maillots Manga Corta Spiuk<\/a>. El maillot Anatomic Women es una prenda esencial para sortear cualquier situaci\u00f3n por su comodidad y versatilidad.<\/p>\n<h3 class=\"titleProduct\">Caracter\u00edsticas Maillot Spiuk Anatomic Women Summer<\/h3>\n<div class=\"productLongDescription description\">\n<ul>\n<li>Maillot de ciclismo de manga corta ligeramente ce\u00f1ido y ,de estilo minimalista<\/li>\n<li>Ideal para los meses m\u00e1s calurosos del a\u00f1o<\/li>\n<li>Combinaci\u00f3n de tejidos lisos y de rejilla SensodryFresh\u00ae ligeros y muy transpirables<\/li>\n<li>Patr\u00f3n anat\u00f3mico en las mangas para un ajuste firme y c\u00f3modo<\/li>\n<li>3 bolsillos traseros y reflectantes frontal y trasero<\/li>\n<\/ul>\n<nav aria-label=\"breadcrumbs\" class=\"rank-math-breadcrumb\"><p><span class=\"last\">Bicycles4ever<\/span><\/p><\/nav>\n<\/div>\n","protected":false},"excerpt":{"rendered":"<p>Maillot Manga Corta Spiuk Anatomic Women El maillot Anatomic Spiuk para mujer es ligeramente ce\u00f1ido y destaca por su dise\u00f1o minimalista y elegante. El tejido SensoDryFresh\u00ae y la rejilla lo convierten en una prenda ideal para los meses m\u00e1s calurosos del a\u00f1o. Uno de los modelos m\u00e1s vendidos y exitosos de los Maillots Manga Corta [&#8230;]\n","protected":false},"featured_media":0,"template":"","meta":{"_trash_the_other_posts":false,"editor_notices":[]},"product_brand":[],"product_cat":[552,492],"product_tag":[447,493],"class_list":{"0":"post-22036","1":"product","2":"type-product","3":"status-publish","5":"product_cat-maillots-manga-corta-spiuk","6":"product_cat-maillots-spiuk","7":"product_tag-anatomic","8":"product_tag-mujer","10":"first","11":"instock","12":"taxable","13":"shipping-taxable","14":"product-type-variable"},"_links":{"self":[{"href":"https:\/\/bicycles4ever.com\/fr\/wp-json\/wp\/v2\/product\/22036","targetHints":{"allow":["GET"]}}],"collection":[{"href":"https:\/\/bicycles4ever.com\/fr\/wp-json\/wp\/v2\/product"}],"about":[{"href":"https:\/\/bicycles4ever.com\/fr\/wp-json\/wp\/v2\/types\/product"}],"wp:attachment":[{"href":"https:\/\/bicycles4ever.com\/fr\/wp-json\/wp\/v2\/media?parent=22036"}],"wp:term":[{"taxonomy":"product_brand","embeddable":true,"href":"https:\/\/bicycles4ever.com\/fr\/wp-json\/wp\/v2\/product_brand?post=22036"},{"taxonomy":"product_cat","embeddable":true,"href":"https:\/\/bicycles4ever.com\/fr\/wp-json\/wp\/v2\/product_cat?post=22036"},{"taxonomy":"product_tag","embeddable":true,"href":"https:\/\/bicycles4ever.com\/fr\/wp-json\/wp\/v2\/product_tag?post=22036"}],"curies":[{"name":"wp","href":"https:\/\/api.w.org\/{rel}","templated":true}]}}