{"id":5004,"date":"2021-05-31T16:48:23","date_gmt":"2021-05-31T16:48:23","guid":{"rendered":"https:\/\/bicycles4ever.intercambionaespanha.com\/?post_type=product&amp;p=5004"},"modified":"2021-05-31T16:48:23","modified_gmt":"2021-05-31T16:48:23","slug":"casco-profit-spiuk","status":"publish","type":"product","link":"https:\/\/bicycles4ever.com\/fr\/casco-profit-spiuk\/","title":{"rendered":"Casco Profit Spiuk"},"content":{"rendered":"<h2>Casco Spiuk Profit<\/h2>\n<p>El nuevo <strong>Casco de Ciclismo Spiuk PROFIT<\/strong>\u00a0te acerca a tu mejor versi\u00f3n. Apura en las bajadas a lomos de la confianza que transmite su ajuste Boa\u00ae. Es impecable e intuitivo. Pedalea por nuevos horizontes de comodidad gracias a detalles pro como la hebilla magn\u00e9tica Fidlock\u00ae y los divisores ArrowHead\u00ae. Rinde mejor y por m\u00e1s tiempo acariciado por la ventilaci\u00f3n interna Airflow 360\u00ba. Olvida todo a tu alrededor. Conc\u00e9ntrate solo en cada golpe de pedal. Las buenas sensaciones ahora significan ser m\u00e1s competitivo y disfrutar mejor el camino.<\/p>\n<p>Descubre un nuevo mundo m\u00e1s all\u00e1 de la aerodin\u00e1mica. El <strong>Casco Spiuk PROFIT<\/strong>\u00a0te motiva a alcanza<a class=\"wp-first-item current\" href=\"https:\/\/bicycles4ever.intercambionaespanha.com\/wp-admin\/edit.php?post_type=product\" aria-current=\"page\" rel=\"nofollow noopener\" target=\"_blank\">Todos los productos<\/a>r tu mejor rendimiento alentado por un confort como nunca antes has sentido.<\/p>\n<h3 class=\"titleProduct\">Caracter\u00edsticas Casco Profit Spiuk<\/h3>\n<ul>\n<li>Casco de ciclismo de competici\u00f3n de confort extraordinario<\/li>\n<li>Ideal para largas distancias, Gran Fondo, o situaciones de altas temperaturas<\/li>\n<li>Ajuste profesional con\u00a0,cierre microm\u00e9trico BOA\u00ae 360\u00ba, hebilla magn\u00e9tica Fidlock\u00ae y divisores ArrowHead<\/li>\n<li>Gran \u00e1rea frontal de ventilaci\u00f3n y Arquitectura Airflow 360\u00ba que permite un gran flujo constante de aire<\/li>\n<li>Esqueleto interno de refuerzo InCage que mejora la respuesta a impactos<\/li>\n<\/ul>\n<nav aria-label=\"breadcrumbs\" class=\"rank-math-breadcrumb\"><p><span class=\"last\">Bicycles4ever<\/span><\/p><\/nav>\n","protected":false},"excerpt":{"rendered":"<p>Casco Spiuk Profit El nuevo Casco de Ciclismo Spiuk PROFIT\u00a0te acerca a tu mejor versi\u00f3n. Apura en las bajadas a lomos de la confianza que transmite su ajuste Boa\u00ae. Es impecable e intuitivo. Pedalea por nuevos horizontes de comodidad gracias a detalles pro como la hebilla magn\u00e9tica Fidlock\u00ae y los divisores ArrowHead\u00ae. Rinde mejor y [&#8230;]\n","protected":false},"featured_media":0,"template":"","meta":{"_trash_the_other_posts":false,"editor_notices":[]},"product_brand":[],"product_cat":[464],"product_tag":[503],"class_list":{"0":"post-5004","1":"product","2":"type-product","3":"status-publish","5":"product_cat-cascos-spiuk","6":"product_tag-profit","8":"first","9":"instock","10":"taxable","11":"shipping-taxable","12":"product-type-variable"},"_links":{"self":[{"href":"https:\/\/bicycles4ever.com\/fr\/wp-json\/wp\/v2\/product\/5004","targetHints":{"allow":["GET"]}}],"collection":[{"href":"https:\/\/bicycles4ever.com\/fr\/wp-json\/wp\/v2\/product"}],"about":[{"href":"https:\/\/bicycles4ever.com\/fr\/wp-json\/wp\/v2\/types\/product"}],"wp:attachment":[{"href":"https:\/\/bicycles4ever.com\/fr\/wp-json\/wp\/v2\/media?parent=5004"}],"wp:term":[{"taxonomy":"product_brand","embeddable":true,"href":"https:\/\/bicycles4ever.com\/fr\/wp-json\/wp\/v2\/product_brand?post=5004"},{"taxonomy":"product_cat","embeddable":true,"href":"https:\/\/bicycles4ever.com\/fr\/wp-json\/wp\/v2\/product_cat?post=5004"},{"taxonomy":"product_tag","embeddable":true,"href":"https:\/\/bicycles4ever.com\/fr\/wp-json\/wp\/v2\/product_tag?post=5004"}],"curies":[{"name":"wp","href":"https:\/\/api.w.org\/{rel}","templated":true}]}}