{"id":5024,"date":"2021-06-01T13:08:40","date_gmt":"2021-06-01T13:08:40","guid":{"rendered":"https:\/\/bicycles4ever.intercambionaespanha.com\/?post_type=product&amp;p=5024"},"modified":"2021-06-01T13:08:40","modified_gmt":"2021-06-01T13:08:40","slug":"casco-profit-aero-spiuk","status":"publish","type":"product","link":"https:\/\/bicycles4ever.com\/fr\/casco-profit-aero-spiuk\/","title":{"rendered":"Casco Profit Aero Spiuk"},"content":{"rendered":"<h2>Casco Spiuk Profit Aero<\/h2>\n<p>Qui\u00e9n va r\u00e1pido, siempre desea ir a\u00fan m\u00e1s r\u00e1pido. Esta es la raz\u00f3n por la que acentuamos tanto la aerodin\u00e1mica en el <strong>Profit Aero<\/strong>. Nuestra m\u00e1quina del tiempo roba-segundos.<\/p>\n<p>La arquitectura del <strong>Casco Profit Aero Spiuk<\/strong> mantiene el interior ventilado mientras corta el viento como un F-15. Aunque seamos realistas. Para rodar como un rayo, debes sentirte seguro. Por eso incluye el Boa\u00ae fit system. Es el sistema de retenci\u00f3n m\u00e1s reconocido, y tambi\u00e9n el mejor. Intuitivo, confortable y milim\u00e9trico. Y una vez ajustes la hebilla magn\u00e9tica Fidlock\u00ae con una mano\u2026 entender\u00e1s por qu\u00e9 nos ha felicitado el Campe\u00f3n del Mundo de triathlon, Mario Mola.<\/p>\n<h3 class=\"titleProduct\">Caracter\u00edsticas Casco Profit Aero Spiuk<\/h3>\n<div class=\"productLongDescription description\">\n<ul>\n<li>Casco aerodin\u00e1mico de ciclismo profesional<\/li>\n<li>Ideal para ara\u00f1ar segundos en competici\u00f3n, contrarreloj o triatl\u00f3n<\/li>\n<li>Ajuste r\u00e1pido y preciso gracias al cierre magn\u00e9tico Fidlock\u00ae y el Boa\u00ae Fit System<\/li>\n<li>Geometr\u00eda muy compacta de reducida \u00e1rea frontal<\/li>\n<li>Arquitectura interna Airflow y tejidos antibacterianos para asegurar el frescor en la cabeza<\/li>\n<\/ul>\n<nav aria-label=\"breadcrumbs\" class=\"rank-math-breadcrumb\"><p><span class=\"last\">Bicycles4ever<\/span><\/p><\/nav>\n<\/div>\n","protected":false},"excerpt":{"rendered":"<p>Casco Spiuk Profit Aero Qui\u00e9n va r\u00e1pido, siempre desea ir a\u00fan m\u00e1s r\u00e1pido. Esta es la raz\u00f3n por la que acentuamos tanto la aerodin\u00e1mica en el Profit Aero. Nuestra m\u00e1quina del tiempo roba-segundos. La arquitectura del Casco Profit Aero Spiuk mantiene el interior ventilado mientras corta el viento como un F-15. Aunque seamos realistas. Para [&#8230;]\n","protected":false},"featured_media":0,"template":"","meta":{"_trash_the_other_posts":false,"editor_notices":[]},"product_brand":[],"product_cat":[464],"product_tag":[503],"class_list":{"0":"post-5024","1":"product","2":"type-product","3":"status-publish","5":"product_cat-cascos-spiuk","6":"product_tag-profit","8":"first","9":"instock","10":"taxable","11":"shipping-taxable","12":"product-type-variable"},"_links":{"self":[{"href":"https:\/\/bicycles4ever.com\/fr\/wp-json\/wp\/v2\/product\/5024","targetHints":{"allow":["GET"]}}],"collection":[{"href":"https:\/\/bicycles4ever.com\/fr\/wp-json\/wp\/v2\/product"}],"about":[{"href":"https:\/\/bicycles4ever.com\/fr\/wp-json\/wp\/v2\/types\/product"}],"wp:attachment":[{"href":"https:\/\/bicycles4ever.com\/fr\/wp-json\/wp\/v2\/media?parent=5024"}],"wp:term":[{"taxonomy":"product_brand","embeddable":true,"href":"https:\/\/bicycles4ever.com\/fr\/wp-json\/wp\/v2\/product_brand?post=5024"},{"taxonomy":"product_cat","embeddable":true,"href":"https:\/\/bicycles4ever.com\/fr\/wp-json\/wp\/v2\/product_cat?post=5024"},{"taxonomy":"product_tag","embeddable":true,"href":"https:\/\/bicycles4ever.com\/fr\/wp-json\/wp\/v2\/product_tag?post=5024"}],"curies":[{"name":"wp","href":"https:\/\/api.w.org\/{rel}","templated":true}]}}