{"id":5335,"date":"2021-10-26T19:08:37","date_gmt":"2021-10-26T19:08:37","guid":{"rendered":"https:\/\/bicycles4ever.intercambionaespanha.com\/?post_type=product&amp;p=5335"},"modified":"2021-10-26T19:08:37","modified_gmt":"2021-10-26T19:08:37","slug":"zapatilla-carretera-profit-rc-spiuk","status":"publish","type":"product","link":"https:\/\/bicycles4ever.com\/fr\/zapatilla-carretera-profit-rc-spiuk\/","title":{"rendered":"Zapatilla Carretera Profit RC Spiuk"},"content":{"rendered":"<h2>Zapatilla Carretera Spiuk Profit RC<\/h2>\n<p>La <strong>Zapatilla de Ciclismo Carretera PROFIT RC<\/strong>\u00a0une a la Sant\u00edsima Trinidad del ciclismo: Precisi\u00f3n en el pedaleo, Energ\u00eda transmitida y Confort de uso. Todo ello en el calzado m\u00e1s ligero que jam\u00e1s hayamos desarrollado.<\/p>\n<p>Ya sea en las cumbres m\u00e1s altas, rodando a fuego o peleando un sprint&#8230; la <strong>Zapatilla PROFIT<\/strong> exprime tu mejor versi\u00f3n. Todo empieza con un ajuste exquisito. Y el Boa\u00ae Fit System es infalible de la primera hasta la \u00faltima pedalada. Es el complemento perfecto de la cubierta, ligera como una pluma. Una segunda piel con suela de Carbono. Suma kil\u00f3metros de puro rendimiento y confort. Y marca la diferencia en los momentos clave.<\/p>\n<h3 class=\"titleProduct\">Caracter\u00edsticas Zapatilla Carretera Profit RC Spiuk<\/h3>\n<div class=\"productLongDescription description\">\n<ul>\n<li>Zapatilla de ciclismo profesional con Boa\u00ae Fit System de \u00faltima generaci\u00f3n<\/li>\n<li>Dise\u00f1ada para un alto rendimiento en\u00a0, competici\u00f3n por carretera<\/li>\n<li>Suela RLX31\u00ae de fibra de carbono UD con taco trasero intercambiable<\/li>\n<li>Equipada con Boa\u00ae Fit System de ajuste milim\u00e9trico bidireccional<\/li>\n<li>Estructura que combina gran ligereza, transpirabilidad y una perfecta estabilidad<\/li>\n<\/ul>\n<nav aria-label=\"breadcrumbs\" class=\"rank-math-breadcrumb\"><p><span class=\"last\">Bicycles4ever<\/span><\/p><\/nav>\n<\/div>\n","protected":false},"excerpt":{"rendered":"<p>Zapatilla Carretera Spiuk Profit RC La Zapatilla de Ciclismo Carretera PROFIT RC\u00a0une a la Sant\u00edsima Trinidad del ciclismo: Precisi\u00f3n en el pedaleo, Energ\u00eda transmitida y Confort de uso. Todo ello en el calzado m\u00e1s ligero que jam\u00e1s hayamos desarrollado. Ya sea en las cumbres m\u00e1s altas, rodando a fuego o peleando un sprint&#8230; la Zapatilla [&#8230;]\n","protected":false},"featured_media":0,"template":"","meta":{"_trash_the_other_posts":false,"editor_notices":[]},"product_brand":[],"product_cat":[556,544],"product_tag":[503],"class_list":{"0":"post-5335","1":"product","2":"type-product","3":"status-publish","5":"product_cat-zapatillas-carretera-spiuk","6":"product_cat-zapatillas-spiuk","7":"product_tag-profit","9":"first","10":"instock","11":"taxable","12":"shipping-taxable","13":"product-type-variable"},"_links":{"self":[{"href":"https:\/\/bicycles4ever.com\/fr\/wp-json\/wp\/v2\/product\/5335","targetHints":{"allow":["GET"]}}],"collection":[{"href":"https:\/\/bicycles4ever.com\/fr\/wp-json\/wp\/v2\/product"}],"about":[{"href":"https:\/\/bicycles4ever.com\/fr\/wp-json\/wp\/v2\/types\/product"}],"wp:attachment":[{"href":"https:\/\/bicycles4ever.com\/fr\/wp-json\/wp\/v2\/media?parent=5335"}],"wp:term":[{"taxonomy":"product_brand","embeddable":true,"href":"https:\/\/bicycles4ever.com\/fr\/wp-json\/wp\/v2\/product_brand?post=5335"},{"taxonomy":"product_cat","embeddable":true,"href":"https:\/\/bicycles4ever.com\/fr\/wp-json\/wp\/v2\/product_cat?post=5335"},{"taxonomy":"product_tag","embeddable":true,"href":"https:\/\/bicycles4ever.com\/fr\/wp-json\/wp\/v2\/product_tag?post=5335"}],"curies":[{"name":"wp","href":"https:\/\/api.w.org\/{rel}","templated":true}]}}