{"id":5342,"date":"2021-10-27T18:19:12","date_gmt":"2021-10-27T18:19:12","guid":{"rendered":"https:\/\/bicycles4ever.intercambionaespanha.com\/?post_type=product&amp;p=5342"},"modified":"2021-10-27T18:19:12","modified_gmt":"2021-10-27T18:19:12","slug":"casco-adante-edition-spiuk","status":"publish","type":"product","link":"https:\/\/bicycles4ever.com\/fr\/casco-adante-edition-spiuk\/","title":{"rendered":"Casco Adante Edition Spiuk"},"content":{"rendered":"<h2>Casco Spiuk Adante Edition<\/h2>\n<p>Con el <strong>Casco de Ciclismo Spiuk Adante Edition<\/strong> estar\u00e1s c\u00f3modo y protegido en los momentos clave. Por experiencia sabemos que de nada sirve llevar la mejor coraza\u2026 si no est\u00e1 bien sujeta. Por eso utilizamos divisores Arrow Head: consigue un ajuste adaptativo y preciso de las cintas laterales. Notar\u00e1s una sensaci\u00f3n de seguridad sutil pero perceptible. Y la arquitectura interna Airflow mejora tanto la ventilaci\u00f3n que podr\u00e1s planear la etapa m\u00e1s dura que se te ocurra.<\/p>\n<h3 class=\"titleProduct\">Caracter\u00edsticas Casco Adante Edition Spiuk<\/h3>\n<div class=\"productLongDescription description\">\n<ul>\n<li>Casco de ciclismo con un completo kit de accesorios<\/li>\n<li>Enfocado a sesiones de alta intensidad o largas distancias<\/li>\n<li>Retenci\u00f3n trasera Spiuk\u00ae X1 y divisores laterales Spiuk\u00ae Arrow Head para un ajuste muy preciso<\/li>\n<li>Carcasa cerrada extra\u00edble para mejorar la aerodin\u00e1mica o protegerse de fr\u00edo y lluvia<\/li>\n<li>Visera extra\u00edble para usos todoterreno. Juego extra de almohadillas con red antiinsectos<\/li>\n<\/ul>\n<nav aria-label=\"breadcrumbs\" class=\"rank-math-breadcrumb\"><p><span class=\"last\">Bicycles4ever<\/span><\/p><\/nav>\n<\/div>\n","protected":false},"excerpt":{"rendered":"<p>Casco Spiuk Adante Edition Con el Casco de Ciclismo Spiuk Adante Edition estar\u00e1s c\u00f3modo y protegido en los momentos clave. Por experiencia sabemos que de nada sirve llevar la mejor coraza\u2026 si no est\u00e1 bien sujeta. Por eso utilizamos divisores Arrow Head: consigue un ajuste adaptativo y preciso de las cintas laterales. Notar\u00e1s una sensaci\u00f3n [&#8230;]\n","protected":false},"featured_media":0,"template":"","meta":{"_trash_the_other_posts":false,"editor_notices":[]},"product_brand":[],"product_cat":[464],"product_tag":[],"class_list":{"0":"post-5342","1":"product","2":"type-product","3":"status-publish","5":"product_cat-cascos-spiuk","7":"first","8":"instock","9":"taxable","10":"shipping-taxable","11":"product-type-variable"},"_links":{"self":[{"href":"https:\/\/bicycles4ever.com\/fr\/wp-json\/wp\/v2\/product\/5342","targetHints":{"allow":["GET"]}}],"collection":[{"href":"https:\/\/bicycles4ever.com\/fr\/wp-json\/wp\/v2\/product"}],"about":[{"href":"https:\/\/bicycles4ever.com\/fr\/wp-json\/wp\/v2\/types\/product"}],"wp:attachment":[{"href":"https:\/\/bicycles4ever.com\/fr\/wp-json\/wp\/v2\/media?parent=5342"}],"wp:term":[{"taxonomy":"product_brand","embeddable":true,"href":"https:\/\/bicycles4ever.com\/fr\/wp-json\/wp\/v2\/product_brand?post=5342"},{"taxonomy":"product_cat","embeddable":true,"href":"https:\/\/bicycles4ever.com\/fr\/wp-json\/wp\/v2\/product_cat?post=5342"},{"taxonomy":"product_tag","embeddable":true,"href":"https:\/\/bicycles4ever.com\/fr\/wp-json\/wp\/v2\/product_tag?post=5342"}],"curies":[{"name":"wp","href":"https:\/\/api.w.org\/{rel}","templated":true}]}}