{"id":5354,"date":"2021-10-27T19:02:02","date_gmt":"2021-10-27T19:02:02","guid":{"rendered":"https:\/\/bicycles4ever.intercambionaespanha.com\/?post_type=product&amp;p=5354"},"modified":"2021-10-27T19:02:02","modified_gmt":"2021-10-27T19:02:02","slug":"casco-dharma-edition-spiuk","status":"publish","type":"product","link":"https:\/\/bicycles4ever.com\/fr\/casco-dharma-edition-spiuk\/","title":{"rendered":"Casco Dharma Edition Spiuk"},"content":{"rendered":"<h2>Casco Spiuk Dharma Edition<\/h2>\n<p>El <strong>Casco de Ciclismo Dharma<\/strong> es un casco con pedigr\u00ed. Un superventas que gusta tanto al cicloturista como al profesional m\u00e1s exigente. Lo l\u00f3gico si combinas con \u00e9xito seguridad, comodidad y ligereza.<\/p>\n<h3 class=\"titleProduct\">Caracter\u00edsticas Casco Dharma Edition Spiuk<\/h3>\n<div class=\"productLongDescription description\">\n<ul>\n<li>Casco de ciclismo muy compacto y de excelente ventilaci\u00f3n<\/li>\n<li>Concebido para sesiones de intensidad alta o altas temperaturas<\/li>\n<li>Estructura Supercage que permite una mayor entrada frontal de aire<\/li>\n<li>Tecnolog\u00eda Conehead\u00ae de doble densidad de espuma que mejora la absorci\u00f3n de impactos<\/li>\n<li>Visera extra\u00edble y juego extra de almohadillas anti-insectos. Carcasa cerrada disponible por separado<\/li>\n<\/ul>\n<nav aria-label=\"breadcrumbs\" class=\"rank-math-breadcrumb\"><p><span class=\"last\">Bicycles4ever<\/span><\/p><\/nav>\n<\/div>\n","protected":false},"excerpt":{"rendered":"<p>Casco Spiuk Dharma Edition El Casco de Ciclismo Dharma es un casco con pedigr\u00ed. Un superventas que gusta tanto al cicloturista como al profesional m\u00e1s exigente. Lo l\u00f3gico si combinas con \u00e9xito seguridad, comodidad y ligereza. Caracter\u00edsticas Casco Dharma Edition Spiuk Casco de ciclismo muy compacto y de excelente ventilaci\u00f3n Concebido para sesiones de intensidad [&#8230;]\n","protected":false},"featured_media":0,"template":"","meta":{"_trash_the_other_posts":false,"editor_notices":[]},"product_brand":[],"product_cat":[464],"product_tag":[],"class_list":{"0":"post-5354","1":"product","2":"type-product","3":"status-publish","5":"product_cat-cascos-spiuk","7":"first","8":"instock","9":"taxable","10":"shipping-taxable","11":"product-type-variable"},"_links":{"self":[{"href":"https:\/\/bicycles4ever.com\/fr\/wp-json\/wp\/v2\/product\/5354","targetHints":{"allow":["GET"]}}],"collection":[{"href":"https:\/\/bicycles4ever.com\/fr\/wp-json\/wp\/v2\/product"}],"about":[{"href":"https:\/\/bicycles4ever.com\/fr\/wp-json\/wp\/v2\/types\/product"}],"wp:attachment":[{"href":"https:\/\/bicycles4ever.com\/fr\/wp-json\/wp\/v2\/media?parent=5354"}],"wp:term":[{"taxonomy":"product_brand","embeddable":true,"href":"https:\/\/bicycles4ever.com\/fr\/wp-json\/wp\/v2\/product_brand?post=5354"},{"taxonomy":"product_cat","embeddable":true,"href":"https:\/\/bicycles4ever.com\/fr\/wp-json\/wp\/v2\/product_cat?post=5354"},{"taxonomy":"product_tag","embeddable":true,"href":"https:\/\/bicycles4ever.com\/fr\/wp-json\/wp\/v2\/product_tag?post=5354"}],"curies":[{"name":"wp","href":"https:\/\/api.w.org\/{rel}","templated":true}]}}