{"id":5376,"date":"2021-10-27T21:36:46","date_gmt":"2021-10-27T21:36:46","guid":{"rendered":"https:\/\/bicycles4ever.intercambionaespanha.com\/?post_type=product&amp;p=5376"},"modified":"2021-10-27T21:36:46","modified_gmt":"2021-10-27T21:36:46","slug":"casco-korben-spiuk","status":"publish","type":"product","link":"https:\/\/bicycles4ever.com\/fr\/casco-korben-spiuk\/","title":{"rendered":"Casco Korben Spiuk"},"content":{"rendered":"<h2>Casco Spiuk Korben<\/h2>\n<p>Para crear el <strong>Casco de Ciclismo Spiuk Korben<\/strong>, Spiuk ha pedido a los dise\u00f1adores que imaginen el futuro. Por supuesto, con la Seguridad como eje principal. El resultado es un modelo de aspecto espectacular: geometr\u00eda minimalista y aerodin\u00e1mica en estado puro. Recuerda a la arquitectura m\u00e1s vanguardista. El acabado Metalline Skin\u00ae que hemos inyectado en su superficie te convencer\u00e1 de que est\u00e1s ante un casco muy especial. El casco del ma\u00f1ana, hoy.<\/p>\n<p>Cuando marcas tendencia, no necesitas ir a rueda de nadie. As\u00ed entendemos el <strong>Casco Spiuk Korben<\/strong>. Un casco para quienes ruedan al frente de la grupeta\u2026 y de cualquier moda.<\/p>\n<h3 class=\"titleProduct\">Caracter\u00edsticas Casco Korben Spiuk<\/h3>\n<div class=\"productLongDescription description\">\n<ul>\n<li>Casco aerodin\u00e1mico de ciclismo<\/li>\n<li>Ideal para ara\u00f1ar segundos en carretera o triatl\u00f3n<\/li>\n<li>Geometr\u00eda muy compacta de reducida \u00e1rea frontal<\/li>\n<li>Arquitectura interna Airflow que refrigera y mejora el rendimiento aerodin\u00e1mico<\/li>\n<li>Retenci\u00f3n trasera Spiuk\u00ae X1 y divisores laterales Spiuk\u00ae Arrow Head para un ajuste muy preciso<\/li>\n<\/ul>\n<nav aria-label=\"breadcrumbs\" class=\"rank-math-breadcrumb\"><p><span class=\"last\">Bicycles4ever<\/span><\/p><\/nav>\n<\/div>\n","protected":false},"excerpt":{"rendered":"<p>Casco Spiuk Korben Para crear el Casco de Ciclismo Spiuk Korben, Spiuk ha pedido a los dise\u00f1adores que imaginen el futuro. Por supuesto, con la Seguridad como eje principal. El resultado es un modelo de aspecto espectacular: geometr\u00eda minimalista y aerodin\u00e1mica en estado puro. Recuerda a la arquitectura m\u00e1s vanguardista. El acabado Metalline Skin\u00ae que [&#8230;]\n","protected":false},"featured_media":0,"template":"","meta":{"_trash_the_other_posts":false,"editor_notices":[]},"product_brand":[],"product_cat":[464],"product_tag":[],"class_list":{"0":"post-5376","1":"product","2":"type-product","3":"status-publish","5":"product_cat-cascos-spiuk","7":"first","8":"instock","9":"taxable","10":"shipping-taxable","11":"product-type-variable"},"_links":{"self":[{"href":"https:\/\/bicycles4ever.com\/fr\/wp-json\/wp\/v2\/product\/5376","targetHints":{"allow":["GET"]}}],"collection":[{"href":"https:\/\/bicycles4ever.com\/fr\/wp-json\/wp\/v2\/product"}],"about":[{"href":"https:\/\/bicycles4ever.com\/fr\/wp-json\/wp\/v2\/types\/product"}],"wp:attachment":[{"href":"https:\/\/bicycles4ever.com\/fr\/wp-json\/wp\/v2\/media?parent=5376"}],"wp:term":[{"taxonomy":"product_brand","embeddable":true,"href":"https:\/\/bicycles4ever.com\/fr\/wp-json\/wp\/v2\/product_brand?post=5376"},{"taxonomy":"product_cat","embeddable":true,"href":"https:\/\/bicycles4ever.com\/fr\/wp-json\/wp\/v2\/product_cat?post=5376"},{"taxonomy":"product_tag","embeddable":true,"href":"https:\/\/bicycles4ever.com\/fr\/wp-json\/wp\/v2\/product_tag?post=5376"}],"curies":[{"name":"wp","href":"https:\/\/api.w.org\/{rel}","templated":true}]}}