{"id":5393,"date":"2021-10-27T22:01:13","date_gmt":"2021-10-27T22:01:13","guid":{"rendered":"https:\/\/bicycles4ever.intercambionaespanha.com\/?post_type=product&amp;p=5393"},"modified":"2021-10-27T22:01:13","modified_gmt":"2021-10-27T22:01:13","slug":"casco-eleo-spiuk","status":"publish","type":"product","link":"https:\/\/bicycles4ever.com\/fr\/casco-eleo-spiuk\/","title":{"rendered":"Casco Eleo Spiuk"},"content":{"rendered":"<h2>Casco Spiuk Eleo<\/h2>\n<p>Con el <strong>Casco de Ciclismo Eleo<\/strong> podr\u00e1s progresar sin prisa pero sin pausa. Ya te quitaste la L. Ahora buscas un extra de confort y seguridad respecto a tu viejo casco. Y dejar de parecer un globero&#8230; A medida que sumes kil\u00f3metros a tus piernas, valorar\u00e1s mejor sus peque\u00f1os detalles. Un ejemplo: la excelente ventilaci\u00f3n interna que favorece la arquitectura Airflow. Impagable cuando subes la intensidad o ruedas en d\u00edas calurosos. Un casco que te enorgullecer\u00e1 recomendar a un amigo.<\/p>\n<p>\u201cC\u00f3modo\u201d y \u201cseguro\u201d. Dos adjetivos que escuchamos al preguntar a un ciclista por su casco ideal. \u201cEst\u00e9tica\u201d y \u201cprecio\u201d tambi\u00e9n suelen aparecer. Ninguno de ellos es ajeno al <strong>Casco Spiuk Eleo<\/strong>.<\/p>\n<h3 class=\"titleProduct\">Caracter\u00edsticas Casco Eleo Spiuk<\/h3>\n<div class=\"productLongDescription description\">\n<ul>\n<li>Casco de ciclismo de excelente ventilaci\u00f3n<\/li>\n<li>Perfecto para salidas de intensidad moderadas\/altas o altas temperaturas\u00a0,<\/li>\n<li>Arquitectura interna Airflow que favorece los flujos de aire para la refrigeraci\u00f3n<\/li>\n<li>Retenci\u00f3n trasera Spiuk\u00ae X1 y divisores laterales Spiuk\u00ae Arrow Head para un ajuste muy preciso<\/li>\n<li>Incluye visera extra\u00edble y red anti-insectos integrada en la almohadilla<\/li>\n<\/ul>\n<nav aria-label=\"breadcrumbs\" class=\"rank-math-breadcrumb\"><p><span class=\"last\">Bicycles4ever<\/span><\/p><\/nav>\n<\/div>\n","protected":false},"excerpt":{"rendered":"<p>Casco Spiuk Eleo Con el Casco de Ciclismo Eleo podr\u00e1s progresar sin prisa pero sin pausa. Ya te quitaste la L. Ahora buscas un extra de confort y seguridad respecto a tu viejo casco. Y dejar de parecer un globero&#8230; A medida que sumes kil\u00f3metros a tus piernas, valorar\u00e1s mejor sus peque\u00f1os detalles. Un ejemplo: [&#8230;]\n","protected":false},"featured_media":0,"template":"","meta":{"_trash_the_other_posts":false,"editor_notices":[]},"product_brand":[],"product_cat":[464],"product_tag":[],"class_list":{"0":"post-5393","1":"product","2":"type-product","3":"status-publish","5":"product_cat-cascos-spiuk","7":"first","8":"instock","9":"taxable","10":"shipping-taxable","11":"product-type-variable"},"_links":{"self":[{"href":"https:\/\/bicycles4ever.com\/fr\/wp-json\/wp\/v2\/product\/5393","targetHints":{"allow":["GET"]}}],"collection":[{"href":"https:\/\/bicycles4ever.com\/fr\/wp-json\/wp\/v2\/product"}],"about":[{"href":"https:\/\/bicycles4ever.com\/fr\/wp-json\/wp\/v2\/types\/product"}],"wp:attachment":[{"href":"https:\/\/bicycles4ever.com\/fr\/wp-json\/wp\/v2\/media?parent=5393"}],"wp:term":[{"taxonomy":"product_brand","embeddable":true,"href":"https:\/\/bicycles4ever.com\/fr\/wp-json\/wp\/v2\/product_brand?post=5393"},{"taxonomy":"product_cat","embeddable":true,"href":"https:\/\/bicycles4ever.com\/fr\/wp-json\/wp\/v2\/product_cat?post=5393"},{"taxonomy":"product_tag","embeddable":true,"href":"https:\/\/bicycles4ever.com\/fr\/wp-json\/wp\/v2\/product_tag?post=5393"}],"curies":[{"name":"wp","href":"https:\/\/api.w.org\/{rel}","templated":true}]}}