{"id":5408,"date":"2021-10-28T10:30:37","date_gmt":"2021-10-28T10:30:37","guid":{"rendered":"https:\/\/bicycles4ever.intercambionaespanha.com\/?post_type=product&amp;p=5408"},"modified":"2021-10-28T10:30:37","modified_gmt":"2021-10-28T10:30:37","slug":"casco-kaval-spiuk","status":"publish","type":"product","link":"https:\/\/bicycles4ever.com\/fr\/casco-kaval-spiuk\/","title":{"rendered":"Casco Kaval Spiuk"},"content":{"rendered":"<h2>Casco Spiuk Kaval<\/h2>\n<p>El <strong>Casco de Ciclismo Kaval<\/strong> se adapta al entorno que te apetezca en cada momento. Su perfil cubre la zona occipital m\u00e1s que un casco de <a href=\"https:\/\/bicycles4ever.intercambionaespanha.com\/ciclismo\/carretera\/\" target=\"_blank\" rel=\"noopener nofollow\">carretera<\/a> cl\u00e1sico. As\u00ed que te da una protecci\u00f3n muy \u00ab\u00a0monta\u00f1era\u00a0\u00bb. Retira su amplia visera y tendr\u00e1s un casco totalmente distinto. M\u00e1s carretero y aero. Pero que su s\u00f3lido aspecto no te confunda. Su ventilaci\u00f3n interna es top gracias a la arquitectura Airflow. Elegiste un gran d\u00eda para coger la bici. Sea el terreno que sea.<\/p>\n<p>Si te gusta alternar entre el asfalto y la monta\u00f1a, incluso si te animas con el Gravel&#8230; el <strong>Casco Kaval<\/strong> es nuestra propuesta h\u00edbrida para experiencias \u00fanicas.<\/p>\n<h3 class=\"titleProduct\">Caracter\u00edsticas Casco Kaval Spiuk<\/h3>\n<div class=\"productLongDescription description\">\n<ul>\n<li>Casco de ciclismo muy vers\u00e1til y ventilado<\/li>\n<li>Perfecto tanto para carretera como monta\u00f1a(Mountain Bike) en salidas de intensidad media<\/li>\n<li>Arquitectura interna Airflow Architecture que favorece los flujos de aire para la refrigeraci\u00f3n<\/li>\n<li>Retenci\u00f3n trasera de ruleta Spiuk\u00ae X1 con dos posiciones de altura para un ajuste preciso<\/li>\n<li>Visera de gran tama\u00f1o y almohadillado con red anti-insectos integrada<\/li>\n<\/ul>\n<nav aria-label=\"breadcrumbs\" class=\"rank-math-breadcrumb\"><p><span class=\"last\">Bicycles4ever<\/span><\/p><\/nav>\n<\/div>\n","protected":false},"excerpt":{"rendered":"<p>Casco Spiuk Kaval El Casco de Ciclismo Kaval se adapta al entorno que te apetezca en cada momento. Su perfil cubre la zona occipital m\u00e1s que un casco de carretera cl\u00e1sico. As\u00ed que te da una protecci\u00f3n muy \u00ab\u00a0monta\u00f1era\u00a0\u00bb. Retira su amplia visera y tendr\u00e1s un casco totalmente distinto. M\u00e1s carretero y aero. Pero que [&#8230;]\n","protected":false},"featured_media":0,"template":"","meta":{"_trash_the_other_posts":false,"editor_notices":[]},"product_brand":[],"product_cat":[464],"product_tag":[],"class_list":{"0":"post-5408","1":"product","2":"type-product","3":"status-publish","5":"product_cat-cascos-spiuk","7":"first","8":"instock","9":"taxable","10":"shipping-taxable","11":"product-type-variable"},"_links":{"self":[{"href":"https:\/\/bicycles4ever.com\/fr\/wp-json\/wp\/v2\/product\/5408","targetHints":{"allow":["GET"]}}],"collection":[{"href":"https:\/\/bicycles4ever.com\/fr\/wp-json\/wp\/v2\/product"}],"about":[{"href":"https:\/\/bicycles4ever.com\/fr\/wp-json\/wp\/v2\/types\/product"}],"wp:attachment":[{"href":"https:\/\/bicycles4ever.com\/fr\/wp-json\/wp\/v2\/media?parent=5408"}],"wp:term":[{"taxonomy":"product_brand","embeddable":true,"href":"https:\/\/bicycles4ever.com\/fr\/wp-json\/wp\/v2\/product_brand?post=5408"},{"taxonomy":"product_cat","embeddable":true,"href":"https:\/\/bicycles4ever.com\/fr\/wp-json\/wp\/v2\/product_cat?post=5408"},{"taxonomy":"product_tag","embeddable":true,"href":"https:\/\/bicycles4ever.com\/fr\/wp-json\/wp\/v2\/product_tag?post=5408"}],"curies":[{"name":"wp","href":"https:\/\/api.w.org\/{rel}","templated":true}]}}