{"id":5426,"date":"2021-10-28T11:43:42","date_gmt":"2021-10-28T11:43:42","guid":{"rendered":"https:\/\/bicycles4ever.intercambionaespanha.com\/?post_type=product&amp;p=5426"},"modified":"2021-10-28T11:43:42","modified_gmt":"2021-10-28T11:43:42","slug":"casco-hiri-spiuk","status":"publish","type":"product","link":"https:\/\/bicycles4ever.com\/fr\/casco-hiri-spiuk\/","title":{"rendered":"Casco Hiri Spiuk"},"content":{"rendered":"<h2>Casco Spiuk Hiri<\/h2>\n<p>El <strong>Casco de Ciclismo Hiri<\/strong> es la soluci\u00f3n de Spiuk para la movilidad urbana. Seguridad en la Ciudad. Presenta un dise\u00f1o moderno y muy compacto, con un frontal ligeramente adelantado que act\u00faa a modo de visera.<\/p>\n<p>Cuenta con una excelente ventilaci\u00f3n. Sus 17 aberturas conectadas por canales facilitan la creaci\u00f3n de corrientes internas que favorecen la evacuaci\u00f3n del calor. Incorpora una luz LED trasera, con hasta 72 horas de autonom\u00eda, para mejorar la visibilidad del ciclista, adem\u00e1s de una red frontal anti-insectos.<\/p>\n<h3 class=\"titleProduct\">Caracter\u00edsticas Casco Hiri Spiuk<\/h3>\n<div class=\"productLongDescription description\">\n<ul>\n<li>Casco de ciclismo urbano<\/li>\n<li>Mejora tu visibilidad gracias a la luz LED trasera extra\u00edble<\/li>\n<li>Frontal ligeramente adelantado que act\u00faa a modo de visera<\/li>\n<li>Rejilla frontal anti-insectos integrada<\/li>\n<li>Funciona con pila CR 2032 (incluida)<\/li>\n<\/ul>\n<nav aria-label=\"breadcrumbs\" class=\"rank-math-breadcrumb\"><p><span class=\"last\">Bicycles4ever<\/span><\/p><\/nav>\n<\/div>\n","protected":false},"excerpt":{"rendered":"<p>Casco Spiuk Hiri El Casco de Ciclismo Hiri es la soluci\u00f3n de Spiuk para la movilidad urbana. Seguridad en la Ciudad. Presenta un dise\u00f1o moderno y muy compacto, con un frontal ligeramente adelantado que act\u00faa a modo de visera. Cuenta con una excelente ventilaci\u00f3n. Sus 17 aberturas conectadas por canales facilitan la creaci\u00f3n de corrientes [&#8230;]\n","protected":false},"featured_media":0,"template":"","meta":{"_trash_the_other_posts":false,"editor_notices":[]},"product_brand":[],"product_cat":[464],"product_tag":[467],"class_list":{"0":"post-5426","1":"product","2":"type-product","3":"status-publish","5":"product_cat-cascos-spiuk","6":"product_tag-ciclismo-urbano","8":"first","9":"instock","10":"taxable","11":"shipping-taxable","12":"product-type-variable"},"_links":{"self":[{"href":"https:\/\/bicycles4ever.com\/fr\/wp-json\/wp\/v2\/product\/5426","targetHints":{"allow":["GET"]}}],"collection":[{"href":"https:\/\/bicycles4ever.com\/fr\/wp-json\/wp\/v2\/product"}],"about":[{"href":"https:\/\/bicycles4ever.com\/fr\/wp-json\/wp\/v2\/types\/product"}],"wp:attachment":[{"href":"https:\/\/bicycles4ever.com\/fr\/wp-json\/wp\/v2\/media?parent=5426"}],"wp:term":[{"taxonomy":"product_brand","embeddable":true,"href":"https:\/\/bicycles4ever.com\/fr\/wp-json\/wp\/v2\/product_brand?post=5426"},{"taxonomy":"product_cat","embeddable":true,"href":"https:\/\/bicycles4ever.com\/fr\/wp-json\/wp\/v2\/product_cat?post=5426"},{"taxonomy":"product_tag","embeddable":true,"href":"https:\/\/bicycles4ever.com\/fr\/wp-json\/wp\/v2\/product_tag?post=5426"}],"curies":[{"name":"wp","href":"https:\/\/api.w.org\/{rel}","templated":true}]}}