{"id":5470,"date":"2021-10-28T16:05:07","date_gmt":"2021-10-28T16:05:07","guid":{"rendered":"https:\/\/bicycles4ever.intercambionaespanha.com\/?post_type=product&amp;p=5470"},"modified":"2021-10-28T16:05:07","modified_gmt":"2021-10-28T16:05:07","slug":"zapatilla-carretera-aldama-carbono-spiuk","status":"publish","type":"product","link":"https:\/\/bicycles4ever.com\/fr\/zapatilla-carretera-aldama-carbono-spiuk\/","title":{"rendered":"Zapatilla Carretera Aldama Carbono Spiuk"},"content":{"rendered":"<h2>Zapatilla Carretera Spiuk Aldama Carbono<\/h2>\n<p>Las <strong>Zapatillas de Ciclismo Carretera Aldama Carbono<\/strong> te encantan, quiz\u00e1s buscas razones para no permitirte un capricho. Pero la realidad es aplastante. Tu coraz\u00f3n y tu cerebro est\u00e1n de acuerdo.<\/p>\n<p>Dif\u00edcilmente volver\u00e1s a cruzarte con un modelo que combina con tanto \u00e9xito rendimiento, confort y dise\u00f1o. Su suela de fibra de Carbono te har\u00e1 disfrutar de cada vatio que generes. Subiendo, rodando o exprimiendo una bajada. Ajusta su ruleta Boa\u00ae fit system y volar\u00e1s a nuevos desaf\u00edos. Imparables. Con esa energ\u00eda renovada que te da sentirte confortable. La <strong>Zapatilla Spiuk Aldama Carbono<\/strong> es ciclismo en su forma m\u00e1s pura. Preciosa.<\/p>\n<h3 class=\"titleProduct\">Caracter\u00edsticas Zapatilla Carretera Aldama Carbono Spiuk<\/h3>\n<div class=\"productLongDescription description\">\n<ul>\n<li>Zapatilla de ciclismo muy ligera con Boa\u00ae Fit System<\/li>\n<li>Dise\u00f1ada para alta competici\u00f3n por carretera<\/li>\n<li>Suela RLX3\u00ae de fibra de carbono, con entradas de aire para una ventilaci\u00f3n directa<\/li>\n<li>Ruleta Boa\u00ae Fit System de ajuste milim\u00e9trico<\/li>\n<li>Garganta asim\u00e9trica para un mejor reparto del ajuste<\/li>\n<\/ul>\n<nav aria-label=\"breadcrumbs\" class=\"rank-math-breadcrumb\"><p><span class=\"last\">Bicycles4ever<\/span><\/p><\/nav>\n<\/div>\n","protected":false},"excerpt":{"rendered":"<p>Zapatilla Carretera Spiuk Aldama Carbono Las Zapatillas de Ciclismo Carretera Aldama Carbono te encantan, quiz\u00e1s buscas razones para no permitirte un capricho. Pero la realidad es aplastante. Tu coraz\u00f3n y tu cerebro est\u00e1n de acuerdo. Dif\u00edcilmente volver\u00e1s a cruzarte con un modelo que combina con tanto \u00e9xito rendimiento, confort y dise\u00f1o. Su suela de fibra [&#8230;]\n","protected":false},"featured_media":0,"template":"","meta":{"_trash_the_other_posts":false,"editor_notices":[]},"product_brand":[],"product_cat":[556,544],"product_tag":[],"class_list":{"0":"post-5470","1":"product","2":"type-product","3":"status-publish","5":"product_cat-zapatillas-carretera-spiuk","6":"product_cat-zapatillas-spiuk","8":"first","9":"instock","10":"taxable","11":"shipping-taxable","12":"product-type-variable"},"_links":{"self":[{"href":"https:\/\/bicycles4ever.com\/fr\/wp-json\/wp\/v2\/product\/5470","targetHints":{"allow":["GET"]}}],"collection":[{"href":"https:\/\/bicycles4ever.com\/fr\/wp-json\/wp\/v2\/product"}],"about":[{"href":"https:\/\/bicycles4ever.com\/fr\/wp-json\/wp\/v2\/types\/product"}],"wp:attachment":[{"href":"https:\/\/bicycles4ever.com\/fr\/wp-json\/wp\/v2\/media?parent=5470"}],"wp:term":[{"taxonomy":"product_brand","embeddable":true,"href":"https:\/\/bicycles4ever.com\/fr\/wp-json\/wp\/v2\/product_brand?post=5470"},{"taxonomy":"product_cat","embeddable":true,"href":"https:\/\/bicycles4ever.com\/fr\/wp-json\/wp\/v2\/product_cat?post=5470"},{"taxonomy":"product_tag","embeddable":true,"href":"https:\/\/bicycles4ever.com\/fr\/wp-json\/wp\/v2\/product_tag?post=5470"}],"curies":[{"name":"wp","href":"https:\/\/api.w.org\/{rel}","templated":true}]}}