{"id":5510,"date":"2021-11-02T09:17:33","date_gmt":"2021-11-02T09:17:33","guid":{"rendered":"https:\/\/bicycles4ever.intercambionaespanha.com\/?post_type=product&amp;p=5510"},"modified":"2021-11-02T09:17:33","modified_gmt":"2021-11-02T09:17:33","slug":"zapatilla-carretera-aldama-spiuk","status":"publish","type":"product","link":"https:\/\/bicycles4ever.com\/fr\/zapatilla-carretera-aldama-spiuk\/","title":{"rendered":"Zapatilla Carretera Aldama Spiuk"},"content":{"rendered":"<h2>Zapatilla Carretera Spiuk Aldama<\/h2>\n<p>Sabes de la importancia de una buena sujeci\u00f3n. Es la base para un pedaleo confortable y eficaz. Nosotros as\u00ed lo entendemos. Por eso la <strong>Zapatilla de Ciclismo Carretera Aldama<\/strong> incluye el Boa\u00ae fit system. Incluso siendo el sistema de ajuste por excelencia, lograr\u00e1 sorprenderte: sencillo de usar, suave al manipular e insuperable estabilidad. La abertura asim\u00e9trica que hemos dise\u00f1ado en la cubierta est\u00e1 pensada para repartir de forma equilibrada el esfuerzo. Tus pies lo agradecer\u00e1n.<\/p>\n<p>Para atreverte con una Gran Fondo necesitas entrenar. Tambi\u00e9n un calzado c\u00f3modo que pueda transferir tu energ\u00eda. Si adem\u00e1s es elegante, es que hablamos de la <strong>Zapatilla Spiuk Aldama<\/strong>.<\/p>\n<h3 class=\"titleProduct\">Caracter\u00edsticas Zapatilla Carretera Aldama Spiuk<\/h3>\n<div class=\"productLongDescription description\">\n<ul>\n<li>Zapatilla de ciclismo con Boa\u00ae Fit System<\/li>\n<li>Enfocadas a entrenamientos y salidas de nivel medio\/alto por carretera<\/li>\n<li>Suela de Composite Avanzado de Fibra de Vidrio y Poliamida con ventilaci\u00f3n directa<\/li>\n<li>Ruleta Boa\u00ae Fit System de ajuste milim\u00e9trico<\/li>\n<li>Garganta asim\u00e9trica para un mejor reparto del ajuste<\/li>\n<\/ul>\n<nav aria-label=\"breadcrumbs\" class=\"rank-math-breadcrumb\"><p><span class=\"last\">Bicycles4ever<\/span><\/p><\/nav>\n<\/div>\n","protected":false},"excerpt":{"rendered":"<p>Zapatilla Carretera Spiuk Aldama Sabes de la importancia de una buena sujeci\u00f3n. Es la base para un pedaleo confortable y eficaz. Nosotros as\u00ed lo entendemos. Por eso la Zapatilla de Ciclismo Carretera Aldama incluye el Boa\u00ae fit system. Incluso siendo el sistema de ajuste por excelencia, lograr\u00e1 sorprenderte: sencillo de usar, suave al manipular e [&#8230;]\n","protected":false},"featured_media":0,"template":"","meta":{"_trash_the_other_posts":false,"editor_notices":[]},"product_brand":[],"product_cat":[556,544],"product_tag":[],"class_list":{"0":"post-5510","1":"product","2":"type-product","3":"status-publish","5":"product_cat-zapatillas-carretera-spiuk","6":"product_cat-zapatillas-spiuk","8":"first","9":"instock","10":"taxable","11":"shipping-taxable","12":"product-type-variable"},"_links":{"self":[{"href":"https:\/\/bicycles4ever.com\/fr\/wp-json\/wp\/v2\/product\/5510","targetHints":{"allow":["GET"]}}],"collection":[{"href":"https:\/\/bicycles4ever.com\/fr\/wp-json\/wp\/v2\/product"}],"about":[{"href":"https:\/\/bicycles4ever.com\/fr\/wp-json\/wp\/v2\/types\/product"}],"wp:attachment":[{"href":"https:\/\/bicycles4ever.com\/fr\/wp-json\/wp\/v2\/media?parent=5510"}],"wp:term":[{"taxonomy":"product_brand","embeddable":true,"href":"https:\/\/bicycles4ever.com\/fr\/wp-json\/wp\/v2\/product_brand?post=5510"},{"taxonomy":"product_cat","embeddable":true,"href":"https:\/\/bicycles4ever.com\/fr\/wp-json\/wp\/v2\/product_cat?post=5510"},{"taxonomy":"product_tag","embeddable":true,"href":"https:\/\/bicycles4ever.com\/fr\/wp-json\/wp\/v2\/product_tag?post=5510"}],"curies":[{"name":"wp","href":"https:\/\/api.w.org\/{rel}","templated":true}]}}