{"id":5552,"date":"2021-11-02T11:12:31","date_gmt":"2021-11-02T11:12:31","guid":{"rendered":"https:\/\/bicycles4ever.intercambionaespanha.com\/?post_type=product&amp;p=5552"},"modified":"2021-11-02T11:12:31","modified_gmt":"2021-11-02T11:12:31","slug":"zapatilla-carretera-caray-spiuk","status":"publish","type":"product","link":"https:\/\/bicycles4ever.com\/fr\/zapatilla-carretera-caray-spiuk\/","title":{"rendered":"Zapatilla Carretera Caray Spiuk"},"content":{"rendered":"<h2>Zapatilla Carretera Spiuk Caray<\/h2>\n<p>Nunca pensaste en coronar el Galibier. Ni en llevar las piernas depiladas. O en tener unas zapatillas con sistema de ajuste Boa\u00ae. Las <strong>Zapatillas de Ciclismo Carretera Caray<\/strong> ser\u00e1n otra prueba de tu evoluci\u00f3n.<\/p>\n<p>Seguro que te hace ilusi\u00f3n escuchar el arm\u00f3nico sonido del ajuste Boa. Y comprobar su suave ajuste y estabilidad. Esta es una buena oportunidad. Las <strong>Zapatillas Caray<\/strong> demuestran que las altas prestaciones no siempre tienen un precio muy alto. Ajuste profesional y una suela de fibra de vidrio que hacen crecer tu nivel. As\u00ed que ya puedes lucir con orgullo estas preciosidades.<\/p>\n<h3 class=\"titleProduct\">Caracter\u00edsticas Zapatilla Carretera Caray Spiuk<\/h3>\n<div class=\"productLongDescription description\">\n<ul>\n<li>Zapatilla de ciclismo de carretera equipada con BOA\u00ae Fit System<\/li>\n<li>Minimalista, funcional y robusta, orientada a un uso exigente<\/li>\n<li>Ajuste r\u00e1pido, preciso y sin esfuerzo con BOA\u00ae y mini-velcro delantero<\/li>\n<li>Suela de Composite Avanzado de Fibra de Vidrio y Poliamida, con ventilaci\u00f3n directa<\/li>\n<li>Compatible con todas las calas de carretera y tambi\u00e9n con SPD<\/li>\n<\/ul>\n<nav aria-label=\"breadcrumbs\" class=\"rank-math-breadcrumb\"><p><span class=\"last\">Bicycles4ever<\/span><\/p><\/nav>\n<\/div>\n","protected":false},"excerpt":{"rendered":"<p>Zapatilla Carretera Spiuk Caray Nunca pensaste en coronar el Galibier. Ni en llevar las piernas depiladas. O en tener unas zapatillas con sistema de ajuste Boa\u00ae. Las Zapatillas de Ciclismo Carretera Caray ser\u00e1n otra prueba de tu evoluci\u00f3n. Seguro que te hace ilusi\u00f3n escuchar el arm\u00f3nico sonido del ajuste Boa. Y comprobar su suave ajuste [&#8230;]\n","protected":false},"featured_media":0,"template":"","meta":{"_trash_the_other_posts":false,"editor_notices":[]},"product_brand":[],"product_cat":[556,544],"product_tag":[],"class_list":{"0":"post-5552","1":"product","2":"type-product","3":"status-publish","5":"product_cat-zapatillas-carretera-spiuk","6":"product_cat-zapatillas-spiuk","8":"first","9":"instock","10":"taxable","11":"shipping-taxable","12":"product-type-variable"},"_links":{"self":[{"href":"https:\/\/bicycles4ever.com\/fr\/wp-json\/wp\/v2\/product\/5552","targetHints":{"allow":["GET"]}}],"collection":[{"href":"https:\/\/bicycles4ever.com\/fr\/wp-json\/wp\/v2\/product"}],"about":[{"href":"https:\/\/bicycles4ever.com\/fr\/wp-json\/wp\/v2\/types\/product"}],"wp:attachment":[{"href":"https:\/\/bicycles4ever.com\/fr\/wp-json\/wp\/v2\/media?parent=5552"}],"wp:term":[{"taxonomy":"product_brand","embeddable":true,"href":"https:\/\/bicycles4ever.com\/fr\/wp-json\/wp\/v2\/product_brand?post=5552"},{"taxonomy":"product_cat","embeddable":true,"href":"https:\/\/bicycles4ever.com\/fr\/wp-json\/wp\/v2\/product_cat?post=5552"},{"taxonomy":"product_tag","embeddable":true,"href":"https:\/\/bicycles4ever.com\/fr\/wp-json\/wp\/v2\/product_tag?post=5552"}],"curies":[{"name":"wp","href":"https:\/\/api.w.org\/{rel}","templated":true}]}}