{"id":5582,"date":"2021-11-02T11:45:54","date_gmt":"2021-11-02T11:45:54","guid":{"rendered":"https:\/\/bicycles4ever.intercambionaespanha.com\/?post_type=product&amp;p=5582"},"modified":"2021-11-02T11:45:54","modified_gmt":"2021-11-02T11:45:54","slug":"zapatilla-mtb-aldapa-carbono-spiuk","status":"publish","type":"product","link":"https:\/\/bicycles4ever.com\/fr\/zapatilla-mtb-aldapa-carbono-spiuk\/","title":{"rendered":"Zapatilla MTB Aldapa Carbono Spiuk"},"content":{"rendered":"<h2>Zapatilla Mountain Bike Spiuk Aldapa Carbono<\/h2>\n<p>Si competir te divierte, las <strong>Zapatillas Aldapa Carbono<\/strong> te har\u00e1n sonre\u00edr. Porque han sido desarrolladas junto a riders profesionales del <a href=\"https:\/\/bicycles4ever.intercambionaespanha.com\/ciclismo\/mountain-bike\/\" target=\"_blank\" rel=\"noopener nofollow\">Mountain Bike<\/a>. Y a ellos tambi\u00e9n les encanta la alta competici\u00f3n.<\/p>\n<p>Las <strong>Zapatillas Aldapa Carbono<\/strong> son puro XCountry. As\u00ed que olvida el postureo. Para rendir a tope, necesitas soluciones eficaces. Y no hay nada m\u00e1s eficaz que una suela de Carbono trenzado K3. Aguantar\u00e1n sin quejas transmisiones de energ\u00eda explosivas. En todo caso, recuerda que la potencia sin control no vale nada. Por eso utilizamos el Boa\u00ae Fit System: es c\u00f3modo, se ajusta al pie como guante, y no vuelve a moverse hasta que t\u00fa se lo pidas. Toma el control.<\/p>\n<h3 class=\"titleProduct\">Caracter\u00edsticas Zapatilla Mountain Bike Aldapa Carbono Spiuk<\/h3>\n<div class=\"productLongDescription description\">\n<ul>\n<li>Zapatilla de ciclismo muy ligera con Boa\u00ae Fit System<\/li>\n<li>Dise\u00f1ada para alta competici\u00f3n por carretera<\/li>\n<li>Suela RLX3\u00ae de fibra de carbono, con entradas de aire para una ventilaci\u00f3n directa<\/li>\n<li>Ruleta Boa\u00ae Fit System de ajuste milim\u00e9trico<\/li>\n<li>Garganta asim\u00e9trica para un mejor reparto del ajuste<\/li>\n<\/ul>\n<nav aria-label=\"breadcrumbs\" class=\"rank-math-breadcrumb\"><p><span class=\"last\">Bicycles4ever<\/span><\/p><\/nav>\n<\/div>\n","protected":false},"excerpt":{"rendered":"<p>Zapatilla Mountain Bike Spiuk Aldapa Carbono Si competir te divierte, las Zapatillas Aldapa Carbono te har\u00e1n sonre\u00edr. Porque han sido desarrolladas junto a riders profesionales del Mountain Bike. Y a ellos tambi\u00e9n les encanta la alta competici\u00f3n. Las Zapatillas Aldapa Carbono son puro XCountry. As\u00ed que olvida el postureo. Para rendir a tope, necesitas soluciones [&#8230;]\n","protected":false},"featured_media":0,"template":"","meta":{"_trash_the_other_posts":false,"editor_notices":[]},"product_brand":[],"product_cat":[558,544],"product_tag":[],"class_list":{"0":"post-5582","1":"product","2":"type-product","3":"status-publish","5":"product_cat-zapatillas-mtb-spiuk","6":"product_cat-zapatillas-spiuk","8":"first","9":"instock","10":"taxable","11":"shipping-taxable","12":"product-type-variable"},"_links":{"self":[{"href":"https:\/\/bicycles4ever.com\/fr\/wp-json\/wp\/v2\/product\/5582","targetHints":{"allow":["GET"]}}],"collection":[{"href":"https:\/\/bicycles4ever.com\/fr\/wp-json\/wp\/v2\/product"}],"about":[{"href":"https:\/\/bicycles4ever.com\/fr\/wp-json\/wp\/v2\/types\/product"}],"wp:attachment":[{"href":"https:\/\/bicycles4ever.com\/fr\/wp-json\/wp\/v2\/media?parent=5582"}],"wp:term":[{"taxonomy":"product_brand","embeddable":true,"href":"https:\/\/bicycles4ever.com\/fr\/wp-json\/wp\/v2\/product_brand?post=5582"},{"taxonomy":"product_cat","embeddable":true,"href":"https:\/\/bicycles4ever.com\/fr\/wp-json\/wp\/v2\/product_cat?post=5582"},{"taxonomy":"product_tag","embeddable":true,"href":"https:\/\/bicycles4ever.com\/fr\/wp-json\/wp\/v2\/product_tag?post=5582"}],"curies":[{"name":"wp","href":"https:\/\/api.w.org\/{rel}","templated":true}]}}