{"id":5605,"date":"2021-11-02T12:07:17","date_gmt":"2021-11-02T12:07:17","guid":{"rendered":"https:\/\/bicycles4ever.intercambionaespanha.com\/?post_type=product&amp;p=5605"},"modified":"2021-11-02T12:07:17","modified_gmt":"2021-11-02T12:07:17","slug":"zapatilla-mtb-aldapa-spiuk","status":"publish","type":"product","link":"https:\/\/bicycles4ever.com\/fr\/zapatilla-mtb-aldapa-spiuk\/","title":{"rendered":"Zapatilla MTB Aldapa Spiuk"},"content":{"rendered":"<h2>Zapatilla Mountain Bike Spiuk Aldapa<\/h2>\n<p>Las <strong>Zapatillas Aldapa<\/strong> para Mountain Bike\u00a0son puro Rock&amp;,Roll. Con ellas puestas, la palabra \u201critmo\u201d adquiere un nuevo significado: as\u00ed que pedalea, aprieta, salta y disfruta\u2026<\/p>\n<p>No hay terreno que las <strong>Zapatilla MTB Aldapa<\/strong> no puedan conquistar. Ajusta su Boa\u00ae fit system y podr\u00e1s pedalear de sol a sol. Tus pies agradecer\u00e1n una sujeci\u00f3n tan c\u00f3moda. Y a prueba de sacudidas: en zonas complejas, dar\u00e1s confiado ese golpe de pedal que te saca del apuro. Si tu t\u00e9cnica todav\u00eda requiere m\u00e1s entrenamiento, no te preocupes: su suela de fibra de vidrio lleva un taqueado de goma que ayuda a echar un pie a tierra. Dibuja un riff perfecto por tu senda favorita.<\/p>\n<h3 class=\"titleProduct\">Caracter\u00edsticas Zapatilla Mountain Bike Aldapa Spiuk<\/h3>\n<div class=\"productLongDescription description\">\n<ul>\n<li>Zapatilla de ciclismo con Boa\u00ae Fit System<\/li>\n<li>Enfocadas a entrenamientos y salidas de nivel medio\/alto por monta\u00f1a<\/li>\n<li>Suela de Composite Avanzado de Fibra de Vidrio y Poliamida con taqueado de monta\u00f1a<\/li>\n<li>Ruleta Boa\u00ae Fit System de ajuste milim\u00e9trico<\/li>\n<li>Garganta asim\u00e9trica para un mejor reparto del ajuste<\/li>\n<\/ul>\n<nav aria-label=\"breadcrumbs\" class=\"rank-math-breadcrumb\"><p><span class=\"last\">Bicycles4ever<\/span><\/p><\/nav>\n<\/div>\n","protected":false},"excerpt":{"rendered":"<p>Zapatilla Mountain Bike Spiuk Aldapa Las Zapatillas Aldapa para Mountain Bike\u00a0son puro Rock&amp;,Roll. Con ellas puestas, la palabra \u201critmo\u201d adquiere un nuevo significado: as\u00ed que pedalea, aprieta, salta y disfruta\u2026 No hay terreno que las Zapatilla MTB Aldapa no puedan conquistar. Ajusta su Boa\u00ae fit system y podr\u00e1s pedalear de sol a sol. Tus pies [&#8230;]\n","protected":false},"featured_media":0,"template":"","meta":{"_trash_the_other_posts":false,"editor_notices":[]},"product_brand":[],"product_cat":[558,544],"product_tag":[],"class_list":{"0":"post-5605","1":"product","2":"type-product","3":"status-publish","5":"product_cat-zapatillas-mtb-spiuk","6":"product_cat-zapatillas-spiuk","8":"first","9":"instock","10":"taxable","11":"shipping-taxable","12":"product-type-variable"},"_links":{"self":[{"href":"https:\/\/bicycles4ever.com\/fr\/wp-json\/wp\/v2\/product\/5605","targetHints":{"allow":["GET"]}}],"collection":[{"href":"https:\/\/bicycles4ever.com\/fr\/wp-json\/wp\/v2\/product"}],"about":[{"href":"https:\/\/bicycles4ever.com\/fr\/wp-json\/wp\/v2\/types\/product"}],"wp:attachment":[{"href":"https:\/\/bicycles4ever.com\/fr\/wp-json\/wp\/v2\/media?parent=5605"}],"wp:term":[{"taxonomy":"product_brand","embeddable":true,"href":"https:\/\/bicycles4ever.com\/fr\/wp-json\/wp\/v2\/product_brand?post=5605"},{"taxonomy":"product_cat","embeddable":true,"href":"https:\/\/bicycles4ever.com\/fr\/wp-json\/wp\/v2\/product_cat?post=5605"},{"taxonomy":"product_tag","embeddable":true,"href":"https:\/\/bicycles4ever.com\/fr\/wp-json\/wp\/v2\/product_tag?post=5605"}],"curies":[{"name":"wp","href":"https:\/\/api.w.org\/{rel}","templated":true}]}}