{"id":5713,"date":"2021-11-04T11:53:16","date_gmt":"2021-11-04T11:53:16","guid":{"rendered":"https:\/\/bicycles4ever.intercambionaespanha.com\/?post_type=product&amp;p=5713"},"modified":"2021-11-04T11:53:16","modified_gmt":"2021-11-04T11:53:16","slug":"zapatilla-carretera-spray-spiuk","status":"publish","type":"product","link":"https:\/\/bicycles4ever.com\/fr\/zapatilla-carretera-spray-spiuk\/","title":{"rendered":"Zapatilla Carretera Spray Spiuk"},"content":{"rendered":"<h2>Zapatilla Carretera Spiuk Spray<\/h2>\n<div>La bici ya es m\u00e1s que un hobby ocasional. Sientes que es momento de progresar. Con las zapatillas Spray ser\u00e1 un paso que dar\u00e1s con firmeza, seguridad y comodidad.<\/div>\n<div><\/div>\n<div>Las <strong>Zapatillas Spiuk Spray<\/strong> hacen suyo el lema \u201cmenos es m\u00e1s\u201d. Sus tres bandas de Velcro se adaptan a todo tipo de empeines. Sin mecanismos ni complicaciones. Aj\u00fastalas a demanda y ser\u00e1n todo lo c\u00f3modas que exiges. Un modelo firme pero muy ventilado gracias a las m\u00faltiples perforaciones en su cubierta: a esta t\u00e9cnica la llamamos Drilling Shell System y te permitir\u00e1 rodar con total comodidad durante m\u00e1s tiempo.<\/div>\n<h3 class=\"titleProduct\">Caracter\u00edsticas Zapatilla Carretera Spray Spiuk<\/h3>\n<div class=\"productLongDescription description\">\n<ul>\n<li>Zapatilla de ciclismo de carretera<\/li>\n<li>Enfocadas a entrenamientos y salidas de nivel medio<\/li>\n<li>Suela SPV de composite avanzado con ventilaci\u00f3n directa<\/li>\n<li>Ajuste mediante tres bandas de velcro. Compatible con empeines muy altos<\/li>\n<li>Ventilaci\u00f3n mediante DSS (Drilling Shell System)<\/li>\n<\/ul>\n<nav aria-label=\"breadcrumbs\" class=\"rank-math-breadcrumb\"><p><span class=\"last\">Bicycles4ever<\/span><\/p><\/nav>\n<\/div>\n","protected":false},"excerpt":{"rendered":"<p>Zapatilla Carretera Spiuk Spray La bici ya es m\u00e1s que un hobby ocasional. Sientes que es momento de progresar. Con las zapatillas Spray ser\u00e1 un paso que dar\u00e1s con firmeza, seguridad y comodidad. Las Zapatillas Spiuk Spray hacen suyo el lema \u201cmenos es m\u00e1s\u201d. Sus tres bandas de Velcro se adaptan a todo tipo de [&#8230;]\n","protected":false},"featured_media":0,"template":"","meta":{"_trash_the_other_posts":false,"editor_notices":[]},"product_brand":[],"product_cat":[556,544],"product_tag":[],"class_list":{"0":"post-5713","1":"product","2":"type-product","3":"status-publish","5":"product_cat-zapatillas-carretera-spiuk","6":"product_cat-zapatillas-spiuk","8":"first","9":"instock","10":"taxable","11":"shipping-taxable","12":"product-type-variable"},"_links":{"self":[{"href":"https:\/\/bicycles4ever.com\/fr\/wp-json\/wp\/v2\/product\/5713","targetHints":{"allow":["GET"]}}],"collection":[{"href":"https:\/\/bicycles4ever.com\/fr\/wp-json\/wp\/v2\/product"}],"about":[{"href":"https:\/\/bicycles4ever.com\/fr\/wp-json\/wp\/v2\/types\/product"}],"wp:attachment":[{"href":"https:\/\/bicycles4ever.com\/fr\/wp-json\/wp\/v2\/media?parent=5713"}],"wp:term":[{"taxonomy":"product_brand","embeddable":true,"href":"https:\/\/bicycles4ever.com\/fr\/wp-json\/wp\/v2\/product_brand?post=5713"},{"taxonomy":"product_cat","embeddable":true,"href":"https:\/\/bicycles4ever.com\/fr\/wp-json\/wp\/v2\/product_cat?post=5713"},{"taxonomy":"product_tag","embeddable":true,"href":"https:\/\/bicycles4ever.com\/fr\/wp-json\/wp\/v2\/product_tag?post=5713"}],"curies":[{"name":"wp","href":"https:\/\/api.w.org\/{rel}","templated":true}]}}