{"id":5783,"date":"2021-11-08T22:44:41","date_gmt":"2021-11-08T22:44:41","guid":{"rendered":"https:\/\/bicycles4ever.intercambionaespanha.com\/?post_type=product&amp;p=5783"},"modified":"2021-11-08T22:44:41","modified_gmt":"2021-11-08T22:44:41","slug":"gafas-ciclismo-profit-negro-spiuk","status":"publish","type":"product","link":"https:\/\/bicycles4ever.com\/fr\/gafas-ciclismo-profit-negro-spiuk\/","title":{"rendered":"Gafas Ciclismo Profit Negro Spiuk"},"content":{"rendered":"<h2>Gafas Ciclismo Spiuk Profit Negro<\/h2>\n<p>Las <strong>Gafas de Ciclismo PROFIT<\/strong> est\u00e1n construidas sobre una enorme lente hidrorrepelente y una montura superflexible reducida a la m\u00ednima expresi\u00f3n. Nada entorpecer\u00e1 tu campo visual. Sin puntos ciegos. Sin sorpresas en el camino. Peque\u00f1os detalles que son clave para rendir a tope. Una obra de ingenier\u00eda que adem\u00e1s destaca por su ligereza y su ergonom\u00eda. Aprende a ver m\u00e1s all\u00e1 de los l\u00edmites.<\/p>\n<p>Te encanta competir. Ya sea en una carrera, con compa\u00f1eros o contra tus propios l\u00edmites. Esa esencia competitiva ha inspirado nuestras <strong>Gafas PROFIT<\/strong>. El modelo de competici\u00f3n m\u00e1s avanzado jam\u00e1s creado por <strong>Spiuk<\/strong>.<\/p>\n<h3 class=\"titleProduct\">Caracter\u00edsticas Gafas Ciclismo Spiuk Profit Color Negro<\/h3>\n<div class=\"productLongDescription description\">\n<ul>\n<li>Gafas deportivas de ciclismo profesionales<\/li>\n<li>Dise\u00f1o de visi\u00f3n total basado en una \u00fanica lente y una montura m\u00ednima.<\/li>\n<li>Montura de doble inyecci\u00f3n con Grilamid\u00ae y goma antideslizante RUBBER XT<\/li>\n<li>Pantalla inastillable con tratamientos antivaho e hidrorrepelente. Protecci\u00f3n UV400nm 100%UV<\/li>\n<li>Incluye pantalla de recambio transparente, estuche protector r\u00edgido y funda especial de microfibra<\/li>\n<\/ul>\n<nav aria-label=\"breadcrumbs\" class=\"rank-math-breadcrumb\"><p><span class=\"last\">Bicycles4ever<\/span><\/p><\/nav>\n<\/div>\n","protected":false},"excerpt":{"rendered":"<p>Gafas Ciclismo Spiuk Profit Negro Las Gafas de Ciclismo PROFIT est\u00e1n construidas sobre una enorme lente hidrorrepelente y una montura superflexible reducida a la m\u00ednima expresi\u00f3n. Nada entorpecer\u00e1 tu campo visual. Sin puntos ciegos. Sin sorpresas en el camino. Peque\u00f1os detalles que son clave para rendir a tope. Una obra de ingenier\u00eda que adem\u00e1s destaca [&#8230;]\n","protected":false},"featured_media":0,"template":"","meta":{"_trash_the_other_posts":false,"editor_notices":[]},"product_brand":[],"product_cat":[471],"product_tag":[503],"class_list":{"0":"post-5783","1":"product","2":"type-product","3":"status-publish","5":"product_cat-gafas-spiuk","6":"product_tag-profit","8":"first","9":"instock","10":"taxable","11":"shipping-taxable","12":"product-type-variable"},"_links":{"self":[{"href":"https:\/\/bicycles4ever.com\/fr\/wp-json\/wp\/v2\/product\/5783","targetHints":{"allow":["GET"]}}],"collection":[{"href":"https:\/\/bicycles4ever.com\/fr\/wp-json\/wp\/v2\/product"}],"about":[{"href":"https:\/\/bicycles4ever.com\/fr\/wp-json\/wp\/v2\/types\/product"}],"wp:attachment":[{"href":"https:\/\/bicycles4ever.com\/fr\/wp-json\/wp\/v2\/media?parent=5783"}],"wp:term":[{"taxonomy":"product_brand","embeddable":true,"href":"https:\/\/bicycles4ever.com\/fr\/wp-json\/wp\/v2\/product_brand?post=5783"},{"taxonomy":"product_cat","embeddable":true,"href":"https:\/\/bicycles4ever.com\/fr\/wp-json\/wp\/v2\/product_cat?post=5783"},{"taxonomy":"product_tag","embeddable":true,"href":"https:\/\/bicycles4ever.com\/fr\/wp-json\/wp\/v2\/product_tag?post=5783"}],"curies":[{"name":"wp","href":"https:\/\/api.w.org\/{rel}","templated":true}]}}