{"id":5786,"date":"2021-11-09T09:15:35","date_gmt":"2021-11-09T09:15:35","guid":{"rendered":"https:\/\/bicycles4ever.intercambionaespanha.com\/?post_type=product&amp;p=5786"},"modified":"2021-11-09T09:15:35","modified_gmt":"2021-11-09T09:15:35","slug":"maillot-manga-larga-profit-cold-rain-spiuk","status":"publish","type":"product","link":"https:\/\/bicycles4ever.com\/fr\/maillot-manga-larga-profit-cold-rain-spiuk\/","title":{"rendered":"Maillot Manga Larga Profit Cold &amp; Rain Spiuk"},"content":{"rendered":"<h2>Maillot Manga Larga Spiuk Profit Cold &amp; Rain<\/h2>\n<p>El <strong>Maillot de Ciclismo Manga Larga PROFIT Cold &amp; Rain<\/strong> es una capa intermedia excelente. Pero le hemos aplicado el tratamiento Durable Water Repellency. As\u00ed que tambi\u00e9n es una primera barrera protectora si te sorprende algo de lluvia. Su tejido ThermoRoubaix\u00ae logra un equilibrio exquisito entre temperatura y transpiraci\u00f3n. Un resultado que motiva a salir tanto como un d\u00eda soleado. Y como es biel\u00e1stico, se ci\u00f1e a tu cuerpo como una c\u00e1lida segunda piel.<\/p>\n<p>Espera antes de sacar la chaqueta de invierno. El <strong>Maillot PROFIT Cold &amp;Rain<\/strong>\u00a0te protege del agua y el fr\u00edo. Y mantiene tu aerodin\u00e1mica intacta.<\/p>\n<h3 class=\"titleProduct\">Caracter\u00edsticas Maillot de Manga Larga Profit Cold &amp; Rain Spiuk<\/h3>\n<div class=\"productLongDescription description\">\n<ul>\n<li>Maillot de ciclismo 3 estaciones con tecnolog\u00eda DWR (Durable Water Repellency)<\/li>\n<li>Dise\u00f1ado para \u00e9pocas de entretiempo, fr\u00edas e inestables. Ideal tambi\u00e9n como capa intermedia<\/li>\n<li>Tejido biel\u00e1stico ThermoRoubaix\u00ae. Excelente ajuste, transpiraci\u00f3n, termorregulaci\u00f3n y evacuaci\u00f3n del sudor<\/li>\n<li>3 bolsillos traseros protegidos con tapeta para una protecci\u00f3n efectiva frente a la lluvia<\/li>\n<li>M\u00faltiples elementos reflectantes en dorado para una mejor visibilidad<\/li>\n<\/ul>\n<nav aria-label=\"breadcrumbs\" class=\"rank-math-breadcrumb\"><p><span class=\"last\">Bicycles4ever<\/span><\/p><\/nav>\n<\/div>\n","protected":false},"excerpt":{"rendered":"<p>Maillot Manga Larga Spiuk Profit Cold &amp; Rain El Maillot de Ciclismo Manga Larga PROFIT Cold &amp; Rain es una capa intermedia excelente. Pero le hemos aplicado el tratamiento Durable Water Repellency. As\u00ed que tambi\u00e9n es una primera barrera protectora si te sorprende algo de lluvia. Su tejido ThermoRoubaix\u00ae logra un equilibrio exquisito entre temperatura [&#8230;]\n","protected":false},"featured_media":0,"template":"","meta":{"_trash_the_other_posts":false,"editor_notices":[]},"product_brand":[],"product_cat":[492],"product_tag":[504],"class_list":{"0":"post-5786","1":"product","2":"type-product","3":"status-publish","5":"product_cat-maillots-spiuk","6":"product_tag-profit-cold-rain","8":"first","9":"instock","10":"featured","11":"taxable","12":"shipping-taxable","13":"product-type-variable"},"_links":{"self":[{"href":"https:\/\/bicycles4ever.com\/fr\/wp-json\/wp\/v2\/product\/5786","targetHints":{"allow":["GET"]}}],"collection":[{"href":"https:\/\/bicycles4ever.com\/fr\/wp-json\/wp\/v2\/product"}],"about":[{"href":"https:\/\/bicycles4ever.com\/fr\/wp-json\/wp\/v2\/types\/product"}],"wp:attachment":[{"href":"https:\/\/bicycles4ever.com\/fr\/wp-json\/wp\/v2\/media?parent=5786"}],"wp:term":[{"taxonomy":"product_brand","embeddable":true,"href":"https:\/\/bicycles4ever.com\/fr\/wp-json\/wp\/v2\/product_brand?post=5786"},{"taxonomy":"product_cat","embeddable":true,"href":"https:\/\/bicycles4ever.com\/fr\/wp-json\/wp\/v2\/product_cat?post=5786"},{"taxonomy":"product_tag","embeddable":true,"href":"https:\/\/bicycles4ever.com\/fr\/wp-json\/wp\/v2\/product_tag?post=5786"}],"curies":[{"name":"wp","href":"https:\/\/api.w.org\/{rel}","templated":true}]}}