{"id":5808,"date":"2021-11-09T10:16:40","date_gmt":"2021-11-09T10:16:40","guid":{"rendered":"https:\/\/bicycles4ever.intercambionaespanha.com\/?post_type=product&amp;p=5808"},"modified":"2021-11-09T10:16:40","modified_gmt":"2021-11-09T10:16:40","slug":"culotte-largo-profit-cold-rain-spiuk","status":"publish","type":"product","link":"https:\/\/bicycles4ever.com\/fr\/culotte-largo-profit-cold-rain-spiuk\/","title":{"rendered":"Culotte Largo Profit Cold &amp; Rain Spiuk"},"content":{"rendered":"<h2>Culotte Largo Spiuk Profit Cold &amp; Rain<\/h2>\n<p>El <strong>Culotte Largo de Ciclismo PROFIT Cold &amp; Rain<\/strong> es una categor\u00eda aparte. Lo hacemos con el tejido Thermoroubaix\u00ae de doble cara: su interior proporciona calidez y expulsa el sudor. Y su parte externa es tan resistente que aguantar\u00e1 varias temporadas. El tratamiento DWR que hemos aplicado lo que lo hace a\u00fan m\u00e1s especial. Las gotas de lluvia y las salpicaduras pr\u00e1cticamente rebotan en contacto con la prenda. Sus elementos reflectantes en dorado hacen que la prenda sea m\u00e1s visible y elegante. En invierno a\u00edslate del mal tiempo, no del ciclismo.<\/p>\n<p>Gracias al <strong>Culotte Largo PROFIT Cold &amp; Rain<\/strong>\u00a0no necesitas demasiadas razones para entrenar en invierno. Una prenda elegante y c\u00f3moda que te protege del fr\u00edo y de lluvia ligera.<\/p>\n<h3 class=\"titleProduct\">Caracter\u00edsticas Culotte Largo Spiuk Profit Cold &amp; Rain<\/h3>\n<div class=\"productLongDescription description\">\n<ul>\n<li>Culotte largo con tirantes de ciclismo de invierno, con tecnolog\u00eda DWR (Durable Water Repellency)<\/li>\n<li>Dise\u00f1ado para \u00e9pocas de entretiempo, fr\u00edas e inestables, tanto para carretera como monta\u00f1a<\/li>\n<li>Badana Paris HP Hybrid Cell by Elastic Interface\u00ae optimizada para salidas de hasta 7 horas<\/li>\n<li>Tejido biel\u00e1stico ThermoRoubaix\u00ae. Excelente ajuste, transpiraci\u00f3n, termorregulaci\u00f3n y evacuaci\u00f3n del sudor<\/li>\n<li>M\u00faltiples elementos reflectantes en dorado para una mejor visibilidad<\/li>\n<\/ul>\n<nav aria-label=\"breadcrumbs\" class=\"rank-math-breadcrumb\"><p><span class=\"last\">Bicycles4ever<\/span><\/p><\/nav>\n<\/div>\n","protected":false},"excerpt":{"rendered":"<p>Culotte Largo Spiuk Profit Cold &amp; Rain El Culotte Largo de Ciclismo PROFIT Cold &amp; Rain es una categor\u00eda aparte. Lo hacemos con el tejido Thermoroubaix\u00ae de doble cara: su interior proporciona calidez y expulsa el sudor. Y su parte externa es tan resistente que aguantar\u00e1 varias temporadas. El tratamiento DWR que hemos aplicado lo [&#8230;]\n","protected":false},"featured_media":0,"template":"","meta":{"_trash_the_other_posts":false,"editor_notices":[]},"product_brand":[],"product_cat":[550,470],"product_tag":[504],"class_list":{"0":"post-5808","1":"product","2":"type-product","3":"status-publish","5":"product_cat-culottes-largos-spiuk","6":"product_cat-culottes-spiuk","7":"product_tag-profit-cold-rain","9":"first","10":"instock","11":"featured","12":"taxable","13":"shipping-taxable","14":"product-type-variable"},"_links":{"self":[{"href":"https:\/\/bicycles4ever.com\/fr\/wp-json\/wp\/v2\/product\/5808","targetHints":{"allow":["GET"]}}],"collection":[{"href":"https:\/\/bicycles4ever.com\/fr\/wp-json\/wp\/v2\/product"}],"about":[{"href":"https:\/\/bicycles4ever.com\/fr\/wp-json\/wp\/v2\/types\/product"}],"wp:attachment":[{"href":"https:\/\/bicycles4ever.com\/fr\/wp-json\/wp\/v2\/media?parent=5808"}],"wp:term":[{"taxonomy":"product_brand","embeddable":true,"href":"https:\/\/bicycles4ever.com\/fr\/wp-json\/wp\/v2\/product_brand?post=5808"},{"taxonomy":"product_cat","embeddable":true,"href":"https:\/\/bicycles4ever.com\/fr\/wp-json\/wp\/v2\/product_cat?post=5808"},{"taxonomy":"product_tag","embeddable":true,"href":"https:\/\/bicycles4ever.com\/fr\/wp-json\/wp\/v2\/product_tag?post=5808"}],"curies":[{"name":"wp","href":"https:\/\/api.w.org\/{rel}","templated":true}]}}