{"id":5840,"date":"2021-11-10T10:25:34","date_gmt":"2021-11-10T10:25:34","guid":{"rendered":"https:\/\/bicycles4ever.intercambionaespanha.com\/?post_type=product&amp;p=5840"},"modified":"2021-11-10T10:25:34","modified_gmt":"2021-11-10T10:25:34","slug":"culotte-corto-profit-cold-rain-spiuk","status":"publish","type":"product","link":"https:\/\/bicycles4ever.com\/fr\/culotte-corto-profit-cold-rain-spiuk\/","title":{"rendered":"Culotte Corto Profit Cold &amp; Rain Spiuk"},"content":{"rendered":"<h2>Culotte Corto Spiuk Profit Cold &amp; Rain<\/h2>\n<p>El <strong>Culotte Corto de Ciclismo PROFIT Cold &amp; Rain<\/strong> te mantiene a buen recaudo si te sorprende un peque\u00f1o\u00a0,chubasco. La impermeabilidad del tratamiento DWR (Durable Water Repellency) es pura magia. El tejido biel\u00e1stico ThermoRoubaix\u00ae que empleamos es una garant\u00eda de confort t\u00e9rmico y libertad de movimiento. As\u00ed que si el ritmo aprieta estar\u00e1s preparado. Una prenda casi profesional para que el invierno no pueda alcanzarte.<\/p>\n<p>Una prenda de invierno eficaz no tiene por qu\u00e9 ser abultada. Con el <strong>Culotte corto PROFIT Cold &amp; Rain<\/strong>\u00a0tendr\u00e1s protecci\u00f3n, rendimiento y tambi\u00e9n comodidad.<\/p>\n<h3 class=\"titleProduct\">Caracter\u00edsticas Culotte Corto Profit Cold &amp; Rain Spiuk<\/h3>\n<div class=\"productLongDescription description\">\n<ul>\n<li>Culotte corto con tirantes de ciclismo 3 estaciones, con tecnolog\u00eda DWR (Durable Water Repellency)<\/li>\n<li>Dise\u00f1ado para \u00e9pocas de entretiempo, fr\u00edas e inestables, tanto para carretera como monta\u00f1a<\/li>\n<li>Badana Paris HP Hybrid Cell by Elastic Interface\u00ae optimizada para salidas de hasta 7 horas<\/li>\n<li>Tejido biel\u00e1stico ThermoRoubaix\u00ae. Excelente ajuste, transpiraci\u00f3n, termorregulaci\u00f3n y evacuaci\u00f3n del sudor<\/li>\n<li>M\u00faltiples elementos reflectantes en dorado para una mejor visibilidad<\/li>\n<\/ul>\n<nav aria-label=\"breadcrumbs\" class=\"rank-math-breadcrumb\"><p><span class=\"last\">Bicycles4ever<\/span><\/p><\/nav>\n<\/div>\n","protected":false},"excerpt":{"rendered":"<p>Culotte Corto Spiuk Profit Cold &amp; Rain El Culotte Corto de Ciclismo PROFIT Cold &amp; Rain te mantiene a buen recaudo si te sorprende un peque\u00f1o\u00a0,chubasco. La impermeabilidad del tratamiento DWR (Durable Water Repellency) es pura magia. El tejido biel\u00e1stico ThermoRoubaix\u00ae que empleamos es una garant\u00eda de confort t\u00e9rmico y libertad de movimiento. As\u00ed que [&#8230;]\n","protected":false},"featured_media":0,"template":"","meta":{"_trash_the_other_posts":false,"editor_notices":[]},"product_brand":[],"product_cat":[549,470],"product_tag":[504],"class_list":{"0":"post-5840","1":"product","2":"type-product","3":"status-publish","5":"product_cat-culottes-cortos-spiuk","6":"product_cat-culottes-spiuk","7":"product_tag-profit-cold-rain","9":"first","10":"instock","11":"taxable","12":"shipping-taxable","13":"product-type-variable"},"_links":{"self":[{"href":"https:\/\/bicycles4ever.com\/fr\/wp-json\/wp\/v2\/product\/5840","targetHints":{"allow":["GET"]}}],"collection":[{"href":"https:\/\/bicycles4ever.com\/fr\/wp-json\/wp\/v2\/product"}],"about":[{"href":"https:\/\/bicycles4ever.com\/fr\/wp-json\/wp\/v2\/types\/product"}],"wp:attachment":[{"href":"https:\/\/bicycles4ever.com\/fr\/wp-json\/wp\/v2\/media?parent=5840"}],"wp:term":[{"taxonomy":"product_brand","embeddable":true,"href":"https:\/\/bicycles4ever.com\/fr\/wp-json\/wp\/v2\/product_brand?post=5840"},{"taxonomy":"product_cat","embeddable":true,"href":"https:\/\/bicycles4ever.com\/fr\/wp-json\/wp\/v2\/product_cat?post=5840"},{"taxonomy":"product_tag","embeddable":true,"href":"https:\/\/bicycles4ever.com\/fr\/wp-json\/wp\/v2\/product_tag?post=5840"}],"curies":[{"name":"wp","href":"https:\/\/api.w.org\/{rel}","templated":true}]}}