{"id":5865,"date":"2021-11-10T12:01:40","date_gmt":"2021-11-10T12:01:40","guid":{"rendered":"https:\/\/bicycles4ever.intercambionaespanha.com\/?post_type=product&amp;p=5865"},"modified":"2021-11-10T12:01:40","modified_gmt":"2021-11-10T12:01:40","slug":"cubrezapatillas-profit-cold-rain-spiuk","status":"publish","type":"product","link":"https:\/\/bicycles4ever.com\/fr\/cubrezapatillas-profit-cold-rain-spiuk\/","title":{"rendered":"Cubrezapatillas Profit Cold &amp; Rain Spiuk"},"content":{"rendered":"<h2>Cubrezapatillas Spiuk Profit Cold &amp; Rain<\/h2>\n<div class=\"value std\">Los <strong>Cubrezapatillas de Ciclismo PROFIT Cold &amp; Rain<\/strong> mejoran a\u00fan m\u00e1s la protecci\u00f3n frente a viento, lluvia y agua gracias a su revisado patronaje, sus costuras selladas y su cremallera lateral YKK\u00ae Waterproof.<\/div>\n<div class=\"value std\">Su alta elasticidad permite una adaptaci\u00f3n perfecta y ofrece un \u00f3ptimo rendimiento aerodin\u00e1mico. Sus tejidos ofrecen una excelente transpiraci\u00f3n y capacidad de termorregulaci\u00f3n.<\/div>\n<h3 class=\"titleProduct\">Caracter\u00edsticas Cubre zapatillas Profit Cold &amp; Rain Spiuk<\/h3>\n<div class=\"productLongDescription description\">\n<ul>\n<li>Cubre zapatillas \/ botines de ciclismo a prueba de agua y aerodin\u00e1mico<\/li>\n<li>Dise\u00f1ado para las \u00e9pocas m\u00e1s fr\u00edas y lluviosas<\/li>\n<li>Tejido biel\u00e1stico revestido, costuras selladas y cremallera YKK a prueba de viento y agua<\/li>\n<li>Ca\u00f1a alta, base semicerrada y tirador de velcro para un ajuste muy ce\u00f1ido<\/li>\n<li>Talonera reflectante. Frontal y bajos reforzados para las rozaduras<\/li>\n<\/ul>\n<nav aria-label=\"breadcrumbs\" class=\"rank-math-breadcrumb\"><p><span class=\"last\">Bicycles4ever<\/span><\/p><\/nav>\n<\/div>\n","protected":false},"excerpt":{"rendered":"<p>Cubrezapatillas Spiuk Profit Cold &amp; Rain Los Cubrezapatillas de Ciclismo PROFIT Cold &amp; Rain mejoran a\u00fan m\u00e1s la protecci\u00f3n frente a viento, lluvia y agua gracias a su revisado patronaje, sus costuras selladas y su cremallera lateral YKK\u00ae Waterproof. Su alta elasticidad permite una adaptaci\u00f3n perfecta y ofrece un \u00f3ptimo rendimiento aerodin\u00e1mico. Sus tejidos ofrecen [&#8230;]\n","protected":false},"featured_media":0,"template":"","meta":{"_trash_the_other_posts":false,"editor_notices":[]},"product_brand":[],"product_cat":[468,469],"product_tag":[504],"class_list":{"0":"post-5865","1":"product","2":"type-product","3":"status-publish","5":"product_cat-complementos-spiuk","6":"product_cat-cubrezapatillas-spiuk","7":"product_tag-profit-cold-rain","9":"first","10":"instock","11":"featured","12":"taxable","13":"shipping-taxable","14":"product-type-variable"},"_links":{"self":[{"href":"https:\/\/bicycles4ever.com\/fr\/wp-json\/wp\/v2\/product\/5865","targetHints":{"allow":["GET"]}}],"collection":[{"href":"https:\/\/bicycles4ever.com\/fr\/wp-json\/wp\/v2\/product"}],"about":[{"href":"https:\/\/bicycles4ever.com\/fr\/wp-json\/wp\/v2\/types\/product"}],"wp:attachment":[{"href":"https:\/\/bicycles4ever.com\/fr\/wp-json\/wp\/v2\/media?parent=5865"}],"wp:term":[{"taxonomy":"product_brand","embeddable":true,"href":"https:\/\/bicycles4ever.com\/fr\/wp-json\/wp\/v2\/product_brand?post=5865"},{"taxonomy":"product_cat","embeddable":true,"href":"https:\/\/bicycles4ever.com\/fr\/wp-json\/wp\/v2\/product_cat?post=5865"},{"taxonomy":"product_tag","embeddable":true,"href":"https:\/\/bicycles4ever.com\/fr\/wp-json\/wp\/v2\/product_tag?post=5865"}],"curies":[{"name":"wp","href":"https:\/\/api.w.org\/{rel}","templated":true}]}}