{"id":5874,"date":"2021-11-10T12:23:56","date_gmt":"2021-11-10T12:23:56","guid":{"rendered":"https:\/\/bicycles4ever.intercambionaespanha.com\/?post_type=product&amp;p=5874"},"modified":"2021-11-10T12:23:56","modified_gmt":"2021-11-10T12:23:56","slug":"guantes-waterproof-profit-cold-rain-spiuk","status":"publish","type":"product","link":"https:\/\/bicycles4ever.com\/fr\/guantes-waterproof-profit-cold-rain-spiuk\/","title":{"rendered":"Guantes Waterproof Profit Cold &amp; Rain Spiuk"},"content":{"rendered":"<h2>Guantes Waterproof Spiuk Profit Cold &amp; Rain<\/h2>\n<div class=\"value std\">\n<p>Tus manos sufren especialmente en invierno. Con el fr\u00edo y la lluvia incluso pierdes la sensibilidad de los dedos. Te proponemos solucionarlo con los <strong>Guantes de Ciclismo Cold &amp; Rain Waterproof<\/strong>.<\/p>\n<p>Para ello aplicamos una gran idea de Hipora\u00ae: un revestimiento interno de poliuretano con numerosos microporos. Su tama\u00f1o impide que penetre agua del exterior. Pero la humedad corporal tiene espacio para salir. El <strong>Guante Cold &amp; Rain Waterproof<\/strong> se convierte en un compartimento estanco que permite la transpiraci\u00f3n y que no empapa. Tus manos lo agradecer\u00e1n.<\/p>\n<\/div>\n<h3 class=\"titleProduct\">Caracter\u00edsticas Guantes Waterproof Profit Cold &amp; Rain Spiuk<\/h3>\n<div class=\"productLongDescription description\">\n<ul>\n<li>Guante largo de ciclismo que impide la penetraci\u00f3n de agua<\/li>\n<li>Dise\u00f1ado para las \u00e9pocas m\u00e1s fr\u00edas y lluviosas<\/li>\n<li>Tecnolog\u00eda HIPORA\u00ae que asegura la estanqueidad, y capa t\u00e9rmica interior Ergodry Warm\u00ae<\/li>\n<li>Panel viscoel\u00e1stico Profit Smart Shock y silicona antideslizamiento en la palma<\/li>\n<li>Tecnolog\u00eda Touchscreen impresa, tirador de velcro e inserciones reflectantes<\/li>\n<\/ul>\n<nav aria-label=\"breadcrumbs\" class=\"rank-math-breadcrumb\"><p><span class=\"last\">Bicycles4ever<\/span><\/p><\/nav>\n<\/div>\n","protected":false},"excerpt":{"rendered":"<p>Guantes Waterproof Spiuk Profit Cold &amp; Rain Tus manos sufren especialmente en invierno. Con el fr\u00edo y la lluvia incluso pierdes la sensibilidad de los dedos. Te proponemos solucionarlo con los Guantes de Ciclismo Cold &amp; Rain Waterproof. Para ello aplicamos una gran idea de Hipora\u00ae: un revestimiento interno de poliuretano con numerosos microporos. Su [&#8230;]\n","protected":false},"featured_media":0,"template":"","meta":{"_trash_the_other_posts":false,"editor_notices":[]},"product_brand":[],"product_cat":[468,477],"product_tag":[504],"class_list":{"0":"post-5874","1":"product","2":"type-product","3":"status-publish","5":"product_cat-complementos-spiuk","6":"product_cat-guantes-spiuk","7":"product_tag-profit-cold-rain","9":"first","10":"instock","11":"featured","12":"taxable","13":"shipping-taxable","14":"product-type-variable"},"_links":{"self":[{"href":"https:\/\/bicycles4ever.com\/fr\/wp-json\/wp\/v2\/product\/5874","targetHints":{"allow":["GET"]}}],"collection":[{"href":"https:\/\/bicycles4ever.com\/fr\/wp-json\/wp\/v2\/product"}],"about":[{"href":"https:\/\/bicycles4ever.com\/fr\/wp-json\/wp\/v2\/types\/product"}],"wp:attachment":[{"href":"https:\/\/bicycles4ever.com\/fr\/wp-json\/wp\/v2\/media?parent=5874"}],"wp:term":[{"taxonomy":"product_brand","embeddable":true,"href":"https:\/\/bicycles4ever.com\/fr\/wp-json\/wp\/v2\/product_brand?post=5874"},{"taxonomy":"product_cat","embeddable":true,"href":"https:\/\/bicycles4ever.com\/fr\/wp-json\/wp\/v2\/product_cat?post=5874"},{"taxonomy":"product_tag","embeddable":true,"href":"https:\/\/bicycles4ever.com\/fr\/wp-json\/wp\/v2\/product_tag?post=5874"}],"curies":[{"name":"wp","href":"https:\/\/api.w.org\/{rel}","templated":true}]}}