{"id":5886,"date":"2021-11-10T12:46:30","date_gmt":"2021-11-10T12:46:30","guid":{"rendered":"https:\/\/bicycles4ever.intercambionaespanha.com\/?post_type=product&amp;p=5886"},"modified":"2021-11-10T12:46:30","modified_gmt":"2021-11-10T12:46:30","slug":"guantes-dwr-profit-cold-rain-spiuk","status":"publish","type":"product","link":"https:\/\/bicycles4ever.com\/fr\/guantes-dwr-profit-cold-rain-spiuk\/","title":{"rendered":"Guantes DWR Profit Cold &amp; Rain Spiuk"},"content":{"rendered":"<h2>Guantes DWR\u00a0Spiuk Profit Cold &amp; Rain<\/h2>\n<div class=\"value std\">\n<p>El <strong>Guante de Ciclismo Cold &amp; Rain con DWR<\/strong>\u00a0destaca por ser un aislamiento perfecto frente a la lluvia. Pero adem\u00e1s, es nuestro guante largo m\u00e1s c\u00f3modo y polivalente.<\/p>\n<p>El <strong>Guante Cold &amp; Rain DWR<\/strong> es el id\u00f3neo para \u00e9pocas de entretiempo, que son muy inestables. Si te sorprende una tormenta, m\u00e1s te sorprender\u00e1 la eficacia del tratamiento Durable Water Repellency, el agua pr\u00e1cticamente rebotar\u00e1 al contacto. Y el tejido ThermoRoubaix\u00ae mantendr\u00e1 tus manos en una temperatura agradable. No te preocupes por la meteorolog\u00eda.<\/p>\n<\/div>\n<h3 class=\"titleProduct\">Caracter\u00edsticas Guantes DWR Profit Cold &amp; Rain Spiuk<\/h3>\n<div class=\"productLongDescription description\">\n<ul>\n<li>Guante largo de ciclismo muy ce\u00f1ido con tecnolog\u00eda DWR (Durable Water Repellency)<\/li>\n<li>Dise\u00f1ado para \u00e9pocas de entretiempo, fr\u00edas e inestables<\/li>\n<li>Tejido biel\u00e1stico ThermoRoubaix\u00ae. Excelente sensaci\u00f3n de tacto, transpiraci\u00f3n y mantenimiento t\u00e9rmico<\/li>\n<li>Palma con una gran superficie de silicona antideslizamiento que aleja la humedad<\/li>\n<li>Tecnolog\u00eda Touchscreen impresa en \u00edndice y pulgar. Inserciones reflectantes<\/li>\n<\/ul>\n<nav aria-label=\"breadcrumbs\" class=\"rank-math-breadcrumb\"><p><span class=\"last\">Bicycles4ever<\/span><\/p><\/nav>\n<\/div>\n","protected":false},"excerpt":{"rendered":"<p>Guantes DWR\u00a0Spiuk Profit Cold &amp; Rain El Guante de Ciclismo Cold &amp; Rain con DWR\u00a0destaca por ser un aislamiento perfecto frente a la lluvia. Pero adem\u00e1s, es nuestro guante largo m\u00e1s c\u00f3modo y polivalente. El Guante Cold &amp; Rain DWR es el id\u00f3neo para \u00e9pocas de entretiempo, que son muy inestables. Si te sorprende una [&#8230;]\n","protected":false},"featured_media":0,"template":"","meta":{"_trash_the_other_posts":false,"editor_notices":[]},"product_brand":[],"product_cat":[468,477],"product_tag":[504],"class_list":{"0":"post-5886","1":"product","2":"type-product","3":"status-publish","5":"product_cat-complementos-spiuk","6":"product_cat-guantes-spiuk","7":"product_tag-profit-cold-rain","9":"first","10":"instock","11":"taxable","12":"shipping-taxable","13":"product-type-variable"},"_links":{"self":[{"href":"https:\/\/bicycles4ever.com\/fr\/wp-json\/wp\/v2\/product\/5886","targetHints":{"allow":["GET"]}}],"collection":[{"href":"https:\/\/bicycles4ever.com\/fr\/wp-json\/wp\/v2\/product"}],"about":[{"href":"https:\/\/bicycles4ever.com\/fr\/wp-json\/wp\/v2\/types\/product"}],"wp:attachment":[{"href":"https:\/\/bicycles4ever.com\/fr\/wp-json\/wp\/v2\/media?parent=5886"}],"wp:term":[{"taxonomy":"product_brand","embeddable":true,"href":"https:\/\/bicycles4ever.com\/fr\/wp-json\/wp\/v2\/product_brand?post=5886"},{"taxonomy":"product_cat","embeddable":true,"href":"https:\/\/bicycles4ever.com\/fr\/wp-json\/wp\/v2\/product_cat?post=5886"},{"taxonomy":"product_tag","embeddable":true,"href":"https:\/\/bicycles4ever.com\/fr\/wp-json\/wp\/v2\/product_tag?post=5886"}],"curies":[{"name":"wp","href":"https:\/\/api.w.org\/{rel}","templated":true}]}}