{"id":5896,"date":"2021-11-10T21:20:36","date_gmt":"2021-11-10T21:20:36","guid":{"rendered":"https:\/\/bicycles4ever.intercambionaespanha.com\/?post_type=product&amp;p=5896"},"modified":"2021-11-10T21:20:36","modified_gmt":"2021-11-10T21:20:36","slug":"cubrecascos-profit-cold-rain-spiuk","status":"publish","type":"product","link":"https:\/\/bicycles4ever.com\/fr\/cubrecascos-profit-cold-rain-spiuk\/","title":{"rendered":"Cubrecascos Profit Cold &amp; Rain Spiuk"},"content":{"rendered":"<h2>Cubrecascos Spiuk Profit Cold &amp; Rain<\/h2>\n<div class=\"value std\">\n<p>El <strong>Cubrecascos de Ciclismo PROFIT Cold &amp; Rain<\/strong>\u00a0es la guinda de una protecci\u00f3n integral ante la lluvia\u2026 o el primer paso para lograrlo.<\/p>\n<p>Nuestro cubre cascos PROFIT es a prueba de agua. Para ello hemos empleado un tejido biel\u00e1stico revestido y hemos sellado a conciencia las costuras. No entrar\u00e1 ni una gota. Y recuerda que salir con la bici en d\u00edas de lluvia es de valientes. Pero no de temerarios. Por eso, hemos incluido logotipos reflectantes en varios puntos estrat\u00e9gicos. Ser\u00e1s visible en 360\u00ba.<\/p>\n<\/div>\n<h3 class=\"titleProduct\">Caracter\u00edsticas Cubrecascos Profit Cold &amp; Rain Spiuk<\/h3>\n<div class=\"productLongDescription description\">\n<ul>\n<li>Cubre cascos de ciclismo a prueba de agua y aerodin\u00e1mico<\/li>\n<li>Concebido para situaciones de fr\u00edo, viento y lluvia<\/li>\n<li>Tejido biel\u00e1stico revestido y costuras selladas a prueba de viento y agua<\/li>\n<li>Talla \u00fanica. Patr\u00f3n desarrollado para un ajuste muy ce\u00f1ido<\/li>\n<li>Doble banda y logotipos reflectantes en frontal, laterales y trasera<\/li>\n<\/ul>\n<nav aria-label=\"breadcrumbs\" class=\"rank-math-breadcrumb\"><p><span class=\"last\">Bicycles4ever<\/span><\/p><\/nav>\n<\/div>\n","protected":false},"excerpt":{"rendered":"<p>Cubrecascos Spiuk Profit Cold &amp; Rain El Cubrecascos de Ciclismo PROFIT Cold &amp; Rain\u00a0es la guinda de una protecci\u00f3n integral ante la lluvia\u2026 o el primer paso para lograrlo. Nuestro cubre cascos PROFIT es a prueba de agua. Para ello hemos empleado un tejido biel\u00e1stico revestido y hemos sellado a conciencia las costuras. No entrar\u00e1 [&#8230;]\n","protected":false},"featured_media":0,"template":"","meta":{"_trash_the_other_posts":false,"editor_notices":[]},"product_brand":[],"product_cat":[468],"product_tag":[504],"class_list":{"0":"post-5896","1":"product","2":"type-product","3":"status-publish","5":"product_cat-complementos-spiuk","6":"product_tag-profit-cold-rain","8":"first","9":"instock","10":"taxable","11":"shipping-taxable","12":"product-type-variable"},"_links":{"self":[{"href":"https:\/\/bicycles4ever.com\/fr\/wp-json\/wp\/v2\/product\/5896","targetHints":{"allow":["GET"]}}],"collection":[{"href":"https:\/\/bicycles4ever.com\/fr\/wp-json\/wp\/v2\/product"}],"about":[{"href":"https:\/\/bicycles4ever.com\/fr\/wp-json\/wp\/v2\/types\/product"}],"wp:attachment":[{"href":"https:\/\/bicycles4ever.com\/fr\/wp-json\/wp\/v2\/media?parent=5896"}],"wp:term":[{"taxonomy":"product_brand","embeddable":true,"href":"https:\/\/bicycles4ever.com\/fr\/wp-json\/wp\/v2\/product_brand?post=5896"},{"taxonomy":"product_cat","embeddable":true,"href":"https:\/\/bicycles4ever.com\/fr\/wp-json\/wp\/v2\/product_cat?post=5896"},{"taxonomy":"product_tag","embeddable":true,"href":"https:\/\/bicycles4ever.com\/fr\/wp-json\/wp\/v2\/product_tag?post=5896"}],"curies":[{"name":"wp","href":"https:\/\/api.w.org\/{rel}","templated":true}]}}