{"id":5907,"date":"2021-11-10T22:40:13","date_gmt":"2021-11-10T22:40:13","guid":{"rendered":"https:\/\/bicycles4ever.intercambionaespanha.com\/?post_type=product&amp;p=5907"},"modified":"2021-11-10T22:40:13","modified_gmt":"2021-11-10T22:40:13","slug":"cubrecascos-top-ten-spiuk","status":"publish","type":"product","link":"https:\/\/bicycles4ever.com\/fr\/cubrecascos-top-ten-spiuk\/","title":{"rendered":"Cubrecascos Top Ten Spiuk"},"content":{"rendered":"<h2>Cubrecascos Spiuk Top Ten<\/h2>\n<div class=\"value std\">\n<p>La gama <strong>Top Ten<\/strong> de <strong>Spiuk<\/strong> se caracteriza por hacer especialmente bien lo b\u00e1sico. El <strong>Cubrecascos de Ciclismo Top Ten<\/strong>\u00a0es nuestra propuesta para inviernos moderados y d\u00edas de entretiempo con posibilidad de viento o lluvia.<\/p>\n<p>El <strong>Cubre cascos Top Ten<\/strong> es una buena soluci\u00f3n cuando el agua amenaza tus intenciones de salir a rodar. Gracias a su membrana M2V\u00ae y costuras termoselladas mantendr\u00e1 el agua a raya. Cuenta adem\u00e1s con m\u00faltiples elementos reflectantes en la zona frontal, lateral y trasera. As\u00ed que tambi\u00e9n es un buen elemento de seguridad activa. Un buen accesorio a prueba de agua.<\/p>\n<\/div>\n<h3 class=\"titleProduct\">Caracter\u00edsticas Cubrecascos Top Ten Spiuk<\/h3>\n<div class=\"productLongDescription description\">\n<ul>\n<li>Cubre cascos de ciclismo a prueba de agua<\/li>\n<li>Concebido para situaciones de fr\u00edo, viento y lluvia<\/li>\n<li>Tejido con membrana M2V\u00ae, costuras selladas y tratamiento exterior hidrorrepelente<\/li>\n<li>Talla \u00fanica. Ajuste por goma el\u00e1stica<\/li>\n<li>M\u00faltiples elementos reflectantes en frontal lateral y trasera<\/li>\n<\/ul>\n<nav aria-label=\"breadcrumbs\" class=\"rank-math-breadcrumb\"><p><span class=\"last\">Bicycles4ever<\/span><\/p><\/nav>\n<\/div>\n","protected":false},"excerpt":{"rendered":"<p>Cubrecascos Spiuk Top Ten La gama Top Ten de Spiuk se caracteriza por hacer especialmente bien lo b\u00e1sico. El Cubrecascos de Ciclismo Top Ten\u00a0es nuestra propuesta para inviernos moderados y d\u00edas de entretiempo con posibilidad de viento o lluvia. El Cubre cascos Top Ten es una buena soluci\u00f3n cuando el agua amenaza tus intenciones de [&#8230;]\n","protected":false},"featured_media":0,"template":"","meta":{"_trash_the_other_posts":false,"editor_notices":[]},"product_brand":[],"product_cat":[468],"product_tag":[522],"class_list":{"0":"post-5907","1":"product","2":"type-product","3":"status-publish","5":"product_cat-complementos-spiuk","6":"product_tag-top-ten-winter","8":"first","9":"instock","10":"taxable","11":"shipping-taxable","12":"product-type-variable"},"_links":{"self":[{"href":"https:\/\/bicycles4ever.com\/fr\/wp-json\/wp\/v2\/product\/5907","targetHints":{"allow":["GET"]}}],"collection":[{"href":"https:\/\/bicycles4ever.com\/fr\/wp-json\/wp\/v2\/product"}],"about":[{"href":"https:\/\/bicycles4ever.com\/fr\/wp-json\/wp\/v2\/types\/product"}],"wp:attachment":[{"href":"https:\/\/bicycles4ever.com\/fr\/wp-json\/wp\/v2\/media?parent=5907"}],"wp:term":[{"taxonomy":"product_brand","embeddable":true,"href":"https:\/\/bicycles4ever.com\/fr\/wp-json\/wp\/v2\/product_brand?post=5907"},{"taxonomy":"product_cat","embeddable":true,"href":"https:\/\/bicycles4ever.com\/fr\/wp-json\/wp\/v2\/product_cat?post=5907"},{"taxonomy":"product_tag","embeddable":true,"href":"https:\/\/bicycles4ever.com\/fr\/wp-json\/wp\/v2\/product_tag?post=5907"}],"curies":[{"name":"wp","href":"https:\/\/api.w.org\/{rel}","templated":true}]}}