{"id":5913,"date":"2021-11-10T22:58:18","date_gmt":"2021-11-10T22:58:18","guid":{"rendered":"https:\/\/bicycles4ever.intercambionaespanha.com\/?post_type=product&amp;p=5913"},"modified":"2021-11-10T22:58:18","modified_gmt":"2021-11-10T22:58:18","slug":"gorra-de-invierno-profit-cold-rain","status":"publish","type":"product","link":"https:\/\/bicycles4ever.com\/fr\/gorra-de-invierno-profit-cold-rain\/","title":{"rendered":"Gorra de Invierno Profit Cold &amp; Rain"},"content":{"rendered":"<h2>Gorra de Invierno Spiuk Profit Cold &amp; Rain<\/h2>\n<div class=\"value std\">\n<p>Gorra para bajo el casco de 3 estaciones construido en el mismo material que los culottes o el <a href=\"https:\/\/bicycles4ever.intercambionaespanha.com\/maillot-manga-larga-profit-cold-rain-spiuk\/\" target=\"_blank\" rel=\"noopener nofollow\"><strong>Maillot Manga Larga Profit Cold &amp; Rain Spiuk<\/strong><\/a> (Thermoroubaix DWR). Complemento perfecto para la gama <a href=\"https:\/\/bicycles4ever.intercambionaespanha.com\/productos\/profitcoldrain\/\" target=\"_blank\" rel=\"noopener nofollow\"><strong>ProfitCold&amp;Rain<\/strong><\/a>.<\/p>\n<p>Excelente mantenimiento t\u00e9rmico, incluido en las orejas con excelente ventilaci\u00f3n y evacuaci\u00f3n del sudor. Pr\u00e1ctica visera para sol viento o lluvia.<\/p>\n<\/div>\n<h3 class=\"titleProduct\">Caracter\u00edsticas Gorra de Invierno Profit Cold &amp; Rain Spiuk<\/h3>\n<div class=\"productLongDescription description\">\n<ul>\n<li>Gorra de 3 Estaciones bajo el concepto\u00a0<strong>COLD &amp; RAIN<\/strong><\/li>\n<li>Construido con tejido\u00a0<strong>ThermoRoubaix\u00ae<\/strong>\u00a0con tratamiento\u00a0<strong>DWR\u00ae<\/strong><\/li>\n<li>Pr\u00e1ctica visera para-sol, viento o lluvia<\/li>\n<li>Cubre toda la cabeza, orejas incluidas<\/li>\n<li>Detalles\u00a0,reflectantes en frontal y trasera<\/li>\n<\/ul>\n<nav aria-label=\"breadcrumbs\" class=\"rank-math-breadcrumb\"><p><span class=\"last\">Bicycles4ever<\/span><\/p><\/nav>\n<\/div>\n","protected":false},"excerpt":{"rendered":"<p>Gorra de Invierno Spiuk Profit Cold &amp; Rain Gorra para bajo el casco de 3 estaciones construido en el mismo material que los culottes o el Maillot Manga Larga Profit Cold &amp; Rain Spiuk (Thermoroubaix DWR). Complemento perfecto para la gama ProfitCold&amp;Rain. Excelente mantenimiento t\u00e9rmico, incluido en las orejas con excelente ventilaci\u00f3n y evacuaci\u00f3n del [&#8230;]\n","protected":false},"featured_media":0,"template":"","meta":{"_trash_the_other_posts":false,"editor_notices":[]},"product_brand":[],"product_cat":[468],"product_tag":[504],"class_list":{"0":"post-5913","1":"product","2":"type-product","3":"status-publish","5":"product_cat-complementos-spiuk","6":"product_tag-profit-cold-rain","8":"first","9":"instock","10":"taxable","11":"shipping-taxable","12":"product-type-variable"},"_links":{"self":[{"href":"https:\/\/bicycles4ever.com\/fr\/wp-json\/wp\/v2\/product\/5913","targetHints":{"allow":["GET"]}}],"collection":[{"href":"https:\/\/bicycles4ever.com\/fr\/wp-json\/wp\/v2\/product"}],"about":[{"href":"https:\/\/bicycles4ever.com\/fr\/wp-json\/wp\/v2\/types\/product"}],"wp:attachment":[{"href":"https:\/\/bicycles4ever.com\/fr\/wp-json\/wp\/v2\/media?parent=5913"}],"wp:term":[{"taxonomy":"product_brand","embeddable":true,"href":"https:\/\/bicycles4ever.com\/fr\/wp-json\/wp\/v2\/product_brand?post=5913"},{"taxonomy":"product_cat","embeddable":true,"href":"https:\/\/bicycles4ever.com\/fr\/wp-json\/wp\/v2\/product_cat?post=5913"},{"taxonomy":"product_tag","embeddable":true,"href":"https:\/\/bicycles4ever.com\/fr\/wp-json\/wp\/v2\/product_tag?post=5913"}],"curies":[{"name":"wp","href":"https:\/\/api.w.org\/{rel}","templated":true}]}}