{"id":5918,"date":"2021-11-10T23:09:53","date_gmt":"2021-11-10T23:09:53","guid":{"rendered":"https:\/\/bicycles4ever.intercambionaespanha.com\/?post_type=product&amp;p=5918"},"modified":"2021-11-10T23:09:53","modified_gmt":"2021-11-10T23:09:53","slug":"chaqueta-fina-waterproof-profit-cold-rain-spiuk","status":"publish","type":"product","link":"https:\/\/bicycles4ever.com\/fr\/chaqueta-fina-waterproof-profit-cold-rain-spiuk\/","title":{"rendered":"Chaqueta Fina Waterproof Profit Cold &amp; Rain Spiuk"},"content":{"rendered":"<h2>Chaqueta Fina Waterproof Spiuk Profit Cold &amp; Rain<\/h2>\n<div class=\"value std\">\n<p>Si un poco de agua no va a detenerte, la <strong>Chaqueta de Ciclismo PROFIT Cold &amp; Rain<\/strong>\u00a0ser\u00e1 en un must de tu repertorio. Mantente seco de principio a fin en tus salidas y planta cara al invierno.<\/p>\n<p>En \u00e9pocas de humedad, fr\u00edo y viento, la <strong>Chaqueta PROFIT Cold &amp; Rain<\/strong> ser\u00e1 tu sistema de control clim\u00e1tico. Su exclusiva membrana M2V\u00ae PROFIT te garantiza rodar protegido y una excelente transpiraci\u00f3n. Olv\u00eddate del fr\u00edo exterior o la condensaci\u00f3n interior. Todo ello en una prenda tan ligera como ce\u00f1ida. No renuncies a ese puntito aero que tambi\u00e9n hace falta en invierno. La mejor protecci\u00f3n para el m\u00e1ximo esfuerzo.<\/p>\n<\/div>\n<h3 class=\"titleProduct\">Caracter\u00edsticas Chaqueta Fina Waterproof Profit Cold &amp; Rain Spiuk<\/h3>\n<div class=\"productLongDescription description\">\n<ul>\n<li>Chaqueta de ciclismo ligera a prueba de agua y de patr\u00f3n ce\u00f1ido<\/li>\n<li>Dise\u00f1ada para \u00e9pocas lluviosas, con presencia de fr\u00edo y viento<\/li>\n<li>Tejido de dos capas con membrana M2V\u00ae PROFIT de excelente transpiraci\u00f3n a prueba de viento y agua<\/li>\n<li>Cremallera Waterproof, costuras termoselladas y 3 bolsillos traseros protegidos con tapeta<\/li>\n<li>M\u00faltiples elementos reflectantes en dorado para una mejor visibilidad<\/li>\n<\/ul>\n<nav aria-label=\"breadcrumbs\" class=\"rank-math-breadcrumb\"><p><span class=\"last\">Bicycles4ever<\/span><\/p><\/nav>\n<\/div>\n","protected":false},"excerpt":{"rendered":"<p>Chaqueta Fina Waterproof Spiuk Profit Cold &amp; Rain Si un poco de agua no va a detenerte, la Chaqueta de Ciclismo PROFIT Cold &amp; Rain\u00a0ser\u00e1 en un must de tu repertorio. Mantente seco de principio a fin en tus salidas y planta cara al invierno. En \u00e9pocas de humedad, fr\u00edo y viento, la Chaqueta PROFIT [&#8230;]\n","protected":false},"featured_media":0,"template":"","meta":{"_trash_the_other_posts":false,"editor_notices":[]},"product_brand":[],"product_cat":[466],"product_tag":[504],"class_list":{"0":"post-5918","1":"product","2":"type-product","3":"status-publish","5":"product_cat-chaquetas-spiuk","6":"product_tag-profit-cold-rain","8":"first","9":"instock","10":"taxable","11":"shipping-taxable","12":"product-type-variable"},"_links":{"self":[{"href":"https:\/\/bicycles4ever.com\/fr\/wp-json\/wp\/v2\/product\/5918","targetHints":{"allow":["GET"]}}],"collection":[{"href":"https:\/\/bicycles4ever.com\/fr\/wp-json\/wp\/v2\/product"}],"about":[{"href":"https:\/\/bicycles4ever.com\/fr\/wp-json\/wp\/v2\/types\/product"}],"wp:attachment":[{"href":"https:\/\/bicycles4ever.com\/fr\/wp-json\/wp\/v2\/media?parent=5918"}],"wp:term":[{"taxonomy":"product_brand","embeddable":true,"href":"https:\/\/bicycles4ever.com\/fr\/wp-json\/wp\/v2\/product_brand?post=5918"},{"taxonomy":"product_cat","embeddable":true,"href":"https:\/\/bicycles4ever.com\/fr\/wp-json\/wp\/v2\/product_cat?post=5918"},{"taxonomy":"product_tag","embeddable":true,"href":"https:\/\/bicycles4ever.com\/fr\/wp-json\/wp\/v2\/product_tag?post=5918"}],"curies":[{"name":"wp","href":"https:\/\/api.w.org\/{rel}","templated":true}]}}