{"id":5929,"date":"2021-11-10T23:25:02","date_gmt":"2021-11-10T23:25:02","guid":{"rendered":"https:\/\/bicycles4ever.intercambionaespanha.com\/?post_type=product&amp;p=5929"},"modified":"2021-11-10T23:25:02","modified_gmt":"2021-11-10T23:25:02","slug":"chaleco-profit-cold-rain-spiuk","status":"publish","type":"product","link":"https:\/\/bicycles4ever.com\/fr\/chaleco-profit-cold-rain-spiuk\/","title":{"rendered":"Chaleco Profit Cold &amp; Rain Spiuk"},"content":{"rendered":"<h2>Chaleco Spiuk Profit Cold &amp; Rain<\/h2>\n<div class=\"value std\">\n<p>Un buen\u00a0<strong>chaleco<\/strong> cortavientos es una maravilla. Si tambi\u00e9n es ligero, es una bendici\u00f3n. Y si adem\u00e1s te da una excelente transpiraci\u00f3n, se trata del <strong>Chaleco de Ciclismo PROFIT Cold &amp; Rain<\/strong> de <strong>Spiuk<\/strong>.<\/p>\n<p>Las inestables jornadas de entretiempo del Pa\u00eds Vasco, con fr\u00edo, viento y lloviznas, nos han motivado a desarrollar el <strong>Chaleco PROFIT Cold &amp; Rain<\/strong>. Por eso creemos que la membrana M2V\u00ae PROFIT deb\u00eda ser una parte fundamental de la prenda. Porque rodar a resguardo de los elementos no est\u00e1 re\u00f1ido con una prenda de excelente transpiraci\u00f3n. Cuenta adem\u00e1s con 3 \u00fatiles bolsillos traseros protegidos con tapeta.<\/p>\n<\/div>\n<h3 class=\"titleProduct\">Caracter\u00edsticas Chaleco Profit Cold &amp; Rain Spiuk<\/h3>\n<div class=\"productLongDescription description\">\n<ul>\n<li>Chaleco de ciclismo ligero paravientos y de patr\u00f3n ce\u00f1ido<\/li>\n<li>Dise\u00f1ado para \u00e9pocas de entretiempo, con presencia de fr\u00edo y viento<\/li>\n<li>Tejido de dos capas con membrana M2V\u00ae PROFIT de excelente transpiraci\u00f3n a prueba de viento y agua<\/li>\n<li>3 bolsillos traseros protegidos con tapeta para una protecci\u00f3n efectiva frente a la lluvia<\/li>\n<li>M\u00faltiples elementos reflectantes en dorado para una mejor visibilidad<\/li>\n<\/ul>\n<nav aria-label=\"breadcrumbs\" class=\"rank-math-breadcrumb\"><p><span class=\"last\">Bicycles4ever<\/span><\/p><\/nav>\n<\/div>\n","protected":false},"excerpt":{"rendered":"<p>Chaleco Spiuk Profit Cold &amp; Rain Un buen\u00a0chaleco cortavientos es una maravilla. Si tambi\u00e9n es ligero, es una bendici\u00f3n. Y si adem\u00e1s te da una excelente transpiraci\u00f3n, se trata del Chaleco de Ciclismo PROFIT Cold &amp; Rain de Spiuk. Las inestables jornadas de entretiempo del Pa\u00eds Vasco, con fr\u00edo, viento y lloviznas, nos han motivado [&#8230;]\n","protected":false},"featured_media":0,"template":"","meta":{"_trash_the_other_posts":false,"editor_notices":[]},"product_brand":[],"product_cat":[465],"product_tag":[504],"class_list":{"0":"post-5929","1":"product","2":"type-product","3":"status-publish","5":"product_cat-chalecos-spiuk","6":"product_tag-profit-cold-rain","8":"first","9":"instock","10":"featured","11":"taxable","12":"shipping-taxable","13":"product-type-variable"},"_links":{"self":[{"href":"https:\/\/bicycles4ever.com\/fr\/wp-json\/wp\/v2\/product\/5929","targetHints":{"allow":["GET"]}}],"collection":[{"href":"https:\/\/bicycles4ever.com\/fr\/wp-json\/wp\/v2\/product"}],"about":[{"href":"https:\/\/bicycles4ever.com\/fr\/wp-json\/wp\/v2\/types\/product"}],"wp:attachment":[{"href":"https:\/\/bicycles4ever.com\/fr\/wp-json\/wp\/v2\/media?parent=5929"}],"wp:term":[{"taxonomy":"product_brand","embeddable":true,"href":"https:\/\/bicycles4ever.com\/fr\/wp-json\/wp\/v2\/product_brand?post=5929"},{"taxonomy":"product_cat","embeddable":true,"href":"https:\/\/bicycles4ever.com\/fr\/wp-json\/wp\/v2\/product_cat?post=5929"},{"taxonomy":"product_tag","embeddable":true,"href":"https:\/\/bicycles4ever.com\/fr\/wp-json\/wp\/v2\/product_tag?post=5929"}],"curies":[{"name":"wp","href":"https:\/\/api.w.org\/{rel}","templated":true}]}}