{"id":5939,"date":"2021-11-10T23:37:51","date_gmt":"2021-11-10T23:37:51","guid":{"rendered":"https:\/\/bicycles4ever.intercambionaespanha.com\/?post_type=product&amp;p=5939"},"modified":"2021-11-10T23:37:51","modified_gmt":"2021-11-10T23:37:51","slug":"camiseta-interior-cold-rain-spiuk","status":"publish","type":"product","link":"https:\/\/bicycles4ever.com\/fr\/camiseta-interior-cold-rain-spiuk\/","title":{"rendered":"Camiseta Interior Cold &amp; Rain Spiuk"},"content":{"rendered":"<h2>Camiseta Interior Spiuk Profit Cold &amp; Rain<\/h2>\n<div class=\"value std\">\n<p>La <strong>Camiseta Interior de Ciclismo PROFIT<\/strong> est\u00e1 pensada para jornadas invernales de alta intensidad. Tambi\u00e9n es \u00fatil en \u00e9pocas de clima fr\u00edo e inestable. Utilizamos lana Merino de alta calidad: a\u00fan en las condiciones m\u00e1s duras, sigue aportando calor. As\u00ed que es un termorregulador excelente. Y se seca r\u00e1pidamente, de forma natural. Por lo que no tendr\u00e1s que esperar d\u00edas para volver a usarla.<\/p>\n<p>El fr\u00edo, la sensaci\u00f3n de humedad o una costura pueden limitar tu rendimiento. La <strong>Camiseta interior PROFIT Cold &amp; Rain<\/strong>\u00a0te permite concentrarte en tu objetivo.<\/p>\n<\/div>\n<h3 class=\"titleProduct\">Caracter\u00edsticas Camiseta Interior Profit Cold &amp; Rain Spiuk<\/h3>\n<div class=\"productLongDescription description\">\n<ul>\n<li>Camiseta interior de ciclismo con tejido de lana merino<\/li>\n<li>Dise\u00f1ada para \u00e9pocas de entretiempo, fr\u00edas e inestables<\/li>\n<li>Tejido con hilo de lana merino. Gran capacidad t\u00e9rmica, sigue aportando calor incluso mojada<\/li>\n<li>Propiedades antibacterianas naturales, adem\u00e1s absorbe y evacua r\u00e1pidamente el sudor<\/li>\n<li>Acabados en costura plana para un mayor confort<\/li>\n<\/ul>\n<nav aria-label=\"breadcrumbs\" class=\"rank-math-breadcrumb\"><p><span class=\"last\">Bicycles4ever<\/span><\/p><\/nav>\n<\/div>\n","protected":false},"excerpt":{"rendered":"<p>Camiseta Interior Spiuk Profit Cold &amp; Rain La Camiseta Interior de Ciclismo PROFIT est\u00e1 pensada para jornadas invernales de alta intensidad. Tambi\u00e9n es \u00fatil en \u00e9pocas de clima fr\u00edo e inestable. Utilizamos lana Merino de alta calidad: a\u00fan en las condiciones m\u00e1s duras, sigue aportando calor. As\u00ed que es un termorregulador excelente. Y se seca [&#8230;]\n","protected":false},"featured_media":0,"template":"","meta":{"_trash_the_other_posts":false,"editor_notices":[]},"product_brand":[],"product_cat":[547,468],"product_tag":[504],"class_list":{"0":"post-5939","1":"product","2":"type-product","3":"status-publish","5":"product_cat-camisetas-interiores-spiuk","6":"product_cat-complementos-spiuk","7":"product_tag-profit-cold-rain","9":"first","10":"instock","11":"taxable","12":"shipping-taxable","13":"product-type-variable"},"_links":{"self":[{"href":"https:\/\/bicycles4ever.com\/fr\/wp-json\/wp\/v2\/product\/5939","targetHints":{"allow":["GET"]}}],"collection":[{"href":"https:\/\/bicycles4ever.com\/fr\/wp-json\/wp\/v2\/product"}],"about":[{"href":"https:\/\/bicycles4ever.com\/fr\/wp-json\/wp\/v2\/types\/product"}],"wp:attachment":[{"href":"https:\/\/bicycles4ever.com\/fr\/wp-json\/wp\/v2\/media?parent=5939"}],"wp:term":[{"taxonomy":"product_brand","embeddable":true,"href":"https:\/\/bicycles4ever.com\/fr\/wp-json\/wp\/v2\/product_brand?post=5939"},{"taxonomy":"product_cat","embeddable":true,"href":"https:\/\/bicycles4ever.com\/fr\/wp-json\/wp\/v2\/product_cat?post=5939"},{"taxonomy":"product_tag","embeddable":true,"href":"https:\/\/bicycles4ever.com\/fr\/wp-json\/wp\/v2\/product_tag?post=5939"}],"curies":[{"name":"wp","href":"https:\/\/api.w.org\/{rel}","templated":true}]}}