{"id":5950,"date":"2021-11-12T09:14:08","date_gmt":"2021-11-12T09:14:08","guid":{"rendered":"https:\/\/bicycles4ever.intercambionaespanha.com\/?post_type=product&amp;p=5950"},"modified":"2021-11-12T09:14:08","modified_gmt":"2021-11-12T09:14:08","slug":"maillot-manga-larga-windproof-top-ten-spiuk","status":"publish","type":"product","link":"https:\/\/bicycles4ever.com\/fr\/maillot-manga-larga-windproof-top-ten-spiuk\/","title":{"rendered":"Maillot Manga Larga Windproof Top Ten Spiuk"},"content":{"rendered":"<h2>Maillot Manga Larga Windproof Spiuk Top Ten<\/h2>\n<p>El <strong>Maillot de Ciclismo Manga Larga <\/strong><strong>de invierno Top Ten Windproof<\/strong> es una prenda ligera para d\u00edas con menos fr\u00edo. Un seguro de vida, sobre todo si el viento hace bajar la temperatura.<\/p>\n<p>El <strong>Maillot Top Ten Windproof<\/strong> es una prenda de la que tirar\u00e1s habitualmente. Sobre todo en oto\u00f1o, invierno y primavera. La membrana M2V\u00ae del frontal protege de esas traicioneras rachas de viento fresco que minan tu rendimiento\u2026 y tu moral. Tambi\u00e9n funciona como capa intermedia. Aunque el tejido Sensodry Warm\u00ae con cardado interior es suficiente para rodar c\u00f3modo gran parte de los d\u00edas del a\u00f1o.<\/p>\n<h3 class=\"titleProduct\">Caracter\u00edsticas Maillot de Manga Larga Top Ten Spiuk<\/h3>\n<div class=\"productLongDescription description\">\n<ul>\n<li>Maillot de ciclismo apto para 3 estaciones con paravientos frontal<\/li>\n<li>Patr\u00f3n ce\u00f1ido de manga larga. Ideal tambi\u00e9n como capa intermedia<\/li>\n<li>Membrana M2V\u00ae frontal y tejidos Sensodry Warm\u00ae con cardado interior<\/li>\n<li>Cremallera con tirador antideslizante y 3 bolsillos traseros de f\u00e1cil acceso<\/li>\n<li>Elementos reflectantes de gran tama\u00f1o para una mejor visibilidad<\/li>\n<\/ul>\n<nav aria-label=\"breadcrumbs\" class=\"rank-math-breadcrumb\"><p><span class=\"last\">Bicycles4ever<\/span><\/p><\/nav>\n<\/div>\n","protected":false},"excerpt":{"rendered":"<p>Maillot Manga Larga Windproof Spiuk Top Ten El Maillot de Ciclismo Manga Larga de invierno Top Ten Windproof es una prenda ligera para d\u00edas con menos fr\u00edo. Un seguro de vida, sobre todo si el viento hace bajar la temperatura. El Maillot Top Ten Windproof es una prenda de la que tirar\u00e1s habitualmente. Sobre todo [&#8230;]\n","protected":false},"featured_media":0,"template":"","meta":{"_trash_the_other_posts":false,"editor_notices":[]},"product_brand":[],"product_cat":[553,492],"product_tag":[522],"class_list":{"0":"post-5950","1":"product","2":"type-product","3":"status-publish","5":"product_cat-maillots-manga-larga-spiuk","6":"product_cat-maillots-spiuk","7":"product_tag-top-ten-winter","9":"first","10":"instock","11":"taxable","12":"shipping-taxable","13":"product-type-variable"},"_links":{"self":[{"href":"https:\/\/bicycles4ever.com\/fr\/wp-json\/wp\/v2\/product\/5950","targetHints":{"allow":["GET"]}}],"collection":[{"href":"https:\/\/bicycles4ever.com\/fr\/wp-json\/wp\/v2\/product"}],"about":[{"href":"https:\/\/bicycles4ever.com\/fr\/wp-json\/wp\/v2\/types\/product"}],"wp:attachment":[{"href":"https:\/\/bicycles4ever.com\/fr\/wp-json\/wp\/v2\/media?parent=5950"}],"wp:term":[{"taxonomy":"product_brand","embeddable":true,"href":"https:\/\/bicycles4ever.com\/fr\/wp-json\/wp\/v2\/product_brand?post=5950"},{"taxonomy":"product_cat","embeddable":true,"href":"https:\/\/bicycles4ever.com\/fr\/wp-json\/wp\/v2\/product_cat?post=5950"},{"taxonomy":"product_tag","embeddable":true,"href":"https:\/\/bicycles4ever.com\/fr\/wp-json\/wp\/v2\/product_tag?post=5950"}],"curies":[{"name":"wp","href":"https:\/\/api.w.org\/{rel}","templated":true}]}}