{"id":5967,"date":"2021-11-12T09:33:58","date_gmt":"2021-11-12T09:33:58","guid":{"rendered":"https:\/\/bicycles4ever.intercambionaespanha.com\/?post_type=product&amp;p=5967"},"modified":"2021-11-12T09:33:58","modified_gmt":"2021-11-12T09:33:58","slug":"culotte-largo-top-ten-spiuk","status":"publish","type":"product","link":"https:\/\/bicycles4ever.com\/fr\/culotte-largo-top-ten-spiuk\/","title":{"rendered":"Culotte Largo Top Ten Spiuk"},"content":{"rendered":"<h2>Culotte Largo Spiuk Top Ten<\/h2>\n<p>El <strong>Culotte Largo Top Ten de invierno<\/strong>\u00a0te proteger\u00e1 de todas las inclemencias del fr\u00edo. Excepto de una terrible tormenta de nieve&#8230; aunque en ese caso ser\u00eda mejor hacer rodillo, \u00bfno crees?<\/p>\n<p>El <strong>Culotte Largo de Ciclismo Top Ten<\/strong> es tan c\u00e1lido como confortable. Algo obvio cuando has testado innumerables veces su patronaje. O empleas el tejido ErgodryWarm\u00ae con cardado interior, que adem\u00e1s es super el\u00e1stico. Para rematar, hemos \u201csellado\u201d la matr\u00edcula del pantal\u00f3n Top Ten con nuestra membrana M2V\u00ae. As\u00ed, las habituales salpicaduras no empapar\u00e1n esta zona.<\/p>\n<h3 class=\"titleProduct\">Caracter\u00edsticas Culotte Largo Top Ten Spiuk<\/h3>\n<div class=\"productLongDescription description\">\n<ul>\n<li>Pantal\u00f3n largo con tirantes de ciclismo que mejora la visibilidad<\/li>\n<li>Concebido tanto para carretera como monta\u00f1a en los meses m\u00e1s fr\u00edos<\/li>\n<li>Badana 450 optimizada para salidas de hasta 4,5 horas<\/li>\n<li>Tejidos biel\u00e1sticos Ergodry Warm\u00ae y matr\u00edcula con membrana M2V\u00ae para salpicaduras<\/li>\n<li>Incluye detalles fl\u00faor y elementos reflectantes de gran tama\u00f1o para una mejor visibilidad<\/li>\n<\/ul>\n<nav aria-label=\"breadcrumbs\" class=\"rank-math-breadcrumb\"><p><span class=\"last\">Bicycles4ever<\/span><\/p><\/nav>\n<\/div>\n","protected":false},"excerpt":{"rendered":"<p>Culotte Largo Spiuk Top Ten El Culotte Largo Top Ten de invierno\u00a0te proteger\u00e1 de todas las inclemencias del fr\u00edo. Excepto de una terrible tormenta de nieve&#8230; aunque en ese caso ser\u00eda mejor hacer rodillo, \u00bfno crees? El Culotte Largo de Ciclismo Top Ten es tan c\u00e1lido como confortable. Algo obvio cuando has testado innumerables veces [&#8230;]\n","protected":false},"featured_media":0,"template":"","meta":{"_trash_the_other_posts":false,"editor_notices":[]},"product_brand":[],"product_cat":[550,470],"product_tag":[522],"class_list":{"0":"post-5967","1":"product","2":"type-product","3":"status-publish","5":"product_cat-culottes-largos-spiuk","6":"product_cat-culottes-spiuk","7":"product_tag-top-ten-winter","9":"first","10":"instock","11":"taxable","12":"shipping-taxable","13":"product-type-variable"},"_links":{"self":[{"href":"https:\/\/bicycles4ever.com\/fr\/wp-json\/wp\/v2\/product\/5967","targetHints":{"allow":["GET"]}}],"collection":[{"href":"https:\/\/bicycles4ever.com\/fr\/wp-json\/wp\/v2\/product"}],"about":[{"href":"https:\/\/bicycles4ever.com\/fr\/wp-json\/wp\/v2\/types\/product"}],"wp:attachment":[{"href":"https:\/\/bicycles4ever.com\/fr\/wp-json\/wp\/v2\/media?parent=5967"}],"wp:term":[{"taxonomy":"product_brand","embeddable":true,"href":"https:\/\/bicycles4ever.com\/fr\/wp-json\/wp\/v2\/product_brand?post=5967"},{"taxonomy":"product_cat","embeddable":true,"href":"https:\/\/bicycles4ever.com\/fr\/wp-json\/wp\/v2\/product_cat?post=5967"},{"taxonomy":"product_tag","embeddable":true,"href":"https:\/\/bicycles4ever.com\/fr\/wp-json\/wp\/v2\/product_tag?post=5967"}],"curies":[{"name":"wp","href":"https:\/\/api.w.org\/{rel}","templated":true}]}}