{"id":5976,"date":"2021-11-12T10:29:58","date_gmt":"2021-11-12T10:29:58","guid":{"rendered":"https:\/\/bicycles4ever.intercambionaespanha.com\/?post_type=product&amp;p=5976"},"modified":"2021-11-12T10:29:58","modified_gmt":"2021-11-12T10:29:58","slug":"chaqueta-membrana-top-ten-spiuk","status":"publish","type":"product","link":"https:\/\/bicycles4ever.com\/fr\/chaqueta-membrana-top-ten-spiuk\/","title":{"rendered":"Chaqueta Membrana Top Ten Spiuk"},"content":{"rendered":"<h2>Chaqueta Membrana Spiuk Top Ten<\/h2>\n<p>La gama Top Ten de Spiuk se caracteriza por hacer especialmente bien lo b\u00e1sico. La <strong>Chaqueta Membrana de Ciclismo Top Ten<\/strong> es una soluci\u00f3n muy vers\u00e1til para los meses de oto\u00f1o, invierno y primavera.<\/p>\n<p>Gracias a su membrana M2V\u00ae, la <strong>Chaqueta Membrana Top Ten<\/strong> mantiene a raya el viento y la lluvia. Proporciona calidez y protecci\u00f3n donde las necesitas. Y transpirabilidad y ventilaci\u00f3n para prevenir el sobrecalentamiento en las subidas y grandes esfuerzos. Preoc\u00fapate solo de decidir en cu\u00e1l de sus 4 bolsillos asim\u00e9tricos llevar\u00e1s el m\u00f3vil, llaves o la pieza de fruta.<\/p>\n<h3 class=\"titleProduct\">Caracter\u00edsticas Chaqueta Membrana Top Ten Spiuk<\/h3>\n<div class=\"productLongDescription description\">\n<ul>\n<li>Chaqueta paravientos de ciclismo fabricada con nuestra membrana interior transpirable M2V.<\/li>\n<li>De patronaje ce\u00f1ido su gran elasticidad y ligereza proporcionan una excelente adaptabilidad de la prenda y libertad de movimientos.<\/li>\n<li>La capa externa muy resistente y el\u00e1stica ofrece una primera barrera contra agua y lluvias poco intensas gracias a su tratamiento hidro-repelente.<\/li>\n<li>La capa interna el\u00e1stica y con un ligero perchado asegura una excelente evacuaci\u00f3n de la humedad y control de la temperatura.<\/li>\n<li>Cuatro bolsillos exteriores con elementos reflectantes y decoraci\u00f3n duradera mediante sublimaci\u00f3n.<\/li>\n<\/ul>\n<nav aria-label=\"breadcrumbs\" class=\"rank-math-breadcrumb\"><p><span class=\"last\">Bicycles4ever<\/span><\/p><\/nav>\n<\/div>\n","protected":false},"excerpt":{"rendered":"<p>Chaqueta Membrana Spiuk Top Ten La gama Top Ten de Spiuk se caracteriza por hacer especialmente bien lo b\u00e1sico. La Chaqueta Membrana de Ciclismo Top Ten es una soluci\u00f3n muy vers\u00e1til para los meses de oto\u00f1o, invierno y primavera. Gracias a su membrana M2V\u00ae, la Chaqueta Membrana Top Ten mantiene a raya el viento y [&#8230;]\n","protected":false},"featured_media":0,"template":"","meta":{"_trash_the_other_posts":false,"editor_notices":[]},"product_brand":[],"product_cat":[466],"product_tag":[522],"class_list":{"0":"post-5976","1":"product","2":"type-product","3":"status-publish","5":"product_cat-chaquetas-spiuk","6":"product_tag-top-ten-winter","8":"first","9":"instock","10":"taxable","11":"shipping-taxable","12":"product-type-variable"},"_links":{"self":[{"href":"https:\/\/bicycles4ever.com\/fr\/wp-json\/wp\/v2\/product\/5976","targetHints":{"allow":["GET"]}}],"collection":[{"href":"https:\/\/bicycles4ever.com\/fr\/wp-json\/wp\/v2\/product"}],"about":[{"href":"https:\/\/bicycles4ever.com\/fr\/wp-json\/wp\/v2\/types\/product"}],"wp:attachment":[{"href":"https:\/\/bicycles4ever.com\/fr\/wp-json\/wp\/v2\/media?parent=5976"}],"wp:term":[{"taxonomy":"product_brand","embeddable":true,"href":"https:\/\/bicycles4ever.com\/fr\/wp-json\/wp\/v2\/product_brand?post=5976"},{"taxonomy":"product_cat","embeddable":true,"href":"https:\/\/bicycles4ever.com\/fr\/wp-json\/wp\/v2\/product_cat?post=5976"},{"taxonomy":"product_tag","embeddable":true,"href":"https:\/\/bicycles4ever.com\/fr\/wp-json\/wp\/v2\/product_tag?post=5976"}],"curies":[{"name":"wp","href":"https:\/\/api.w.org\/{rel}","templated":true}]}}