{"id":5984,"date":"2021-11-12T10:45:51","date_gmt":"2021-11-12T10:45:51","guid":{"rendered":"https:\/\/bicycles4ever.intercambionaespanha.com\/?post_type=product&amp;p=5984"},"modified":"2021-11-12T10:45:51","modified_gmt":"2021-11-12T10:45:51","slug":"chaleco-top-ten-spiuk","status":"publish","type":"product","link":"https:\/\/bicycles4ever.com\/fr\/chaleco-top-ten-spiuk\/","title":{"rendered":"Chaleco Top Ten Spiuk"},"content":{"rendered":"<h2>Chaleco Spiuk Top Ten<\/h2>\n<p>El <strong>Chaleco de Ciclismo Top Ten<\/strong> con membrana windproof M2V\u00ae ser\u00e1 tu salvaci\u00f3n cuando el viento haga acto de presencia. Es posible que no sople a favor, pero seguro que no lo hace en tu contra.<\/p>\n<p>El <strong>Chaleco Top Ten<\/strong> incorpora adem\u00e1s nanopart\u00edculas de bamb\u00fa. El bamb\u00fa se utiliza desde hace siglos en la construcci\u00f3n sostenible, por ser un material t\u00e9rmico y aislante. Nosotros lo empleamos en los paneles laterales para retener de forma eficaz el calor generado por tu cuerpo. De hecho, ante un calor excesivo, este es liberado lentamente. Termorregulaci\u00f3n efectiva.<\/p>\n<h3 class=\"titleProduct\">Caracter\u00edsticas Chaleco Top Ten Spiuk<\/h3>\n<div class=\"productLongDescription description\">\n<ul>\n<li>Chaleco ligero apto para 3 estaciones. Patr\u00f3n ce\u00f1ido. Compatible con el <a href=\"https:\/\/bicycles4ever.intercambionaespanha.com\/maillot-manga-larga-top-ten-spiuk\/\" target=\"_blank\" rel=\"noopener nofollow\"><strong>Maillot Manga Larga Top Ten Spiuk<\/strong><\/a>.<\/li>\n<li>Construido con membrana M2V\u00ae en su versi\u00f3n m\u00e1s ligera, tanto en el frontal como en la trasera. Bloquea el viento a la vez que permite la transpiraci\u00f3n.<\/li>\n<li>Laterales de tejido SensodryWarm\u00ae el\u00e1stico.<\/li>\n<li>Cremallera frontal doble de apertura completa con tirador inyectado antideslizante. 3 bolsillos traseros de f\u00e1cil acceso.<\/li>\n<li>Incluye detalles fl\u00faor y elementos reflectantes para una visibilidad de 360\u00ba<\/li>\n<\/ul>\n<nav aria-label=\"breadcrumbs\" class=\"rank-math-breadcrumb\"><p><span class=\"last\">Bicycles4ever<\/span><\/p><\/nav>\n<\/div>\n","protected":false},"excerpt":{"rendered":"<p>Chaleco Spiuk Top Ten El Chaleco de Ciclismo Top Ten con membrana windproof M2V\u00ae ser\u00e1 tu salvaci\u00f3n cuando el viento haga acto de presencia. Es posible que no sople a favor, pero seguro que no lo hace en tu contra. El Chaleco Top Ten incorpora adem\u00e1s nanopart\u00edculas de bamb\u00fa. El bamb\u00fa se utiliza desde hace [&#8230;]\n","protected":false},"featured_media":0,"template":"","meta":{"_trash_the_other_posts":false,"editor_notices":[]},"product_brand":[],"product_cat":[465],"product_tag":[522],"class_list":{"0":"post-5984","1":"product","2":"type-product","3":"status-publish","5":"product_cat-chalecos-spiuk","6":"product_tag-top-ten-winter","8":"first","9":"instock","10":"taxable","11":"shipping-taxable","12":"product-type-variable"},"_links":{"self":[{"href":"https:\/\/bicycles4ever.com\/fr\/wp-json\/wp\/v2\/product\/5984","targetHints":{"allow":["GET"]}}],"collection":[{"href":"https:\/\/bicycles4ever.com\/fr\/wp-json\/wp\/v2\/product"}],"about":[{"href":"https:\/\/bicycles4ever.com\/fr\/wp-json\/wp\/v2\/types\/product"}],"wp:attachment":[{"href":"https:\/\/bicycles4ever.com\/fr\/wp-json\/wp\/v2\/media?parent=5984"}],"wp:term":[{"taxonomy":"product_brand","embeddable":true,"href":"https:\/\/bicycles4ever.com\/fr\/wp-json\/wp\/v2\/product_brand?post=5984"},{"taxonomy":"product_cat","embeddable":true,"href":"https:\/\/bicycles4ever.com\/fr\/wp-json\/wp\/v2\/product_cat?post=5984"},{"taxonomy":"product_tag","embeddable":true,"href":"https:\/\/bicycles4ever.com\/fr\/wp-json\/wp\/v2\/product_tag?post=5984"}],"curies":[{"name":"wp","href":"https:\/\/api.w.org\/{rel}","templated":true}]}}